{"id":24913,"date":"2024-06-07T07:27:16","date_gmt":"2024-06-07T07:27:16","guid":{"rendered":"https:\/\/www.medienlb.com\/?post_type=product&#038;p=24913"},"modified":"2025-01-31T12:14:29","modified_gmt":"2025-01-31T12:14:29","slug":"lerneinheit-deutsch-5-2","status":"publish","type":"product","link":"https:\/\/www.medienlb.com\/en\/produkt\/lerneinheit-deutsch-5-2\/","title":{"rendered":"Lerneinheit Deutsch 5"},"content":{"rendered":"<p>In zehn interaktiven Aufgaben werden Regeln f\u00fcr schwierige Rechtschreibf\u00e4lle vorgestellt und einge\u00fcbt.<\/p>\n<p>In zehn interaktiven Aufgaben wird die Wortart Verb und deren Funktion im Satz erl\u00e4utert und in \u00dcbungen das Wissen dazu vertieft.<\/p>\n","protected":false},"excerpt":{"rendered":"<p>In zehn interaktiven Aufgaben wird die Wortart Verb und deren Funktion im Satz erl\u00e4utert und in \u00dcbungen das Wissen dazu vertieft.<\/p>\n","protected":false},"featured_media":24916,"template":"","meta":{"_acf_changed":false},"product_brand":[],"product_cat":[180],"product_tag":[119,125],"class_list":{"0":"post-24913","1":"product","2":"type-product","3":"status-publish","4":"has-post-thumbnail","6":"product_cat-interaktive-lerneinheit","7":"product_tag-subject-deutsch","8":"product_tag-target-sek-i","10":"first","11":"instock","12":"taxable","13":"shipping-taxable","14":"purchasable","15":"product-type-variable"},"acf":{"subtitle":"Das Verb im Satz","article_id":"55506699","languages":"DE","thumb_up":true,"cover_image":29561,"linked_product":[24882,27036],"linked_products":null,"banner":{"show":false,"text":"","color":""},"length":"","content_movie":"","learning_goals":"","preview_gif":"","trailer":{"file":"","url":"","image":""},"mediathek_id":"","amount":10,"demo_url":"https:\/\/www.interaktive-arbeitshefte.de\/de\/h5p\/34134\/embed","h5p_demo_id":"","content_interactive":"Das Verb im Satz - Wissensbox\r\nWelche W\u00f6rter sind Verben? - Zuordnungsaufgabe\r\nFinde die Verben - Interaktive Aufgabe\r\nDie Verbstellung - Interaktive Aufgabe\r\nVerbstellung und Satzart - Interaktive Aufgabe\r\nVerben konjugieren - Interaktive Aufgabe\r\nVerben im Pr\u00e4sens - Interaktive Aufgabe\r\nNominalisieren von Verben - Interaktive Aufgabe\r\nWie ist die Verbstellung? - Interaktive Aufgabe\r\nVerben-\u00dcbung - Interaktive Aufgaben","hide_numbers":false,"flyer":"","info_columns":null},"_links":{"self":[{"href":"https:\/\/www.medienlb.com\/en\/wp-json\/wp\/v2\/product\/24913","targetHints":{"allow":["GET"]}}],"collection":[{"href":"https:\/\/www.medienlb.com\/en\/wp-json\/wp\/v2\/product"}],"about":[{"href":"https:\/\/www.medienlb.com\/en\/wp-json\/wp\/v2\/types\/product"}],"acf:post":[{"embeddable":true,"href":"https:\/\/www.medienlb.com\/en\/wp-json\/wp\/v2\/product\/27036"},{"embeddable":true,"href":"https:\/\/www.medienlb.com\/en\/wp-json\/wp\/v2\/product\/24882"}],"wp:featuredmedia":[{"embeddable":true,"href":"https:\/\/www.medienlb.com\/en\/wp-json\/wp\/v2\/media\/24916"}],"wp:attachment":[{"href":"https:\/\/www.medienlb.com\/en\/wp-json\/wp\/v2\/media?parent=24913"}],"wp:term":[{"taxonomy":"product_brand","embeddable":true,"href":"https:\/\/www.medienlb.com\/en\/wp-json\/wp\/v2\/product_brand?post=24913"},{"taxonomy":"product_cat","embeddable":true,"href":"https:\/\/www.medienlb.com\/en\/wp-json\/wp\/v2\/product_cat?post=24913"},{"taxonomy":"product_tag","embeddable":true,"href":"https:\/\/www.medienlb.com\/en\/wp-json\/wp\/v2\/product_tag?post=24913"}],"curies":[{"name":"wp","href":"https:\/\/api.w.org\/{rel}","templated":true}]}}