{"id":24882,"date":"2024-06-05T11:29:53","date_gmt":"2024-06-05T11:29:53","guid":{"rendered":"https:\/\/www.medienlb.com\/?post_type=product&#038;p=24882"},"modified":"2025-01-31T12:14:36","modified_gmt":"2025-01-31T12:14:36","slug":"lerneinheit-deutsch-5","status":"publish","type":"product","link":"https:\/\/www.medienlb.com\/en\/produkt\/lerneinheit-deutsch-5\/","title":{"rendered":"Lerneinheit Deutsch 5"},"content":{"rendered":"<p>In zehn interaktiven Aufgaben werden Regeln f\u00fcr schwierige Rechtschreibf\u00e4lle vorgestellt und einge\u00fcbt.<\/p>\n<p>Das Medium bietet H5P-Aufgaben an, die ohne zus\u00e4tzliche Software verwendbar sind.<br \/>\nDurch interaktive Aufgabentypen wird das audiovisuelle und interaktive Lernen einfach.<br \/>\nLernen macht jetzt Spa\u00df!<\/p>\n","protected":false},"excerpt":{"rendered":"<p>In zehn interaktiven Aufgaben werden Regeln f\u00fcr schwierige Rechtschreibf\u00e4lle vorgestellt und einge\u00fcbt.<\/p>\n","protected":false},"featured_media":24885,"template":"","meta":{"_acf_changed":false},"product_brand":[],"product_cat":[180],"product_tag":[119,125],"class_list":{"0":"post-24882","1":"product","2":"type-product","3":"status-publish","4":"has-post-thumbnail","6":"product_cat-interaktive-lerneinheit","7":"product_tag-subject-deutsch","8":"product_tag-target-sek-i","10":"first","11":"instock","12":"taxable","13":"shipping-taxable","14":"purchasable","15":"product-type-variable"},"acf":{"subtitle":"Rechtschreibung","article_id":"55506698","languages":"DE","thumb_up":true,"cover_image":29563,"linked_product":24913,"linked_products":null,"banner":{"show":false,"text":"","color":""},"length":"","content_movie":"","learning_goals":"","preview_gif":"","trailer":{"file":"","url":"","image":""},"mediathek_id":"","amount":10,"demo_url":"https:\/\/www.interaktive-arbeitshefte.de\/de\/h5p\/34116\/embed","h5p_demo_id":"","content_interactive":"Rechtschreibung - Wissensbox\r\nAuslautverh\u00e4rtung - Interaktive Aufgabe\r\nDas oder dass? - Zuordnungsaufgabe\r\nGro\u00df- und Kleinschreibung - Interaktive Aufgabe\r\nEinfache oder doppelte Konsonanten? - Interaktive Aufgabe\r\nKurzer oder langer Vokal? - Zuordnungsaufgabe\r\nStimmloses oder stimmhaftes s? - Zuordnungsaufgabe\r\nWann schreibe ich \u00df? - Interaktive Aufgaben\r\nVokale und Konsonanten - Interaktive Aufgabe\r\ndt oder th? - Interaktive Aufgabe","hide_numbers":false,"flyer":"","info_columns":null},"_links":{"self":[{"href":"https:\/\/www.medienlb.com\/en\/wp-json\/wp\/v2\/product\/24882","targetHints":{"allow":["GET"]}}],"collection":[{"href":"https:\/\/www.medienlb.com\/en\/wp-json\/wp\/v2\/product"}],"about":[{"href":"https:\/\/www.medienlb.com\/en\/wp-json\/wp\/v2\/types\/product"}],"acf:post":[{"embeddable":true,"href":"https:\/\/www.medienlb.com\/en\/wp-json\/wp\/v2\/product\/24913"}],"wp:featuredmedia":[{"embeddable":true,"href":"https:\/\/www.medienlb.com\/en\/wp-json\/wp\/v2\/media\/24885"}],"wp:attachment":[{"href":"https:\/\/www.medienlb.com\/en\/wp-json\/wp\/v2\/media?parent=24882"}],"wp:term":[{"taxonomy":"product_brand","embeddable":true,"href":"https:\/\/www.medienlb.com\/en\/wp-json\/wp\/v2\/product_brand?post=24882"},{"taxonomy":"product_cat","embeddable":true,"href":"https:\/\/www.medienlb.com\/en\/wp-json\/wp\/v2\/product_cat?post=24882"},{"taxonomy":"product_tag","embeddable":true,"href":"https:\/\/www.medienlb.com\/en\/wp-json\/wp\/v2\/product_tag?post=24882"}],"curies":[{"name":"wp","href":"https:\/\/api.w.org\/{rel}","templated":true}]}}