{"id":24854,"date":"2024-06-04T12:20:42","date_gmt":"2024-06-04T12:20:42","guid":{"rendered":"https:\/\/www.medienlb.com\/?post_type=product&#038;p=24854"},"modified":"2025-02-07T13:44:30","modified_gmt":"2025-02-07T13:44:30","slug":"konstruieren-im-unterricht","status":"publish","type":"product","link":"https:\/\/www.medienlb.com\/en\/produkt\/konstruieren-im-unterricht\/","title":{"rendered":"Konstruieren im Unterricht"},"content":{"rendered":"<p>Mit den Baus\u00e4tzen von Infento lassen sich lebensgro\u00dfe Fahrzeuge konstruieren. F\u00fcr den Unterricht eignen sich die Baus\u00e4tze zum Einen, weil sie in einer sehr durchdachten Verpackung geliefert werden, zum Anderen, weil die robusten Materialien (gefr\u00e4stes Aluminium) vielfach auseinandergebaut und neu zusammengesetzt werden k\u00f6nnen.<br \/>\nDer Film zeigt anhand des Pro Kits die vielf\u00e4ltigen Verwendungsm\u00f6glichkeiten im Unterricht. Erg\u00e4nzendes Material bietet Lehrkr\u00e4ften vielf\u00e4ltige Inspirationen.<\/p>\n<hr \/>\n<p>Hier der Link zu den Infento-Baus\u00e4tzen: <a href=\"https:\/\/www.medienlb.com\/produkt\/infento\/\" target=\"_blank\" rel=\"noopener\"><img loading=\"lazy\" decoding=\"async\" class=\"alignnone wp-image-25339\" src=\"https:\/\/www.medienlb.com\/wp-content\/uploads\/2024\/06\/2024-07-11-20_50_45-Infento-Amsterdam-\u2013-MedienLB-\u2013-Mozilla-Firefox-300x176.png\" alt=\"\" width=\"177\" height=\"104\" srcset=\"https:\/\/www.medienlb.com\/wp-content\/uploads\/2024\/06\/2024-07-11-20_50_45-Infento-Amsterdam-\u2013-MedienLB-\u2013-Mozilla-Firefox-300x176.png 300w, https:\/\/www.medienlb.com\/wp-content\/uploads\/2024\/06\/2024-07-11-20_50_45-Infento-Amsterdam-\u2013-MedienLB-\u2013-Mozilla-Firefox.png 530w\" sizes=\"auto, (max-width: 177px) 100vw, 177px\" \/><\/a><\/p>\n","protected":false},"excerpt":{"rendered":"<p>Mit den Baus\u00e4tzen von Infento lassen sich lebensgro\u00dfe Fahrzeuge konstruieren.<\/p>\n","protected":false},"featured_media":24865,"template":"","meta":{"_acf_changed":false},"product_brand":[],"product_cat":[70],"product_tag":[121,105,143,125],"class_list":{"0":"post-24854","1":"product","2":"type-product","3":"status-publish","4":"has-post-thumbnail","6":"product_cat-film","7":"product_tag-subject-lehrerfortbildung","8":"product_tag-subject-technik","9":"product_tag-target-lehrkraefte","10":"product_tag-target-sek-i","11":"product_shipping_class-dvd-versand","13":"first","14":"instock","15":"taxable","16":"shipping-taxable","17":"purchasable","18":"product-type-variable"},"acf":{"subtitle":"Die Baus\u00e4tze von Infento","article_id":"46505421 \/ 55506294","languages":"DE","thumb_up":false,"cover_image":27713,"linked_product":18884,"linked_products":null,"banner":{"show":true,"text":"","color":""},"length":"23:17 min","content_movie":"Gesamtes Begleitmaterial: 59 Seiten\r\nErg\u00e4nzendes Material: 20 Seiten","learning_goals":"","preview_gif":24860,"trailer":{"file":24862,"url":"","image":24864},"mediathek_id":832,"amount":"","demo_url":"","h5p_demo_id":"","content_interactive":"","hide_numbers":false,"flyer":"","info_columns":null},"_links":{"self":[{"href":"https:\/\/www.medienlb.com\/en\/wp-json\/wp\/v2\/product\/24854","targetHints":{"allow":["GET"]}}],"collection":[{"href":"https:\/\/www.medienlb.com\/en\/wp-json\/wp\/v2\/product"}],"about":[{"href":"https:\/\/www.medienlb.com\/en\/wp-json\/wp\/v2\/types\/product"}],"acf:post":[{"embeddable":true,"href":"https:\/\/www.medienlb.com\/en\/wp-json\/wp\/v2\/product\/18884"}],"wp:featuredmedia":[{"embeddable":true,"href":"https:\/\/www.medienlb.com\/en\/wp-json\/wp\/v2\/media\/24865"}],"wp:attachment":[{"href":"https:\/\/www.medienlb.com\/en\/wp-json\/wp\/v2\/media?parent=24854"}],"wp:term":[{"taxonomy":"product_brand","embeddable":true,"href":"https:\/\/www.medienlb.com\/en\/wp-json\/wp\/v2\/product_brand?post=24854"},{"taxonomy":"product_cat","embeddable":true,"href":"https:\/\/www.medienlb.com\/en\/wp-json\/wp\/v2\/product_cat?post=24854"},{"taxonomy":"product_tag","embeddable":true,"href":"https:\/\/www.medienlb.com\/en\/wp-json\/wp\/v2\/product_tag?post=24854"}],"curies":[{"name":"wp","href":"https:\/\/api.w.org\/{rel}","templated":true}]}}