{"id":24822,"date":"2024-06-04T08:26:58","date_gmt":"2024-06-04T08:26:58","guid":{"rendered":"https:\/\/www.medienlb.com\/?post_type=product&#038;p=24822"},"modified":"2025-02-07T13:44:35","modified_gmt":"2025-02-07T13:44:35","slug":"rotkaeppchen","status":"publish","type":"product","link":"https:\/\/www.medienlb.com\/en\/produkt\/rotkaeppchen\/","title":{"rendered":"Rotk\u00e4ppchen"},"content":{"rendered":"<p>\u201eRotk\u00e4ppchen\u201c ist ein M\u00e4rchen aus der Sammlung der Br\u00fcder Grimm.<\/p>\n<p>Szenisch umgesetzt, erz\u00e4hlt der Film die Geschichten von dem M\u00e4dchen mit der roten Kappe aus Samt, das von seiner Mutter mit Gaben zur im Wald lebenden kranken Gro\u00dfmutter geschickt wird. Nach der Begegnung mit dem Wolf, l\u00e4uft dieser zu Gro\u00dfmutters Haus und frisst diese mit einem Happs. Bei der Ankunft Rotk\u00e4ppchens \u00fcberlistet er das M\u00e4dchen und verschluckt auch dieses. Gerettet werden sie von einem J\u00e4ger.<\/p>\n<p>Neben der liebevollen Gestaltung zeigt der Film den m\u00e4rchentypischen Sieg von Gut \u00fcber B\u00f6se und hebt den moralischen Finger bez\u00fcglich Gehorsam und Obacht.<\/p>\n<p>&nbsp;<\/p>\n<p>Interaktive Aufgaben, Testfragen und Glossar wurden mit H5P erstellt und k\u00f6nnen ohne weitere Software verwendet werden.<\/p>\n","protected":false},"excerpt":{"rendered":"<p>\u201eRotk\u00e4ppchen\u201c ist ein M\u00e4rchen aus der Sammlung der Br\u00fcder Grimm.<\/p>\n","protected":false},"featured_media":24847,"template":"","meta":{"_acf_changed":false},"product_brand":[],"product_cat":[70],"product_tag":[97,129],"class_list":{"0":"post-24822","1":"product","2":"type-product","3":"status-publish","4":"has-post-thumbnail","6":"product_cat-film","7":"product_tag-subject-grundschule","8":"product_tag-target-gru","9":"product_shipping_class-dvd-versand","11":"first","12":"instock","13":"taxable","14":"shipping-taxable","15":"purchasable","16":"product-type-variable"},"acf":{"subtitle":"Ein M\u00e4rchen der Gebr\u00fcder Grimm","article_id":"46505321 \/ 55505935","languages":"DE","thumb_up":false,"cover_image":27715,"linked_product":11536,"linked_products":null,"banner":{"show":true,"text":"","color":""},"length":"11:31 min","content_movie":"Gesamtes Begleitmaterial: 62 Seiten\r\nArbeitsbl\u00e4tter: 20 Seiten\r\nTestaufgaben: 20\r\nInteraktive Aufgaben: 10","learning_goals":"<ol>\r\n \t<li>Die Lernenden kennen das M\u00e4rchen vom Rotk\u00e4ppchen.<\/li>\r\n \t<li>Die Lernenden reflektieren die Aussage des M\u00e4rchens.<\/li>\r\n \t<li>Die Lernenden k\u00f6nnen sich in die Rollen hineinversetzen, nachspielen und gestalten.<\/li>\r\n<\/ol>","preview_gif":24830,"trailer":{"file":24832,"url":"","image":24828},"mediathek_id":833,"amount":"","demo_url":"","h5p_demo_id":"","content_interactive":"","hide_numbers":false,"flyer":"","info_columns":null},"_links":{"self":[{"href":"https:\/\/www.medienlb.com\/en\/wp-json\/wp\/v2\/product\/24822","targetHints":{"allow":["GET"]}}],"collection":[{"href":"https:\/\/www.medienlb.com\/en\/wp-json\/wp\/v2\/product"}],"about":[{"href":"https:\/\/www.medienlb.com\/en\/wp-json\/wp\/v2\/types\/product"}],"acf:post":[{"embeddable":true,"href":"https:\/\/www.medienlb.com\/en\/wp-json\/wp\/v2\/product\/11536"}],"wp:featuredmedia":[{"embeddable":true,"href":"https:\/\/www.medienlb.com\/en\/wp-json\/wp\/v2\/media\/24847"}],"wp:attachment":[{"href":"https:\/\/www.medienlb.com\/en\/wp-json\/wp\/v2\/media?parent=24822"}],"wp:term":[{"taxonomy":"product_brand","embeddable":true,"href":"https:\/\/www.medienlb.com\/en\/wp-json\/wp\/v2\/product_brand?post=24822"},{"taxonomy":"product_cat","embeddable":true,"href":"https:\/\/www.medienlb.com\/en\/wp-json\/wp\/v2\/product_cat?post=24822"},{"taxonomy":"product_tag","embeddable":true,"href":"https:\/\/www.medienlb.com\/en\/wp-json\/wp\/v2\/product_tag?post=24822"}],"curies":[{"name":"wp","href":"https:\/\/api.w.org\/{rel}","templated":true}]}}