{"id":24679,"date":"2024-05-22T07:18:04","date_gmt":"2024-05-22T07:18:04","guid":{"rendered":"https:\/\/www.medienlb.com\/?post_type=product&#038;p=24679"},"modified":"2025-01-31T12:14:41","modified_gmt":"2025-01-31T12:14:41","slug":"lerneinheit-mathematik-5-6-2","status":"publish","type":"product","link":"https:\/\/www.medienlb.com\/en\/produkt\/lerneinheit-mathematik-5-6-2\/","title":{"rendered":"Lerneinheit Mathematik 5\/6"},"content":{"rendered":"<p>In zehn interaktiven Aufgaben l\u00f6sen die Sch\u00fclerinnen und Sch\u00fcler logische R\u00e4tsel. Die Aufgaben eignen sich zur Auflockerung des Mathematik-, aber auch des Deutschunterrichts.<\/p>\n","protected":false},"excerpt":{"rendered":"<p>In zehn interaktiven Aufgaben l\u00f6sen die Sch\u00fclerinnen und Sch\u00fcler logische R\u00e4tsel. Die Aufgaben eignen sich zur Auflockerung des Mathematik- aber auch des Deutschunterrichts<\/p>\n","protected":false},"featured_media":24682,"template":"","meta":{"_acf_changed":false},"product_brand":[],"product_cat":[180],"product_tag":[99,125],"class_list":{"0":"post-24679","1":"product","2":"type-product","3":"status-publish","4":"has-post-thumbnail","6":"product_cat-interaktive-lerneinheit","7":"product_tag-subject-mathematik","8":"product_tag-target-sek-i","10":"first","11":"instock","12":"taxable","13":"shipping-taxable","14":"purchasable","15":"product-type-variable"},"acf":{"subtitle":"Logikknobeleien, Vol. 2","article_id":"55507005","languages":"DE","thumb_up":false,"cover_image":29565,"linked_product":16798,"linked_products":null,"banner":{"show":false,"text":"","color":""},"length":"","content_movie":"","learning_goals":"","preview_gif":"","trailer":{"file":"","url":"","image":""},"mediathek_id":"","amount":10,"demo_url":"https:\/\/www.interaktive-arbeitshefte.de\/de\/h5p\/33976\/embed","h5p_demo_id":"","content_interactive":"Ostereier\r\nBonbons\r\nKunst\r\nGeld\r\nZauberschule\r\nInsekten\r\nFarben\r\nAusflug\r\nEinkauf\r\nSchulweg","hide_numbers":false,"flyer":"","info_columns":null},"_links":{"self":[{"href":"https:\/\/www.medienlb.com\/en\/wp-json\/wp\/v2\/product\/24679","targetHints":{"allow":["GET"]}}],"collection":[{"href":"https:\/\/www.medienlb.com\/en\/wp-json\/wp\/v2\/product"}],"about":[{"href":"https:\/\/www.medienlb.com\/en\/wp-json\/wp\/v2\/types\/product"}],"acf:post":[{"embeddable":true,"href":"https:\/\/www.medienlb.com\/en\/wp-json\/wp\/v2\/product\/16798"}],"wp:featuredmedia":[{"embeddable":true,"href":"https:\/\/www.medienlb.com\/en\/wp-json\/wp\/v2\/media\/24682"}],"wp:attachment":[{"href":"https:\/\/www.medienlb.com\/en\/wp-json\/wp\/v2\/media?parent=24679"}],"wp:term":[{"taxonomy":"product_brand","embeddable":true,"href":"https:\/\/www.medienlb.com\/en\/wp-json\/wp\/v2\/product_brand?post=24679"},{"taxonomy":"product_cat","embeddable":true,"href":"https:\/\/www.medienlb.com\/en\/wp-json\/wp\/v2\/product_cat?post=24679"},{"taxonomy":"product_tag","embeddable":true,"href":"https:\/\/www.medienlb.com\/en\/wp-json\/wp\/v2\/product_tag?post=24679"}],"curies":[{"name":"wp","href":"https:\/\/api.w.org\/{rel}","templated":true}]}}