{"id":24669,"date":"2024-05-21T13:11:40","date_gmt":"2024-05-21T13:11:40","guid":{"rendered":"https:\/\/www.medienlb.com\/?post_type=product&#038;p=24669"},"modified":"2025-07-10T13:16:01","modified_gmt":"2025-07-10T13:16:01","slug":"oekosystemmanagement","status":"publish","type":"product","link":"https:\/\/www.medienlb.com\/en\/produkt\/oekosystemmanagement\/","title":{"rendered":"\u00d6kosystemmanagement"},"content":{"rendered":"<p>\u00d6kosystemmanagement bezeichnet ein wissenschaftliches Konzept zu einem ganzheitlichen Umweltverst\u00e4ndnis und einem nachhaltigen Umgang mit vorhandenen Ressourcen.<\/p>\n<p>Der Film beschreibt die Notwendigkeit, \u00d6kosysteme auf ihre Funktionstauglichkeit zu pr\u00fcfen, nach L\u00f6sungen zu suchen und auf effiziente Weise zu erhalten bzw. zu verbessern. Ein Beispiel ist die gr\u00fcne Infrastruktur in urbanen und l\u00e4ndlichen Gebieten.<\/p>\n<p>Definiert wird der destruktive Einfluss des Menschen und die daraus folgenden Gefahren. Eindr\u00fccklich geschildert wird diese Situation anhand des Reisanbaus im Mekongdelta, Vietnam.<\/p>\n<p>&nbsp;<\/p>\n<p>Interaktive Aufgaben, Testfragen und Glossar wurden mit H5P erstellt und k\u00f6nnen ohne weitere Software verwendet werden. <img loading=\"lazy\" decoding=\"async\" class=\"alignleft\" src=\"https:\/\/www.medienlb.com\/wp-content\/uploads\/2025\/07\/Comenius-award-logo-1-1.png\" alt=\"Comenius Logo\" width=\"142\" height=\"142\" \/><\/p>\n","protected":false},"excerpt":{"rendered":"<p>\u00d6kosystemmanagement bezeichnet ein wissenschaftliches Konzept zu einem ganzheitlichen Umweltverst\u00e4ndnis und einem nachhaltigen Umgang mit vorhandenen Ressourcen.<\/p>\n","protected":false},"featured_media":24676,"template":"","meta":{"_acf_changed":false},"product_brand":[],"product_cat":[70],"product_tag":[87,125],"class_list":{"0":"post-24669","1":"product","2":"type-product","3":"status-publish","4":"has-post-thumbnail","6":"product_cat-film","7":"product_tag-subject-biologie","8":"product_tag-target-sek-i","9":"product_shipping_class-dvd-versand","11":"first","12":"instock","13":"taxable","14":"shipping-taxable","15":"purchasable","16":"product-type-variable"},"acf":{"subtitle":"Schutz und St\u00e4rkung von \u00d6kosystemen","article_id":"46505352 \/ 55505966","languages":"DE","thumb_up":false,"cover_image":27727,"linked_product":7241,"linked_products":null,"banner":{"show":true,"text":"","color":""},"length":"20:29 min","content_movie":"Gesamtes Begleitmaterial: 67 Seiten\r\nArbeitsbl\u00e4tter: 20 Seiten\r\nTestaufgaben: 20\r\nInteraktive Aufgaben: 10","learning_goals":"<ol>\r\n \t<li>Die Lernenden definieren die Fachbegriffe \u00d6kosystem, Biodiversit\u00e4t, Arten.<\/li>\r\n \t<li>Die Lernenden diskutieren anthropogene Einfl\u00fcsse auf die \u00d6kosysteme.<\/li>\r\n \t<li>Die Lernenden reflektieren das Konzept \u00d6kosystemmanagement.<\/li>\r\n<\/ol>","preview_gif":24708,"trailer":{"file":24706,"url":"","image":24675},"mediathek_id":830,"amount":"","demo_url":"","h5p_demo_id":"","content_interactive":"","hide_numbers":false,"flyer":"","info_columns":null},"_links":{"self":[{"href":"https:\/\/www.medienlb.com\/en\/wp-json\/wp\/v2\/product\/24669","targetHints":{"allow":["GET"]}}],"collection":[{"href":"https:\/\/www.medienlb.com\/en\/wp-json\/wp\/v2\/product"}],"about":[{"href":"https:\/\/www.medienlb.com\/en\/wp-json\/wp\/v2\/types\/product"}],"acf:post":[{"embeddable":true,"href":"https:\/\/www.medienlb.com\/en\/wp-json\/wp\/v2\/product\/7241"}],"wp:featuredmedia":[{"embeddable":true,"href":"https:\/\/www.medienlb.com\/en\/wp-json\/wp\/v2\/media\/24676"}],"wp:attachment":[{"href":"https:\/\/www.medienlb.com\/en\/wp-json\/wp\/v2\/media?parent=24669"}],"wp:term":[{"taxonomy":"product_brand","embeddable":true,"href":"https:\/\/www.medienlb.com\/en\/wp-json\/wp\/v2\/product_brand?post=24669"},{"taxonomy":"product_cat","embeddable":true,"href":"https:\/\/www.medienlb.com\/en\/wp-json\/wp\/v2\/product_cat?post=24669"},{"taxonomy":"product_tag","embeddable":true,"href":"https:\/\/www.medienlb.com\/en\/wp-json\/wp\/v2\/product_tag?post=24669"}],"curies":[{"name":"wp","href":"https:\/\/api.w.org\/{rel}","templated":true}]}}