{"id":24579,"date":"2024-05-14T13:14:02","date_gmt":"2024-05-14T13:14:02","guid":{"rendered":"https:\/\/www.medienlb.com\/?post_type=product&#038;p=24579"},"modified":"2025-08-20T13:30:22","modified_gmt":"2025-08-20T13:30:22","slug":"knowla-box","status":"publish","type":"product","link":"https:\/\/www.medienlb.com\/en\/produkt\/knowla-box\/","title":{"rendered":"Knowla Box"},"content":{"rendered":"<p>Mit der Knowla Box wird das Lernerlebnis f\u00fcr den Sch\u00fcler so spannend wie ein Spiel!<\/p>\n<p>Durch interaktive Projektionen er\u00f6ffnet sich eine Vielfalt an Unterrichtsm\u00f6glichkeiten f\u00fcr eine aktive, selbst\u00e4ndige Sch\u00fclerarbeit mit multimedialen Lehrmitteln.<\/p>\n<p>Ausgestattet mit einem hochwertigen Epson-Kurzdistanzprojektor, projiziert die Box kontraststarke, gro\u00dfformatige Lerninhalte wahlweise an die Wand oder auf den Boden. Die Sch\u00fcler interagieren, indem sie mit B\u00e4llen werfen, mit Stiften schreiben oder durch Tastatur- und Mausbedienung.<br \/>\nDie Lern- und Spieleinheiten werden in sogenannten Planeten-Modulen geordnet, zwei (Edumini und Fruu) von insgesamt 12 Planeten sind als Grundausstattung bei der Box dabei.<\/p>\n<hr \/>\n<p>Preis zuz\u00fcglich Versandkosten von \u20ac 102.-<\/p>\n<hr \/>\n<p>Link: \u00dcbersicht zu den <span style=\"color: #3366ff;\"><a style=\"color: #3366ff;\" href=\"https:\/\/www.medienlb.com\/wp-content\/uploads\/2024\/05\/Knowla-Box_10-Planeten_Flyer.pdf\" target=\"_blank\" rel=\"noopener\">10 Planeten <\/a><\/span>(detaillierte Download-Infos siehe weiter unten)\u00a0\u00a0 und hier der Link: <span style=\"color: #3366ff;\"><a style=\"color: #3366ff;\" href=\"https:\/\/www.medienlb.com\/wp-content\/uploads\/2025\/02\/2025_02_18-Knowla-Box-Preise-und-Kalkulation.pdf\" target=\"_blank\" rel=\"noopener\"><span style=\"color: #3366ff;\">Planeten &#8211; Preisliste<\/span><\/a><br \/>\n<\/span><\/p>\n<hr \/>\n<p>&nbsp;<\/p>\n<p><a href=\"https:\/\/www.medienlb.com\/wp-content\/uploads\/2025\/01\/Knowla_ProjektionsMatte.jpg\" target=\"_blank\" rel=\"noopener\"><img loading=\"lazy\" decoding=\"async\" class=\"alignnone wp-image-27541\" src=\"https:\/\/www.medienlb.com\/wp-content\/uploads\/2024\/05\/Matte_wep-Logo-300x163.png\" alt=\"\" width=\"187\" height=\"101\" srcset=\"https:\/\/www.medienlb.com\/wp-content\/uploads\/2024\/05\/Matte_wep-Logo-300x163.png 300w, https:\/\/www.medienlb.com\/wp-content\/uploads\/2024\/05\/Matte_wep-Logo-1024x557.png 1024w, https:\/\/www.medienlb.com\/wp-content\/uploads\/2024\/05\/Matte_wep-Logo-768x418.png 768w, https:\/\/www.medienlb.com\/wp-content\/uploads\/2024\/05\/Matte_wep-Logo.png 1084w\" sizes=\"auto, (max-width: 187px) 100vw, 187px\" \/><\/a><br \/>\nBodenmatte: 190 x 124 cm<br \/>\n\u20ac 95,50-\u00a0 plus\u00a0 Versandkosten von 38,50-<\/p>\n<hr \/>\n<p><a href=\"https:\/\/www.medienlb.com\/wp-content\/uploads\/2024\/07\/Knowla-Abmessungen1.pdf\" target=\"_blank\" rel=\"noopener\"><img loading=\"lazy\" decoding=\"async\" class=\"alignnone wp-image-25748\" src=\"https:\/\/www.medienlb.com\/wp-content\/uploads\/2024\/07\/Wand_Boden_Button-300x175.png\" alt=\"\" width=\"205\" height=\"120\" srcset=\"https:\/\/www.medienlb.com\/wp-content\/uploads\/2024\/07\/Wand_Boden_Button-300x175.png 300w, https:\/\/www.medienlb.com\/wp-content\/uploads\/2024\/07\/Wand_Boden_Button-1024x598.png 1024w, https:\/\/www.medienlb.com\/wp-content\/uploads\/2024\/07\/Wand_Boden_Button-768x449.png 768w, https:\/\/www.medienlb.com\/wp-content\/uploads\/2024\/07\/Wand_Boden_Button.png 1208w\" sizes=\"auto, (max-width: 205px) 100vw, 205px\" \/><\/a> <a href=\"https:\/\/www.youtube.com\/watch?v=tB9hue1Mt2Q\" target=\"_blank\" rel=\"noopener\"><img loading=\"lazy\" decoding=\"async\" class=\"alignnone wp-image-25750 \" src=\"https:\/\/www.medienlb.com\/wp-content\/uploads\/2024\/07\/Video_Button-300x169.png\" alt=\"\" width=\"209\" height=\"118\" srcset=\"https:\/\/www.medienlb.com\/wp-content\/uploads\/2024\/07\/Video_Button-300x169.png 300w, https:\/\/www.medienlb.com\/wp-content\/uploads\/2024\/07\/Video_Button-1024x577.png 1024w, https:\/\/www.medienlb.com\/wp-content\/uploads\/2024\/07\/Video_Button-768x433.png 768w, https:\/\/www.medienlb.com\/wp-content\/uploads\/2024\/07\/Video_Button.png 1208w\" sizes=\"auto, (max-width: 209px) 100vw, 209px\" \/><\/a><br \/>\nProjektionsdetails<span style=\"color: #f2e1e1;\">_________<\/span>Produktvideo<\/p>\n<hr \/>\n<p><span style=\"color: #3366ff;\"><span style=\"color: #333333;\">Link zum Hersteller:<\/span> <a style=\"color: #3366ff;\" href=\"https:\/\/knowla.eu\/de\/\" target=\"_blank\" rel=\"noopener\">Kno<\/a><a style=\"color: #3366ff;\" href=\"https:\/\/knowla.eu\/de\/\" target=\"_blank\" rel=\"noopener\">wla<\/a><\/span><\/p>\n<p>&nbsp;<\/p>\n<p>&nbsp;<\/p>\n","protected":false},"excerpt":{"rendered":"<p>Mit der Knowla Box wird das Lernerlebnis f\u00fcr den Sch\u00fcler so spannend wie ein Spiel!<\/p>\n<p>Durch interaktive Projektionen er\u00f6ffnet sich eine Vielfalt an Unterrichtsm\u00f6glichkeiten f\u00fcr eine aktive, selbst\u00e4ndige Sch\u00fclerarbeit mit multimedialen Lehrmitteln.<\/p>\n<p>&nbsp;<\/p>\n","protected":false},"featured_media":24600,"template":"","meta":{"_acf_changed":false},"product_brand":[],"product_cat":[75],"product_tag":[],"class_list":{"0":"post-24579","1":"product","2":"type-product","3":"status-publish","4":"has-post-thumbnail","6":"product_cat-hardware","8":"first","9":"instock","10":"taxable","11":"shipping-taxable","12":"purchasable","13":"product-type-variable"},"acf":{"subtitle":"Boden-\/Wand-Projektion","article_id":"MS_21","languages":"","thumb_up":false,"cover_image":"","linked_product":[15906,35226],"linked_products":null,"banner":{"show":true,"text":"","color":""},"length":"","content_movie":"","learning_goals":"","preview_gif":"","trailer":{"file":"","url":"","image":""},"mediathek_id":"","amount":"","demo_url":"","h5p_demo_id":"","content_interactive":"","hide_numbers":false,"flyer":24616,"info_columns":[{"heading":"Die Planeten","content":"Hier finden Sie detaillierte Informationen zu den einzelnen Planeten als Pdf-Downloads. - Klicken Sie auf die BILDER!\r\n\r\n<hr \/>\r\n\r\n<a href=\"https:\/\/www.medienlb.com\/wp-content\/uploads\/2024\/10\/Planet-EduMini_manual_de.pdf\" target=\"_blank\" rel=\"noopener\"><img class=\"alignnone wp-image-26472\" src=\"https:\/\/www.medienlb.com\/wp-content\/uploads\/2024\/05\/EduMini-300x168.png\" alt=\"\" width=\"150\" height=\"84\" \/><\/a> \u00a0 EduMini\r\n\r\n<hr \/>\r\n\r\n<a href=\"https:\/\/www.medienlb.com\/wp-content\/uploads\/2024\/10\/Planet-Fruu_manual_de.pdf\" target=\"_blank\" rel=\"noopener\"><img class=\"alignnone wp-image-26476\" src=\"https:\/\/www.medienlb.com\/wp-content\/uploads\/2024\/05\/Fruu-300x169.png\" alt=\"\" width=\"150\" height=\"84\" \/><\/a>\u00a0 Fruu\r\n\r\n<hr \/>\r\n\r\n<a href=\"https:\/\/www.medienlb.com\/wp-content\/uploads\/2024\/10\/Planet-Emo_manual_de.pdf\" target=\"_blank\" rel=\"noopener\"><img class=\"alignnone wp-image-26474\" src=\"https:\/\/www.medienlb.com\/wp-content\/uploads\/2024\/05\/EMO-300x169.png\" alt=\"\" width=\"150\" height=\"84\" \/><\/a>\u00a0 Emu\r\n\r\n<hr \/>\r\n\r\n<a href=\"https:\/\/www.medienlb.com\/wp-content\/uploads\/2024\/10\/Planet-Hopsa_manual_de.pdf\" target=\"_blank\" rel=\"noopener\"><img class=\"alignnone wp-image-26478\" src=\"https:\/\/www.medienlb.com\/wp-content\/uploads\/2024\/05\/Hopsa-300x169.png\" alt=\"\" width=\"150\" height=\"85\" \/><\/a> \u00a0 Hopsa\r\n\r\n<hr \/>\r\n\r\n<a href=\"https:\/\/www.medienlb.com\/wp-content\/uploads\/2024\/10\/Planet-M_manual_de.pdf\" target=\"_blank\" rel=\"noopener\"><img class=\"alignnone wp-image-26480\" src=\"https:\/\/www.medienlb.com\/wp-content\/uploads\/2024\/05\/M-300x169.png\" alt=\"\" width=\"150\" height=\"85\" \/><\/a>\u00a0 M\r\n\r\n<hr \/>\r\n\r\n&nbsp;"},{"heading":"","content":"<a href=\"https:\/\/www.medienlb.com\/wp-content\/uploads\/2024\/10\/Planet-Contrast_manual_de.pdf\" target=\"_blank\" rel=\"noopener\"><img class=\"alignnone wp-image-26448\" src=\"https:\/\/www.medienlb.com\/wp-content\/uploads\/2024\/05\/Contrast-300x169.png\" alt=\"\" width=\"150\" height=\"84\" \/><\/a> \u00a0 Contrast\r\n\r\n<hr \/>\r\n\r\n<a href=\"https:\/\/www.medienlb.com\/wp-content\/uploads\/2024\/10\/Planet-Sigma_manual_de.pdf\" target=\"_blank\" rel=\"noopener\"><img class=\"alignnone wp-image-26484\" src=\"https:\/\/www.medienlb.com\/wp-content\/uploads\/2024\/05\/Sigma-Mathematik-300x169.png\" alt=\"\" width=\"150\" height=\"85\" \/><\/a>\u00a0 Sigma\r\n\r\n<hr \/>\r\n\r\n<a href=\"https:\/\/www.medienlb.com\/wp-content\/uploads\/2024\/10\/Planet-Smart_manual_de.pdf\" target=\"_blank\" rel=\"noopener\"><img class=\"alignnone wp-image-26486\" src=\"https:\/\/www.medienlb.com\/wp-content\/uploads\/2024\/05\/Smart-300x169.png\" alt=\"\" width=\"150\" height=\"85\" \/><\/a>\u00a0 Smart\r\n\r\n<hr \/>\r\n\r\n<a href=\"https:\/\/www.medienlb.com\/wp-content\/uploads\/2024\/10\/Planet-Spf_manual_de.pdf\" target=\"_blank\" rel=\"noopener\"><img class=\"alignnone wp-image-26488\" src=\"https:\/\/www.medienlb.com\/wp-content\/uploads\/2024\/05\/SPF-300x169.png\" alt=\"\" width=\"150\" height=\"85\" \/><\/a> \u00a0 Spf\r\n\r\n<hr \/>\r\n\r\n<a href=\"https:\/\/www.medienlb.com\/wp-content\/uploads\/2024\/10\/Planet-Ziuuu_manual_de.pdf\" target=\"_blank\" rel=\"noopener\"><img class=\"alignnone wp-image-26490\" src=\"https:\/\/www.medienlb.com\/wp-content\/uploads\/2024\/05\/Ziuuu-300x170.png\" alt=\"\" width=\"150\" height=\"85\" \/><\/a> \u00a0 Ziuuu\r\n\r\n<hr \/>\r\n\r\n<a href=\"https:\/\/www.medienlb.com\/wp-content\/uploads\/2024\/10\/Planet-Pi_manual_de.pdf\" target=\"_blank\" rel=\"noopener\"><img class=\"alignnone wp-image-26482\" src=\"https:\/\/www.medienlb.com\/wp-content\/uploads\/2024\/05\/Pi-300x169.png\" alt=\"\" width=\"150\" height=\"85\" \/><\/a>\u00a0 Pi"},{"heading":"Lieferumfang","content":"Knowla Box: Kompakte, sofort betriebsbereite Box, bestehend aus einem Epson-Kurzdistanzprojektor, einem Windows-Rechner und Lautsprechern (externer HDMI- und USB-Anschluss). Inklusive App-Starterpaket bestehend aus dem Lernpaket Planet Fruu und dem Planeten Edumini, mit p\u00e4dagogischen und entwicklungsf\u00f6rdernden Aufgaben, \u00dcbungen und Spielen f\u00fcr Kinder im Vorschul- und Grundschulalter (280 Aktivit\u00e4ten f\u00fcr B\u00e4lle und Stifte).\r\n\r\n2 interaktive Stifte von Epson mit Ersatzspitzen, 36 B\u00e4lle\r\n\r\nEpson Fernbedienung\r\nkabellose Tastatur mit Touchpad\r\nKugelkorb\r\nStromkabel\r\nZubeh\u00f6rtasche"}]},"_links":{"self":[{"href":"https:\/\/www.medienlb.com\/en\/wp-json\/wp\/v2\/product\/24579","targetHints":{"allow":["GET"]}}],"collection":[{"href":"https:\/\/www.medienlb.com\/en\/wp-json\/wp\/v2\/product"}],"about":[{"href":"https:\/\/www.medienlb.com\/en\/wp-json\/wp\/v2\/types\/product"}],"acf:post":[{"embeddable":true,"href":"https:\/\/www.medienlb.com\/en\/wp-json\/wp\/v2\/product\/35226"},{"embeddable":true,"href":"https:\/\/www.medienlb.com\/en\/wp-json\/wp\/v2\/product\/15906"}],"wp:featuredmedia":[{"embeddable":true,"href":"https:\/\/www.medienlb.com\/en\/wp-json\/wp\/v2\/media\/24600"}],"wp:attachment":[{"href":"https:\/\/www.medienlb.com\/en\/wp-json\/wp\/v2\/media?parent=24579"}],"wp:term":[{"taxonomy":"product_brand","embeddable":true,"href":"https:\/\/www.medienlb.com\/en\/wp-json\/wp\/v2\/product_brand?post=24579"},{"taxonomy":"product_cat","embeddable":true,"href":"https:\/\/www.medienlb.com\/en\/wp-json\/wp\/v2\/product_cat?post=24579"},{"taxonomy":"product_tag","embeddable":true,"href":"https:\/\/www.medienlb.com\/en\/wp-json\/wp\/v2\/product_tag?post=24579"}],"curies":[{"name":"wp","href":"https:\/\/api.w.org\/{rel}","templated":true}]}}