{"id":24534,"date":"2024-05-13T13:59:33","date_gmt":"2024-05-13T13:59:33","guid":{"rendered":"https:\/\/www.medienlb.com\/?post_type=product&#038;p=24534"},"modified":"2025-02-07T13:45:01","modified_gmt":"2025-02-07T13:45:01","slug":"dichotomer-bestimmungsschluessel","status":"publish","type":"product","link":"https:\/\/www.medienlb.com\/en\/produkt\/dichotomer-bestimmungsschluessel\/","title":{"rendered":"Dichotomer Bestimmungsschl\u00fcssel"},"content":{"rendered":"<p>Was haben ein Wolf und eine Sonnenblume gemeinsam? Sie z\u00e4hlen beide zu den Eukaryoten \u2013Lebewesen mit einem Zellkern \u2013 und stehen damit an erster Stelle der taxonomischen Bestimmungsrubrik Lebewesen.<\/p>\n<p>&nbsp;<\/p>\n<p>Der Film behandelt das Thema der Bestimmung von Lebewesen anhand des dichotomischen Bestimmungsschl\u00fcssels. Dieser fu\u00dft auf der taxonomischen Einordnung, bildet eine Systematik und bezieht sich auf Entscheidungen, denen jeweils ein zweigliedriger Entscheidungsbaum zugrunde liegt.<\/p>\n<p>&nbsp;<\/p>\n<p>Aufgebaut ist der Film in die Abschnitte der Entwicklung der Systematik und des Systems des dichotomen Bestimmungsschl\u00fcssels, der Beschreibung von Irrt\u00fcmern und Fehlern, die bei einer Bestimmung auftreten k\u00f6nnen und einem praktischen Beispiel der Bestimmung einer Pflanze anhand von Merkmalen.<\/p>\n","protected":false},"excerpt":{"rendered":"<p>Was haben ein Wolf und eine Sonnenblume gemeinsam? Sie z\u00e4hlen beide zu den Eukaryoten \u2013Lebewesen mit einem Zellkern \u2013 und stehen damit an erster Stelle der taxonomischen Bestimmungsrubrik Lebewesen.<\/p>\n","protected":false},"featured_media":24545,"template":"","meta":{"_acf_changed":false},"product_brand":[],"product_cat":[70],"product_tag":[87,125],"class_list":{"0":"post-24534","1":"product","2":"type-product","3":"status-publish","4":"has-post-thumbnail","6":"product_cat-film","7":"product_tag-subject-biologie","8":"product_tag-target-sek-i","9":"product_shipping_class-dvd-versand","11":"first","12":"instock","13":"taxable","14":"shipping-taxable","15":"purchasable","16":"product-type-variable"},"acf":{"subtitle":"Artenklassifikation anhand von Merkmalen","article_id":"46505341 \/ 55505955","languages":"DE","thumb_up":false,"cover_image":27729,"linked_product":7241,"linked_products":null,"banner":{"show":true,"text":"","color":""},"length":"21:45 min","content_movie":"Gesamtes Begleitmaterial: 73 Seiten\r\nArbeitsbl\u00e4tter: 20 Seiten\r\nTestaufgaben: 20\r\nInteraktive Aufgaben: 10","learning_goals":"<ol>\r\n \t<li>Die Lernenden ermitteln und begr\u00fcnden aufgrund von Merkmalen Pflanzen.<\/li>\r\n \t<li>Die Lernenden k\u00f6nnen einen dichotomen Bestimmungsschl\u00fcssel anwenden.<\/li>\r\n \t<li>Die Lernenden verstehen die Fachsprache und k\u00f6nnen diese korrekt ausdr\u00fccken.<\/li>\r\n<\/ol>","preview_gif":24540,"trailer":{"file":24542,"url":"","image":24544},"mediathek_id":829,"amount":"","demo_url":"","h5p_demo_id":"","content_interactive":"","hide_numbers":false,"flyer":"","info_columns":null},"_links":{"self":[{"href":"https:\/\/www.medienlb.com\/en\/wp-json\/wp\/v2\/product\/24534","targetHints":{"allow":["GET"]}}],"collection":[{"href":"https:\/\/www.medienlb.com\/en\/wp-json\/wp\/v2\/product"}],"about":[{"href":"https:\/\/www.medienlb.com\/en\/wp-json\/wp\/v2\/types\/product"}],"acf:post":[{"embeddable":true,"href":"https:\/\/www.medienlb.com\/en\/wp-json\/wp\/v2\/product\/7241"}],"wp:featuredmedia":[{"embeddable":true,"href":"https:\/\/www.medienlb.com\/en\/wp-json\/wp\/v2\/media\/24545"}],"wp:attachment":[{"href":"https:\/\/www.medienlb.com\/en\/wp-json\/wp\/v2\/media?parent=24534"}],"wp:term":[{"taxonomy":"product_brand","embeddable":true,"href":"https:\/\/www.medienlb.com\/en\/wp-json\/wp\/v2\/product_brand?post=24534"},{"taxonomy":"product_cat","embeddable":true,"href":"https:\/\/www.medienlb.com\/en\/wp-json\/wp\/v2\/product_cat?post=24534"},{"taxonomy":"product_tag","embeddable":true,"href":"https:\/\/www.medienlb.com\/en\/wp-json\/wp\/v2\/product_tag?post=24534"}],"curies":[{"name":"wp","href":"https:\/\/api.w.org\/{rel}","templated":true}]}}