{"id":24520,"date":"2024-05-13T09:35:20","date_gmt":"2024-05-13T09:35:20","guid":{"rendered":"https:\/\/www.medienlb.com\/?post_type=product&#038;p=24520"},"modified":"2025-02-07T13:45:06","modified_gmt":"2025-02-07T13:45:06","slug":"europaeisches-parlament-2","status":"publish","type":"product","link":"https:\/\/www.medienlb.com\/en\/produkt\/europaeisches-parlament-2\/","title":{"rendered":"Europ\u00e4isches Parlament"},"content":{"rendered":"<p>Die EU ist ein freiwilliger Zusammenschluss europ\u00e4ischer Staaten und verschiedenen politischen Organen. Eines davon ist das Europ\u00e4ische Parlament. Es ist das einzige von den B\u00fcrgerinnen und B\u00fcrgern der EU-L\u00e4nder gew\u00e4hlte Organ und wird alle f\u00fcnf Jahre durch die Europawahl legitimiert.<\/p>\n<p>&nbsp;<\/p>\n<p>Der Film beschreibt den EU-Verbund, hebt jedoch die Entstehung, die Struktur und die Aufgaben des EU-Parlaments inmitten der anderen politischen Organe besonders hervor. Dargestellt werden u.a. auch der Wahlvorgang, die Zusammensetzung der Fraktionen und die Legitimation der Beschl\u00fcsse.<\/p>\n<p>&nbsp;<\/p>\n<p>Interaktive Aufgaben, Testfragen und Glossar wurden mit H5P erstellt und k\u00f6nnen ohne weitere Software verwendet werden.<\/p>\n","protected":false},"excerpt":{"rendered":"<p>Die EU ist ein freiwilliger Zusammenschluss europ\u00e4ischer Staaten und verschiedenen politischen Organen.<\/p>\n","protected":false},"featured_media":24531,"template":"","meta":{"_acf_changed":false},"product_brand":[],"product_cat":[70],"product_tag":[93,125,127],"class_list":{"0":"post-24520","1":"product","2":"type-product","3":"status-publish","4":"has-post-thumbnail","6":"product_cat-film","7":"product_tag-subject-politik-sozialkunde","8":"product_tag-target-sek-i","9":"product_tag-target-sek-ii","10":"product_shipping_class-dvd-versand","12":"first","13":"instock","14":"taxable","15":"shipping-taxable","16":"purchasable","17":"product-type-variable"},"acf":{"subtitle":"Aufgaben, Abgeordnete, Aussch\u00fcsse","article_id":"46505337 \/ 55505951","languages":"DE","thumb_up":false,"cover_image":27731,"linked_product":18884,"linked_products":null,"banner":{"show":true,"text":"","color":""},"length":"23:17 min","content_movie":"Gesamtes Begleitmaterial: 82 Seiten\r\nArbeitsbl\u00e4tter: 20 Seiten\r\nTestaufgaben: 20\r\nInteraktive Aufgaben: 10","learning_goals":"<ol>\r\n \t<li>Die Lernenden kennen die Geschichte, Zusammensetzung und Aufgaben des EU-Parlaments.<\/li>\r\n \t<li>Die Lernenden reflektieren die Partizipationsm\u00f6glichkeiten der EU-B\u00fcrgerinnen und B\u00fcrger.<\/li>\r\n \t<li>Die Lernenden argumentieren die Bedeutung des EU-Parlaments.<\/li>\r\n<\/ol>","preview_gif":24526,"trailer":{"file":24528,"url":"","image":24530},"mediathek_id":828,"amount":"","demo_url":"","h5p_demo_id":"","content_interactive":"","hide_numbers":false,"flyer":"","info_columns":null},"_links":{"self":[{"href":"https:\/\/www.medienlb.com\/en\/wp-json\/wp\/v2\/product\/24520","targetHints":{"allow":["GET"]}}],"collection":[{"href":"https:\/\/www.medienlb.com\/en\/wp-json\/wp\/v2\/product"}],"about":[{"href":"https:\/\/www.medienlb.com\/en\/wp-json\/wp\/v2\/types\/product"}],"acf:post":[{"embeddable":true,"href":"https:\/\/www.medienlb.com\/en\/wp-json\/wp\/v2\/product\/18884"}],"wp:featuredmedia":[{"embeddable":true,"href":"https:\/\/www.medienlb.com\/en\/wp-json\/wp\/v2\/media\/24531"}],"wp:attachment":[{"href":"https:\/\/www.medienlb.com\/en\/wp-json\/wp\/v2\/media?parent=24520"}],"wp:term":[{"taxonomy":"product_brand","embeddable":true,"href":"https:\/\/www.medienlb.com\/en\/wp-json\/wp\/v2\/product_brand?post=24520"},{"taxonomy":"product_cat","embeddable":true,"href":"https:\/\/www.medienlb.com\/en\/wp-json\/wp\/v2\/product_cat?post=24520"},{"taxonomy":"product_tag","embeddable":true,"href":"https:\/\/www.medienlb.com\/en\/wp-json\/wp\/v2\/product_tag?post=24520"}],"curies":[{"name":"wp","href":"https:\/\/api.w.org\/{rel}","templated":true}]}}