{"id":24434,"date":"2024-04-29T08:37:26","date_gmt":"2024-04-29T08:37:26","guid":{"rendered":"https:\/\/www.medienlb.com\/?post_type=product&#038;p=24434"},"modified":"2025-02-07T13:45:11","modified_gmt":"2025-02-07T13:45:11","slug":"nachwachsende-rohstoffe","status":"publish","type":"product","link":"https:\/\/www.medienlb.com\/en\/produkt\/nachwachsende-rohstoffe\/","title":{"rendered":"Nachwachsende Rohstoffe"},"content":{"rendered":"<p>Der global steigende Energieverbrauch stellt die Energiegewinnung vor gro\u00dfe Herausforderungen. Fossile Energien sind begrenzt und klimasch\u00e4dlich. Erneuerbare Energien sind klimafreundlich, doch beispielsweise wetter- oder tageszeitabh\u00e4ngig.<\/p>\n<p>&nbsp;<\/p>\n<p>Der Film legt den Schwerpunkt auf eine dritte Gruppe \u2013Energie aus nachwachsenden Rohstoffen. Definiert werden Energiepflanzen wie Raps oder Baumarten, die ausschlie\u00dflich zur Energiegewinnung angebaut werden und Industriepflanzen, die auch stofflich verarbeitet werden, wie Zucker aus den Zuckerr\u00fcben zur Herstellung von Pharmazeutika. Dargestellt werden die chemischen Prozesse, die die Energieumwandlung beschreiben. Reflektiert werden die Relation zwischen Anbau und Nutzen.<\/p>\n<p>&nbsp;<\/p>\n<p>&nbsp;<\/p>\n<p>Interaktive Aufgaben, Testfragen und Glossar wurden mit H5P erstellt und k\u00f6nnen ohne weitere Software verwendet werden.<\/p>\n","protected":false},"excerpt":{"rendered":"<p>Der global steigende Energieverbrauch stellt die Energiegewinnung vor gro\u00dfe Herausforderungen.<\/p>\n","protected":false},"featured_media":24445,"template":"","meta":{"_acf_changed":false},"product_brand":[],"product_cat":[70],"product_tag":[91,125],"class_list":{"0":"post-24434","1":"product","2":"type-product","3":"status-publish","4":"has-post-thumbnail","6":"product_cat-film","7":"product_tag-subject-geografie","8":"product_tag-target-sek-i","9":"product_shipping_class-dvd-versand","11":"first","12":"instock","13":"taxable","14":"shipping-taxable","15":"purchasable","16":"product-type-variable"},"acf":{"subtitle":"Verf\u00fcgbarkeit, Vor- und Nachteile","article_id":"46505333 \/ 55505947","languages":"DE","thumb_up":false,"cover_image":27733,"linked_product":11490,"linked_products":null,"banner":{"show":true,"text":"","color":""},"length":"19:45 min","content_movie":"Gesamtes Begleitmaterial: 82 Seiten\r\nArbeitsbl\u00e4tter: 30 Seiten\r\nTestaufgaben: 20\r\nInteraktive Aufgaben: 10","learning_goals":"<ol>\r\n \t<li>Die Lernenden kennen die Definition, Einsatz, Vor- und Nachteile von nachwachsenden Rohstoffen.<\/li>\r\n \t<li>Die Lernenden unterscheiden Energie- und Industriepflanzen.<\/li>\r\n \t<li>Die Lernenden reflektieren den Nutzen fossiler, erneuerbarer und nachwachsender Rohstoffe.<\/li>\r\n<\/ol>","preview_gif":24440,"trailer":{"file":24442,"url":"","image":24444},"mediathek_id":827,"amount":"","demo_url":"","h5p_demo_id":"","content_interactive":"","hide_numbers":false,"flyer":"","info_columns":null},"_links":{"self":[{"href":"https:\/\/www.medienlb.com\/en\/wp-json\/wp\/v2\/product\/24434","targetHints":{"allow":["GET"]}}],"collection":[{"href":"https:\/\/www.medienlb.com\/en\/wp-json\/wp\/v2\/product"}],"about":[{"href":"https:\/\/www.medienlb.com\/en\/wp-json\/wp\/v2\/types\/product"}],"acf:post":[{"embeddable":true,"href":"https:\/\/www.medienlb.com\/en\/wp-json\/wp\/v2\/product\/11490"}],"wp:featuredmedia":[{"embeddable":true,"href":"https:\/\/www.medienlb.com\/en\/wp-json\/wp\/v2\/media\/24445"}],"wp:attachment":[{"href":"https:\/\/www.medienlb.com\/en\/wp-json\/wp\/v2\/media?parent=24434"}],"wp:term":[{"taxonomy":"product_brand","embeddable":true,"href":"https:\/\/www.medienlb.com\/en\/wp-json\/wp\/v2\/product_brand?post=24434"},{"taxonomy":"product_cat","embeddable":true,"href":"https:\/\/www.medienlb.com\/en\/wp-json\/wp\/v2\/product_cat?post=24434"},{"taxonomy":"product_tag","embeddable":true,"href":"https:\/\/www.medienlb.com\/en\/wp-json\/wp\/v2\/product_tag?post=24434"}],"curies":[{"name":"wp","href":"https:\/\/api.w.org\/{rel}","templated":true}]}}