{"id":24318,"date":"2024-04-24T07:30:46","date_gmt":"2024-04-24T07:30:46","guid":{"rendered":"https:\/\/www.medienlb.com\/?post_type=product&#038;p=24318"},"modified":"2025-02-07T13:45:17","modified_gmt":"2025-02-07T13:45:17","slug":"permakultur","status":"publish","type":"product","link":"https:\/\/www.medienlb.com\/en\/produkt\/permakultur\/","title":{"rendered":"Permakultur"},"content":{"rendered":"<p>Permakultur bezeichnet die Philosophie einer Landwirtschaft, die sich an den Prozessen der Natur orientiert und f\u00fcr Nachhaltigkeit steht. Entwickelt wurde es von den Australiern Bill Mollison und David Holmgren in den 1970er Jahren. Es fu\u00dft auf drei ethischen Prinzipien: Earth Care, People Care und Fair Share. Der Film zeigt Elemente der Permakultur und begleitet ein Gartenjahr \u00fcber alle Jahreszeiten hinweg. Aufgezeigt wird u.a., wie W\u00e4rme- und Wasserspeicher errichtet, B\u00f6den locker und fruchtbar gehalten und Permakulturbeete angelegt werden.<\/p>\n<p>&nbsp;<\/p>\n<p>Interaktive Aufgaben, Testfragen und Glossar wurden mit H5P erstellt und k\u00f6nnen ohne weitere Software verwendet werden.<\/p>\n","protected":false},"excerpt":{"rendered":"<p>Permakultur bezeichnet die Philosophie einer Landwirtschaft, die sich an den Prozessen der Natur orientiert und f\u00fcr Nachhaltigkeit steht. Entwickelt wurde es von den Australiern Bill Mollison und David Holmgren in den 1970er Jahren.<\/p>\n","protected":false},"featured_media":24336,"template":"","meta":{"_acf_changed":false},"product_brand":[],"product_cat":[70],"product_tag":[77,125],"class_list":{"0":"post-24318","1":"product","2":"type-product","3":"status-publish","4":"has-post-thumbnail","6":"product_cat-film","7":"product_tag-subject-gesellschaft","8":"product_tag-target-sek-i","9":"product_shipping_class-dvd-versand","11":"first","12":"instock","13":"taxable","14":"shipping-taxable","15":"purchasable","16":"product-type-variable"},"acf":{"subtitle":"Definition, Umsetzung, Nachhaltigkeit","article_id":"46505318 \/ 55505932","languages":"DE","thumb_up":false,"cover_image":27735,"linked_product":[11490,35357],"linked_products":null,"banner":{"show":true,"text":"","color":""},"length":"23:28 min","content_movie":"Gesamtes Begleitmaterial: 63 Seiten\r\nArbeitsbl\u00e4tter: 20 Seiten\r\nTestaufgaben: 20\r\nInteraktive Aufgaben: 10","learning_goals":"<ol>\r\n \t<li>Die Lernenden verstehen das Prinzip nachhaltiger Landwirtschaft.<\/li>\r\n \t<li>Die Lernenden bewerten den Einfluss des Menschen auf \u00d6kosysteme.<\/li>\r\n \t<li>Die Lernenden reflektieren ihr eigenes Handeln im Alltag.<\/li>\r\n<\/ol>","preview_gif":24345,"trailer":{"file":24341,"url":"","image":24347},"mediathek_id":826,"amount":"","demo_url":"","h5p_demo_id":"","content_interactive":"","hide_numbers":false,"flyer":"","info_columns":null},"_links":{"self":[{"href":"https:\/\/www.medienlb.com\/en\/wp-json\/wp\/v2\/product\/24318","targetHints":{"allow":["GET"]}}],"collection":[{"href":"https:\/\/www.medienlb.com\/en\/wp-json\/wp\/v2\/product"}],"about":[{"href":"https:\/\/www.medienlb.com\/en\/wp-json\/wp\/v2\/types\/product"}],"acf:post":[{"embeddable":true,"href":"https:\/\/www.medienlb.com\/en\/wp-json\/wp\/v2\/product\/35357"},{"embeddable":true,"href":"https:\/\/www.medienlb.com\/en\/wp-json\/wp\/v2\/product\/11490"}],"wp:featuredmedia":[{"embeddable":true,"href":"https:\/\/www.medienlb.com\/en\/wp-json\/wp\/v2\/media\/24336"}],"wp:attachment":[{"href":"https:\/\/www.medienlb.com\/en\/wp-json\/wp\/v2\/media?parent=24318"}],"wp:term":[{"taxonomy":"product_brand","embeddable":true,"href":"https:\/\/www.medienlb.com\/en\/wp-json\/wp\/v2\/product_brand?post=24318"},{"taxonomy":"product_cat","embeddable":true,"href":"https:\/\/www.medienlb.com\/en\/wp-json\/wp\/v2\/product_cat?post=24318"},{"taxonomy":"product_tag","embeddable":true,"href":"https:\/\/www.medienlb.com\/en\/wp-json\/wp\/v2\/product_tag?post=24318"}],"curies":[{"name":"wp","href":"https:\/\/api.w.org\/{rel}","templated":true}]}}