{"id":24266,"date":"2024-04-18T05:44:11","date_gmt":"2024-04-18T05:44:11","guid":{"rendered":"https:\/\/www.medienlb.com\/?post_type=product&#038;p=24266"},"modified":"2025-09-24T07:13:25","modified_gmt":"2025-09-24T07:13:25","slug":"der-grosse-habenhunger","status":"publish","type":"product","link":"https:\/\/www.medienlb.com\/en\/produkt\/der-grosse-habenhunger\/","title":{"rendered":"Der gro\u00dfe Habenhunger"},"content":{"rendered":"<p>Anna besucht ihre Freundin Wanda und belegt sich den gr\u00f6\u00dften Burger der Welt. Alles, was sie sich w\u00fcnscht, packt sie darauf und isst ihn. Als sie davon Bauchweh bekommt, erz\u00e4hlt ihr Wanda eine Geschichte \u00fcber das W\u00fcnschen und das Habenwollen.<\/p>\n<p>Der liebevoll gezeichnete Animationsfilm bringt Grund- und Vorschulkindern das Thema W\u00fcnschen nahe. Mit dem umfangreichen Begleit- und Erg\u00e4nzungsmaterial kann das Medium unmittelbar im Unterricht oder in Kindertagesst\u00e4tten verwendet werden.<\/p>\n<p>Interaktive Aufgaben, Testfragen und Glossar wurden mit H5P erstellt und k\u00f6nnen ohne weitere Software verwendet werden.<\/p>\n<hr \/>\n<p>Auf Basis dieses Animationsfilms bieten wir auch ein Kamishibai an, welches Sie hier finden: <a href=\"https:\/\/www.medienlb.com\/produkt\/kamishibai-habenhunger\/\" target=\"_blank\" rel=\"noopener\"><img loading=\"lazy\" decoding=\"async\" class=\"alignnone wp-image-23774\" src=\"https:\/\/www.medienlb.com\/wp-content\/uploads\/2024\/03\/Haben-Hunger_titel-e1710879446248-300x169.png\" alt=\"\" width=\"121\" height=\"68\" srcset=\"https:\/\/www.medienlb.com\/wp-content\/uploads\/2024\/03\/Haben-Hunger_titel-e1710879446248-300x169.png 300w, https:\/\/www.medienlb.com\/wp-content\/uploads\/2024\/03\/Haben-Hunger_titel-e1710879446248-1024x577.png 1024w, https:\/\/www.medienlb.com\/wp-content\/uploads\/2024\/03\/Haben-Hunger_titel-e1710879446248-768x433.png 768w, https:\/\/www.medienlb.com\/wp-content\/uploads\/2024\/03\/Haben-Hunger_titel-e1710879446248.png 1500w\" sizes=\"auto, (max-width: 121px) 100vw, 121px\" \/><\/a><\/p>\n","protected":false},"excerpt":{"rendered":"<p>Anna besucht ihre Freundin Wanda und belegt sich den gr\u00f6\u00dften Burger der Welt. Alles, was sie sich w\u00fcnscht, packt sie darauf und isst ihn.<\/p>\n","protected":false},"featured_media":24277,"template":"","meta":{"_acf_changed":false},"product_brand":[],"product_cat":[70],"product_tag":[81,97,135,129],"class_list":{"0":"post-24266","1":"product","2":"type-product","3":"status-publish","4":"has-post-thumbnail","6":"product_cat-film","7":"product_tag-subject-elementarbereich","8":"product_tag-subject-grundschule","9":"product_tag-target-ele","10":"product_tag-target-gru","11":"product_shipping_class-dvd-versand","13":"first","14":"instock","15":"taxable","16":"shipping-taxable","17":"purchasable","18":"product-type-variable"},"acf":{"subtitle":"","article_id":"46505471 \/ 55506236","languages":"DE","thumb_up":true,"cover_image":33468,"linked_product":23771,"linked_products":null,"banner":{"show":true,"text":"","color":""},"length":"9:23 min","content_movie":"Gesamtes Begleitmaterial: 80 Seiten\r\nArbeitsbl\u00e4tter: 11 Seiten\r\nErg\u00e4nzendes Material: 18\r\nInteraktive Aufgaben: 10","learning_goals":"<ol>\r\n \t<li>Die Lernenden k\u00f6nnen eigene W\u00fcnsche erkennen und \u00e4u\u00dfern<\/li>\r\n \t<li>Die Lernenden unterscheiden zwischen Grundbed\u00fcrfnissen und W\u00fcnschen<\/li>\r\n<\/ol>","preview_gif":33907,"trailer":{"file":33909,"url":"","image":24276},"mediathek_id":824,"amount":"","demo_url":"","h5p_demo_id":"","content_interactive":"","hide_numbers":false,"flyer":"","info_columns":null},"_links":{"self":[{"href":"https:\/\/www.medienlb.com\/en\/wp-json\/wp\/v2\/product\/24266","targetHints":{"allow":["GET"]}}],"collection":[{"href":"https:\/\/www.medienlb.com\/en\/wp-json\/wp\/v2\/product"}],"about":[{"href":"https:\/\/www.medienlb.com\/en\/wp-json\/wp\/v2\/types\/product"}],"acf:post":[{"embeddable":true,"href":"https:\/\/www.medienlb.com\/en\/wp-json\/wp\/v2\/product\/23771"}],"wp:featuredmedia":[{"embeddable":true,"href":"https:\/\/www.medienlb.com\/en\/wp-json\/wp\/v2\/media\/24277"}],"wp:attachment":[{"href":"https:\/\/www.medienlb.com\/en\/wp-json\/wp\/v2\/media?parent=24266"}],"wp:term":[{"taxonomy":"product_brand","embeddable":true,"href":"https:\/\/www.medienlb.com\/en\/wp-json\/wp\/v2\/product_brand?post=24266"},{"taxonomy":"product_cat","embeddable":true,"href":"https:\/\/www.medienlb.com\/en\/wp-json\/wp\/v2\/product_cat?post=24266"},{"taxonomy":"product_tag","embeddable":true,"href":"https:\/\/www.medienlb.com\/en\/wp-json\/wp\/v2\/product_tag?post=24266"}],"curies":[{"name":"wp","href":"https:\/\/api.w.org\/{rel}","templated":true}]}}