{"id":24237,"date":"2024-04-10T09:09:34","date_gmt":"2024-04-10T09:09:34","guid":{"rendered":"https:\/\/www.medienlb.com\/?post_type=product&#038;p=24237"},"modified":"2024-06-07T07:55:00","modified_gmt":"2024-06-07T07:55:00","slug":"learning-unit-subject-4-kopie-kopie","status":"publish","type":"product","link":"https:\/\/www.medienlb.com\/en\/produkt\/learning-unit-subject-4-kopie-kopie\/","title":{"rendered":"Learning unit Biology 5-8"},"content":{"rendered":"<p>The medium contains 12 interactive H5P modules with two integrated videos and extensive image material for an exciting lesson. The moth family and in particular the subfamily of the processionary moth and the silk moth are presented. The oak processionary moth as a pest and the health risks it poses are described in detail. The topic of mimicry is also briefly explained in this context.<\/p>\n<p>Interactive tasks round off the learning unit. The 12 modules are offered in offline format and can be downloaded and used on all standard end devices without the Internet.<\/p>\n<p>Translated with DeepL.com (free version)<\/p>\n","protected":false},"excerpt":{"rendered":"<p>In our interactive learning unit &#8220;Sachunterricht 4 &#8211; Blackbird&#8221; you will find 10 interactive and didactically prepared tasks on the subject of blackbirds.<\/p>\n","protected":false},"featured_media":36168,"template":"","meta":{"_acf_changed":false},"product_brand":[],"product_cat":[182],"product_tag":[88,126],"class_list":{"0":"post-24237","1":"product","2":"type-product","3":"status-publish","4":"has-post-thumbnail","6":"product_cat-interactive-unit","7":"product_tag-subject-biology","8":"product_tag-target-sek-i-2","10":"first","11":"instock","12":"taxable","13":"shipping-taxable","14":"purchasable","15":"product-type-variable"},"acf":{"subtitle":"Blackbird","article_id":"55506445","languages":"DE","thumb_up":false,"cover_image":null,"linked_product":6769,"linked_products":null,"banner":{"show":false,"text":"","color":""},"length":"","content_movie":"","learning_goals":"","preview_gif":"","trailer":{"file":"","url":"","image":""},"mediathek_id":"","amount":12,"demo_url":"https:\/\/www.interaktive-arbeitshefte.de\/de\/h5p\/33325\/embed","h5p_demo_id":"","content_interactive":"Spinner (Schmetterlinge) - Interaktive Wissensvermittlung\r\nProzessionsspinner - Interaktive Wissensvermittlung\r\nEichenprozessionsspinner - Interaktive Wissensvermittlung\r\nEichen-Prozessionsspinner - Bildergalerie\r\nMimese - Interaktive Wissensvermittlung\r\nNat\u00fcrliche Feinde der Spinner - Interaktive Wissensvermittlung\r\nSch\u00e4den und Gefahren f\u00fcr die Gesundheit und Gegenma\u00dfnahmen\r\nSeidenspinner - Wissensvermittlung mit Video und Aufgaben\r\nLebenszyklus Prozessionsspinner - Interaktive Aufgabe\r\nProzessionsspinner - Interaktive Aufgaben\r\nSpinner - Interaktiver L\u00fcckentext\r\nSpinner - Glossar","hide_numbers":false,"flyer":"","info_columns":null},"_links":{"self":[{"href":"https:\/\/www.medienlb.com\/en\/wp-json\/wp\/v2\/product\/24237","targetHints":{"allow":["GET"]}}],"collection":[{"href":"https:\/\/www.medienlb.com\/en\/wp-json\/wp\/v2\/product"}],"about":[{"href":"https:\/\/www.medienlb.com\/en\/wp-json\/wp\/v2\/types\/product"}],"acf:post":[{"embeddable":true,"href":"https:\/\/www.medienlb.com\/en\/wp-json\/wp\/v2\/product\/6769"}],"wp:featuredmedia":[{"embeddable":true,"href":"https:\/\/www.medienlb.com\/en\/wp-json\/wp\/v2\/media\/36168"}],"wp:attachment":[{"href":"https:\/\/www.medienlb.com\/en\/wp-json\/wp\/v2\/media?parent=24237"}],"wp:term":[{"taxonomy":"product_brand","embeddable":true,"href":"https:\/\/www.medienlb.com\/en\/wp-json\/wp\/v2\/product_brand?post=24237"},{"taxonomy":"product_cat","embeddable":true,"href":"https:\/\/www.medienlb.com\/en\/wp-json\/wp\/v2\/product_cat?post=24237"},{"taxonomy":"product_tag","embeddable":true,"href":"https:\/\/www.medienlb.com\/en\/wp-json\/wp\/v2\/product_tag?post=24237"}],"curies":[{"name":"wp","href":"https:\/\/api.w.org\/{rel}","templated":true}]}}