{"id":24212,"date":"2024-04-08T09:37:16","date_gmt":"2024-04-08T09:37:16","guid":{"rendered":"https:\/\/www.medienlb.com\/?post_type=product&#038;p=24212"},"modified":"2024-06-07T07:51:36","modified_gmt":"2024-06-07T07:51:36","slug":"kamishibai-vol-4-kopie-kopie-kopie-kopie-kopie-kopie-kopie-kopie-kopie-kopie","status":"publish","type":"product","link":"https:\/\/www.medienlb.com\/en\/produkt\/kamishibai-vol-4-kopie-kopie-kopie-kopie-kopie-kopie-kopie-kopie-kopie-kopie\/","title":{"rendered":"Franz\u00f6sisch 5\/6, Vol. 4"},"content":{"rendered":"<p>Child-friendly and meaningful short stories with high-quality illustrations. The medium contains 100 interactive modules (H5P) with 25 digital picture stories in French and German (switchable). The pictures are individually provided with text and tell a short story. The language level is level 1 (less than 250 words\/story). The picture\/text pages can be used digitally or as printed picture card sets. There are separate, alternating task modules for each picture story, including cloze text, vocabulary training, word grids and word puzzles. All modules can and should also be used as reading training. They are therefore also ideal for homework, station learning and DaF\/DaZ. The H5P modules are structured page by page and can be used as a digital book format. Once downloaded, the complete package can be used offline and the modules can also be passed on to learners individually.<\/p>\n<p>Translated with DeepL.com (free version)<\/p>\n","protected":false},"excerpt":{"rendered":"<p>The medium offers H5P tasks that can be used without additional software. The medium contains texts and interactive tasks on the subject of picture stories.<\/p>\n","protected":false},"featured_media":24216,"template":"","meta":{"_acf_changed":false},"product_brand":[],"product_cat":[183],"product_tag":[153,126],"class_list":{"0":"post-24212","1":"product","2":"type-product","3":"status-publish","4":"has-post-thumbnail","6":"product_cat-interactive-workbook","7":"product_tag-subject-foreign-language","8":"product_tag-target-sek-i-2","10":"first","11":"instock","12":"taxable","13":"shipping-taxable","14":"purchasable","15":"product-type-variable"},"acf":{"subtitle":"Picture stories frensh\/german","article_id":"55506073","languages":"DE","thumb_up":false,"cover_image":null,"linked_product":23716,"linked_products":null,"banner":{"show":false,"text":"","color":""},"length":"","content_movie":"","learning_goals":"","preview_gif":"","trailer":{"file":"","url":"","image":""},"mediathek_id":"","amount":50,"demo_url":"https:\/\/www.interaktive-arbeitshefte.de\/de\/h5p\/29957\/embed","h5p_demo_id":"","content_interactive":"Regardez-moi ! - Schau mich an (Level 1)\r\nLisses ou boucl\u00e9s ? - Lockig und glatt (Level 1)\r\nCeci et cela - Dies und das (Level 1)\r\nPetite souris veut jouer - Ratte und Ziege (Level 1)\r\nLes couleurs - Farben (Level 1)\r\nQui est le plus rapide ? - Wer ist schneller? (Level 1)\r\nScratch ! Scratch ! Scratch ! - Kratz! Kratzt! Kratz! (Level 1) (Franz\u00f6sisch)\r\nMaaloo, Kaaloo... et c'est tout ? - Maaloo, Kaaloo ...und wer?\r\nLes maisons des animaux - Das Zuhause von Tieren (Level 1)\r\nAmis \u00e0 plumes - Gefiederte Freunde (Level 1)\r\nLa roue qui voulait se rendre utile - Das Problem des Rades (Level 1)\r\nL'abeille et l\u2019\u00e9l\u00e9phant - Die Biene und der Elefant (Level 1)\r\nQui peut voler ? - Wer kann fliegen (Level 1)\r\nBilly \u00e0 la rescrousse - Billy als Retter (Level 1)\r\nFourmi Noire - Schwarze Ameise (Level 1)\r\nLes chaussures du lion - Die Schuhe des L\u00f6wen (Level 1)\r\nLa poup\u00e9e perdue - Die verlorene Puppe (Level 1)\r\nLe howdah du lion - Die Howdah des L\u00f6wen (Level 1)\r\nLe vendeur de ballons - Der Ballonverk\u00e4ufer (Level 1)\r\nJalebi (Indisches Dessert) (Level 1)\r\nLes aventures de Bhaunku - Das Fladenbrot (Level 1)\r\nLe palmier - Die Palme (Level 1)\r\n\u00c0 quoi servent ces objets ? - Wof\u00fcr sind die? (Level 1)\r\nO\u00f9 est Thabo ? - Wo ist Thabo? (Level 1)\r\nTu as entendu ? - Hast du geh\u00f6rt? (Level 1)\r\nRegardez-moi ! - Faire glisser les mots\r\nRegardez-moi ! - W\u00f6rterschlange\r\nLisses ou boucl\u00e9s ? - Faire glisser les mots\r\nLisses ou boucl\u00e9s ? - W\u00f6rterschlange\r\nCeci et cela - Faire glisser les mots\r\nCeci et cela - W\u00f6rterschlange\r\nPetite souris veut jouer - Faire glisser les mots\r\nPetite souris veut jouer - W\u00f6rterschlange\r\nLes couleurs - Faire glisser les mots\r\nLes couleurs - W\u00f6rterschlange\r\nQui est le plus rapide ? - Faire glisser les mots\r\nQui est le plus rapide ? - W\u00f6rterschlange\r\nScratch ! Scratch ! Scratch ! - Faire glisser les mots\r\nScratch ! Scratch ! Scratch ! - W\u00f6rterschlange\r\nMaaloo, Kaaloo... et c'est tout ? - Faire glisser les mots\r\nMaaloo, Kaaloo... et c'est tout ? - W\u00f6rterschlange\r\nLes maisons des animaux - Faire glisser les mots\r\nLes maisons des animaux - W\u00f6rterschlange\r\nAmis \u00e0 plumes - Faire glisser les mots\r\nAmis \u00e0 plumes - W\u00f6rterschlange\r\nLa roue qui voulait se rendre utile - Faire glisser les mots\r\nLa roue qui voulait se rendre utile - W\u00f6rterschlange\r\nL'abeille et l\u2019\u00e9l\u00e9phant - Faire glisser les mots\r\nL'abeille et l\u2019\u00e9l\u00e9phant - W\u00f6rterschlange\r\nQui peut voler ? - Faire glisser les mots\r\nQui peut voler ? - W\u00f6rterschlange\r\nBilly \u00e0 la rescrousse - Faire glisser les mots\r\nBilly \u00e0 la rescrousse - W\u00f6rterschlange\r\nFourmi Noire - Faire glisser les mots\r\nFourmi Noire - W\u00f6rterschlange\r\nLes chaussures du lion - Faire glisser les mots\r\nLes chaussures du lion - W\u00f6rterschlange\r\nLa poup\u00e9e perdue - Faire glisser les mots\r\nLa poup\u00e9e perdue - W\u00f6rterschlange\r\nLe howdah du lion - Faire glisser les mots\r\nLe howdah du lion - W\u00f6rterschlange\r\nLe vendeur de ballons - Faire glisser les mots\r\nLe vendeur de ballons - W\u00f6rterschlange\r\nJalebi - Faire glisser les mots\r\nJalebi - W\u00f6rterschlange\r\nLes aventures de Bhaunku - Faire glisser les mots\r\nLes aventures de Bhaunku - W\u00f6rterschlange\r\nLe palmier - Faire glisser les mots\r\nLe palmier - W\u00f6rterschlange\r\n\u00c0 quoi servent ces objets ? - Faire glisser les mots\r\n\u00c0 quoi servent ces objets ? - W\u00f6rterschlange\r\nO\u00f9 est Thabo ? - Faire glisser les mots\r\nO\u00f9 est Thabo ? - W\u00f6rterschlange\r\nTu as entendu ? - Faire glisser les mots\r\nTu as entendu ? - W\u00f6rterschlange","hide_numbers":false,"flyer":"","info_columns":null},"_links":{"self":[{"href":"https:\/\/www.medienlb.com\/en\/wp-json\/wp\/v2\/product\/24212","targetHints":{"allow":["GET"]}}],"collection":[{"href":"https:\/\/www.medienlb.com\/en\/wp-json\/wp\/v2\/product"}],"about":[{"href":"https:\/\/www.medienlb.com\/en\/wp-json\/wp\/v2\/types\/product"}],"acf:post":[{"embeddable":true,"href":"https:\/\/www.medienlb.com\/en\/wp-json\/wp\/v2\/product\/23716"}],"wp:featuredmedia":[{"embeddable":true,"href":"https:\/\/www.medienlb.com\/en\/wp-json\/wp\/v2\/media\/24216"}],"wp:attachment":[{"href":"https:\/\/www.medienlb.com\/en\/wp-json\/wp\/v2\/media?parent=24212"}],"wp:term":[{"taxonomy":"product_brand","embeddable":true,"href":"https:\/\/www.medienlb.com\/en\/wp-json\/wp\/v2\/product_brand?post=24212"},{"taxonomy":"product_cat","embeddable":true,"href":"https:\/\/www.medienlb.com\/en\/wp-json\/wp\/v2\/product_cat?post=24212"},{"taxonomy":"product_tag","embeddable":true,"href":"https:\/\/www.medienlb.com\/en\/wp-json\/wp\/v2\/product_tag?post=24212"}],"curies":[{"name":"wp","href":"https:\/\/api.w.org\/{rel}","templated":true}]}}