{"id":24200,"date":"2024-04-08T09:17:06","date_gmt":"2024-04-08T09:17:06","guid":{"rendered":"https:\/\/www.medienlb.com\/?post_type=product&#038;p=24200"},"modified":"2024-06-10T12:44:03","modified_gmt":"2024-06-10T12:44:03","slug":"kamishibai-vol-4-kopie-kopie-kopie-kopie-kopie-kopie-kopie-kopie-kopie-2","status":"publish","type":"product","link":"https:\/\/www.medienlb.com\/en\/produkt\/kamishibai-vol-4-kopie-kopie-kopie-kopie-kopie-kopie-kopie-kopie-kopie-2\/","title":{"rendered":"Spanish 5\/6, Vol. 3"},"content":{"rendered":"<p>Child-friendly short stories with high-quality illustrations in Spanish and German. The medium contains 25 digital picture stories, including 75 modules and interactive tasks (H5P) in Spanish and German (switchable). The pictures are individually provided with text and tell a short story. The language level is level 1 (less than 250 words\/story). The picture\/text pages can be used digitally or as printed picture card sets. A final task completes each module. All modules can and should also be used as reading training. They are therefore also ideal for substitution lessons, homework, station learning and DaF\/DaZ. The H5P modules are structured page by page and can be used as a digital book format.<\/p>\n","protected":false},"excerpt":{"rendered":"<p>The medium offers H5P tasks that can be used without additional software. The medium contains texts and interactive tasks on the subject of picture stories.<\/p>\n","protected":false},"featured_media":24206,"template":"","meta":{"_acf_changed":false},"product_brand":[],"product_cat":[183],"product_tag":[153,126],"class_list":{"0":"post-24200","1":"product","2":"type-product","3":"status-publish","4":"has-post-thumbnail","6":"product_cat-interactive-workbook","7":"product_tag-subject-foreign-language","8":"product_tag-target-sek-i-2","10":"first","11":"instock","12":"taxable","13":"shipping-taxable","14":"purchasable","15":"product-type-variable"},"acf":{"subtitle":"Picture stories Spanish German","article_id":"55506066","languages":"DE","thumb_up":false,"cover_image":null,"linked_product":23716,"linked_products":null,"banner":{"show":false,"text":"","color":""},"length":"","content_movie":"","learning_goals":"","preview_gif":"","trailer":{"file":"","url":"","image":""},"mediathek_id":"","amount":50,"demo_url":"https:\/\/www.interaktive-arbeitshefte.de\/sites\/html\/55506066\/varianten\/de\/material\/html_dateien\/55505555_2.html","h5p_demo_id":"","content_interactive":"Mirame a mi - Schau mich an (Level 1)\r\nGoloo El C\u00edrculo - Goloo, der Kreis (Level 1)\r\nT\u00fa si puedes! - Kann und kann nicht (Level 1)\r\nTimmy y Pepe - Timmy und Pepe (Level 1)\r\nAaloo-Maaloo-Kaaloo (Level 1) (Spanisch)\r\nMaloo, Kaloo y \u00bfQui\u00e9n? - Maaloo, Kaaloo ...und wer?\r\nTommy y Tingu - Tommy und Tingu (Level 1)\r\nLa Cometa - Der Lenkdrachen (Level 1)\r\nSuma - Suma (Level 1) (Spanisch)\r\n\u00bfQu\u00e9 es? - Was ist es? (Level 1)\r\nLondi: la ni\u00f1a so\u00f1adora - Londi: Das tr\u00e4umende M\u00e4dchen (Level 1)\r\nAmigos - Freunde (Level 1)\r\nLa Palmera - Die Palme (Level 1)\r\n\u00a1Demasiado grande! \u00a1Demasiado peque\u00f1a! - Zu gro\u00df! Zu klein! (Level 1)\r\n\u00bfQu\u00e9 es? - Was ist es? (2) (Level 1)\r\n\u00bfPara qu\u00e9 son estos? - Wof\u00fcr sind die? (Level 1)\r\n\u00bfD\u00f3nde est\u00e1 Thabo? - Wo ist Thabo? (Level 1)\r\n\u00a1El tigre est\u00e1 aqu\u00ed! - Der Tiger ist hier! (Level 1)\r\n\u00bfQui\u00e9n se comi\u00f3 todo eso? - Wer hat das alles aufgegessen? (Level 1)\r\n\u00a1Gato salvaje! \u00a1Gato salvaje! - Wilde Katzen! (Level 1)\r\n\u00bfEscuchaste? - Hast du geh\u00f6rt? (Level 1)\r\nUn hombre muy grande - Ein sehr gro\u00dfer Mann\r\nLa mona y el cocodrilo - Affe und Krokodil (Level 1)\r\nMis sentidos - Lass uns gehen (Level 1)\r\nEl monstruo del alimento - Essensmonster (Level 1)\r\nMirame a mi - Arrastra las palabras\r\nMirame a mi - Wortpuzzle\r\nGoloo El C\u00edrculo - Arrastra las palabras\r\nGoloo El C\u00edrculo - Wortpuzzle\r\nLa silla de dosel del le\u00f3n - Arrastra las palabras\r\nT\u00fa si puedes! - Wortpuzzle\r\nTimmy y Pepe - Arrastra las palabras\r\nTimmy y Pepe - Wortpuzzle\r\nAaloo - Maaloo - Kaaloo - Arrastra las palabras\r\nAaloo - Maaloo - Kaaloo - Wortpuzzle\r\nMaloo, Kaloo y \u00bfQui\u00e9n? - Arrastra las palabras\r\nMaloo, Kaloo y \u00bfQui\u00e9n? - Wortpuzzle\r\nTommy y Tingu - Arrastra las palabras\r\nTommy y Tingu - Wortpuzzle\r\nLa Cometa - Arrastra las palabras\r\nLa Cometa - Wortpuzzle\r\nSuma - Arrastra las palabras\r\nSuma - Wortpuzzle\r\n\u00bfQu\u00e9 es? - Arrastra las palabras\r\n\u00bfQu\u00e9 es? - Wortpuzzle\r\nLondi: la ni\u00f1a so\u00f1adora - Arrastra las palabras\r\nLondi: la ni\u00f1a so\u00f1adora - Wortpuzzle\r\nAmigos - Arrastra las palabras\r\nAmigos - Wortpuzzle\r\nLa Palmera - Arrastra las palabras\r\nLa Palmera - Wortpuzzle\r\n\u00a1Demasiado grande! \u00a1Demasiado peque\u00f1a! - Arrastra las palabras\r\n\u00a1Demasiado grande! \u00a1Demasiado peque\u00f1a! - Wortpuzzle\r\n\u00bfQu\u00e9 es? (2) - Arrastra las palabras\r\n\u00bfQu\u00e9 es? (2) - Wortpuzzle\r\n\u00bfPara qu\u00e9 son estos? - Arrastra las palabras\r\n\u00bfPara qu\u00e9 son estos? - Wortpuzzle\r\n\u00bfD\u00f3nde est\u00e1 Thabo? - Arrastra las palabras\r\n\u00bfD\u00f3nde est\u00e1 Thabo? - Wortpuzzle\r\n\u00a1El tigre est\u00e1 aqu\u00ed! - Arrastra las palabras\r\n\u00a1El tigre est\u00e1 aqu\u00ed! - Wortpuzzle\r\n\u00bfQui\u00e9n se comi\u00f3 todo eso? - Arrastra las palabras\r\n\u00bfQui\u00e9n se comi\u00f3 todo eso? - Wortpuzzle\r\n\u00a1Gato salvaje! \u00a1Gato salvaje! - Arrastra las palabras\r\n\u00a1Gato salvaje! \u00a1Gato salvaje! - Wortpuzzle\r\n\u00bfEscuchaste? - Arrastra las palabras\r\n\u00bfEscuchaste? - Wortpuzzle\r\nUn hombre muy grande - Arrastra las palabras\r\nUn hombre muy grande - Wortpuzzle\r\nLa mona y el cocodrilo - Arrastra las palabras\r\nLa mona y el cocodrilo - Wortpuzzle\r\nMis sentidos - Arrastra las palabras\r\nMis sentidos - Wortpuzzle\r\nEl monstruo del alimento - Arrastra las palabras\r\nEl monstruo del alimento - Wortpuzzle","hide_numbers":false,"flyer":"","info_columns":null},"_links":{"self":[{"href":"https:\/\/www.medienlb.com\/en\/wp-json\/wp\/v2\/product\/24200","targetHints":{"allow":["GET"]}}],"collection":[{"href":"https:\/\/www.medienlb.com\/en\/wp-json\/wp\/v2\/product"}],"about":[{"href":"https:\/\/www.medienlb.com\/en\/wp-json\/wp\/v2\/types\/product"}],"acf:post":[{"embeddable":true,"href":"https:\/\/www.medienlb.com\/en\/wp-json\/wp\/v2\/product\/23716"}],"wp:featuredmedia":[{"embeddable":true,"href":"https:\/\/www.medienlb.com\/en\/wp-json\/wp\/v2\/media\/24206"}],"wp:attachment":[{"href":"https:\/\/www.medienlb.com\/en\/wp-json\/wp\/v2\/media?parent=24200"}],"wp:term":[{"taxonomy":"product_brand","embeddable":true,"href":"https:\/\/www.medienlb.com\/en\/wp-json\/wp\/v2\/product_brand?post=24200"},{"taxonomy":"product_cat","embeddable":true,"href":"https:\/\/www.medienlb.com\/en\/wp-json\/wp\/v2\/product_cat?post=24200"},{"taxonomy":"product_tag","embeddable":true,"href":"https:\/\/www.medienlb.com\/en\/wp-json\/wp\/v2\/product_tag?post=24200"}],"curies":[{"name":"wp","href":"https:\/\/api.w.org\/{rel}","templated":true}]}}