{"id":24132,"date":"2024-04-08T08:30:00","date_gmt":"2024-04-08T08:30:00","guid":{"rendered":"https:\/\/www.medienlb.com\/?post_type=product&#038;p=24132"},"modified":"2024-06-10T12:59:25","modified_gmt":"2024-06-10T12:59:25","slug":"kamishibai-vol-4-kopie-kopie-kopie-kopie-kopie-kopie","status":"publish","type":"product","link":"https:\/\/www.medienlb.com\/en\/produkt\/kamishibai-vol-4-kopie-kopie-kopie-kopie-kopie-kopie\/","title":{"rendered":"French 5\/6, Vol. 3"},"content":{"rendered":"<p>&#8220;Child-friendly short stories with high-quality illustrations in French and German.<br \/>\nThe medium contains 25 digital picture stories, including 75 modules and interactive tasks (H5P) in French and German (switchable).<br \/>\nThe pictures are individually provided with text and tell a short story.<br \/>\nThe language level is level 1 (less than 250 words\/story).<br \/>\nThe picture\/text pages can be used digitally or as printed picture card sets.<br \/>\nA final task completes each module. All modules can and should also be used as reading training.<br \/>\nThey are therefore also ideal for substitution lessons, homework, station learning and DaF\/DaZ.<br \/>\nThe H5P modules are structured page by page and can be used as a digital book format.&#8221;<\/p>\n","protected":false},"excerpt":{"rendered":"<p>The medium offers H5P tasks that can be used without additional software. The medium contains texts and interactive tasks on the subject of picture stories.<\/p>\n","protected":false},"featured_media":24136,"template":"","meta":{"_acf_changed":false},"product_brand":[],"product_cat":[183],"product_tag":[153,126],"class_list":{"0":"post-24132","1":"product","2":"type-product","3":"status-publish","4":"has-post-thumbnail","6":"product_cat-interactive-workbook","7":"product_tag-subject-foreign-language","8":"product_tag-target-sek-i-2","10":"first","11":"instock","12":"taxable","13":"shipping-taxable","14":"purchasable","15":"product-type-variable"},"acf":{"subtitle":"Picture stories French\/German","article_id":"55506072","languages":"DE","thumb_up":false,"cover_image":null,"linked_product":23716,"linked_products":null,"banner":{"show":false,"text":"","color":""},"length":"","content_movie":"","learning_goals":"","preview_gif":"","trailer":{"file":"","url":"","image":""},"mediathek_id":"","amount":50,"demo_url":"https:\/\/www.interaktive-arbeitshefte.de\/sites\/html\/55505757\/varianten\/de\/material\/html_dateien\/55505555_2.html","h5p_demo_id":"","content_interactive":"La terre - Die Erde (Level 1)\r\nJ'adore mon jardin - Mein Garten (Level 1)\r\nTrop petite ! Trop grande ! - Zu gro\u00df! Zu klein! (Level 1)\r\nGrand et petit - Gro\u00df und Klein (Level 1)\r\nLes amis - Freunde (Level 1)\r\nGoloo, le cercle - Goloo, der Kreis (Level 1)\r\nLes f\u00e9lins - Wilde Katzen! (Level 1)\r\nQui a englouti tout cela ? - Wer hat das alles aufgegessen? (Level 1)\r\nLa Guenon et le Crocodile - Affe und Krokodil (Level 1)\r\nNdalo et sa vache, Pendo - Pendo, unsere Kuh (Level 1)\r\nAllons-Y ! - Lass uns gehen (Level 1)\r\nTimmy taquine Pip - Timmy und Pepe (Level 1)\r\nTommy et Tingu - Tommy und Tingu (Level 1)\r\nQu'est-ce qui te rend sp\u00e9cial ? - Was macht dich besonders? (Level 1)\r\nUn Homme Tr\u00e8s Grand - Ein sehr gro\u00dfer Mann (Level 1)\r\nLe monstre alimentaire - Essensmonster (Level 1)\r\nLe cervolant - Der Lenkdrachen (Level 1)\r\nQu'est-ce que c'est ? - Was ist es? (Level 1)\r\nLondi: La petite fille qui n'arr\u00eatait pas de r\u00eaver - Londi: Das tr\u00e4umende M\u00e4dchen (Level 1)\r\nAttention ! Voil\u00e0 le tigre ! - Der Tiger ist hier! (Level 1)\r\nSavoir, ne pas savoir - Kann und kann nicht (Level 1)\r\nD'o\u00f9 vient ce bruit ? - Was ist es? (2) (Level 1)\r\nSuma - Suma (Level 1) (Franz\u00f6sisch)\r\nLe meilleur ami des animaux - Wer ist unser Freund? (Level 1)\r\nQuelle magnifique journ\u00e9e ! - Ein sch\u00f6ner Tag (Level 1)\r\nLa terre - Faire glisser les mots\r\nLa terre - Wortpuzzle\r\nJ'adore mon jardin - Faire glisser les mots\r\nJ'adore mon jardin - Wortpuzzle\r\nTrop petite ! Trop grande ! - Faire glisser les mots\r\nTrop petite ! Trop grande ! - Wortpuzzle\r\nGrand et petit - Faire glisser les mots\r\nGrand et petit - Wortpuzzle\r\nLes amis - Faire glisser les mots\r\nLes amis - Wortpuzzle\r\nGoloo, le cercle - Faire glisser les mots\r\nGoloo, le cercle - Wortpuzzle\r\nLes f\u00e9lins - Faire glisser les mots\r\nLes f\u00e9lins - Wortpuzzle\r\nQui a englouti tout cela ? - Faire glisser les mots\r\nQui a englouti tout cela ? - Wortpuzzle\r\nLa Guenon et le Crocodile - Faire glisser les mots\r\nLa Guenon et le Crocodile - Wortpuzzle\r\nNdalo et sa vache, Pendo - Faire glisser les mots\r\nNdalo et sa vache, Pendo - Wortpuzzle\r\nAllons-Y ! - Faire glisser les mots\r\nAllons-Y ! - Wortpuzzle\r\nTimmy taquine Pip - Faire glisser les mots\r\nTimmy taquine Pip - Wortpuzzle\r\nTommy et Tingu - Faire glisser les mots\r\nTommy et Tingu - Wortpuzzle\r\nQu'est-ce qui te rend sp\u00e9cial ? - Faire glisser les mots\r\nQu'est-ce qui te rend sp\u00e9cial ? - Wortpuzzle\r\nUn Homme Tr\u00e8s Grand - Faire glisser les mots\r\nUn Homme Tr\u00e8s Grand - Wortpuzzle\r\nLe monstre alimentaire - Faire glisser les mots\r\nLe monstre alimentaire - Wortpuzzle\r\nLe cervolant - Faire glisser les mots\r\nLe cervolant - Wortpuzzle\r\nQu'est-ce que c'est ? - Faire glisser les mots\r\nQu'est-ce que c'est ? - Wortpuzzle\r\nLondi: La petite fille qui n'arr\u00eatait pas de r\u00eaver - Faire glisser les mots\r\nLondi: La petite fille qui n'arr\u00eatait pas de r\u00eaver - Wortpuzzle\r\nAttention ! Voil\u00e0 le tigre ! - Faire glisser les mots\r\nAttention ! Voil\u00e0 le tigre ! - Wortpuzzle\r\nSavoir, ne pas savoir - Faire glisser les mots\r\nSavoir, ne pas savoir - Wortpuzzle\r\nD'o\u00f9 vient ce bruit ? - Faire glisser les mots\r\nD'o\u00f9 vient ce bruit ? - Wortpuzzle\r\nSuma - Faire glisser les mots\r\nSuma - Wortpuzzle\r\nLe meilleur ami des animaux - Faire glisser les mots\r\nLe meilleur ami des animaux - Wortpuzzle\r\nQuelle magnifique journ\u00e9e ! - Faire glisser les mots\r\nQuelle magnifique journ\u00e9e ! - Wortpuzzle\r\n","hide_numbers":false,"flyer":"","info_columns":null},"_links":{"self":[{"href":"https:\/\/www.medienlb.com\/en\/wp-json\/wp\/v2\/product\/24132","targetHints":{"allow":["GET"]}}],"collection":[{"href":"https:\/\/www.medienlb.com\/en\/wp-json\/wp\/v2\/product"}],"about":[{"href":"https:\/\/www.medienlb.com\/en\/wp-json\/wp\/v2\/types\/product"}],"acf:post":[{"embeddable":true,"href":"https:\/\/www.medienlb.com\/en\/wp-json\/wp\/v2\/product\/23716"}],"wp:featuredmedia":[{"embeddable":true,"href":"https:\/\/www.medienlb.com\/en\/wp-json\/wp\/v2\/media\/24136"}],"wp:attachment":[{"href":"https:\/\/www.medienlb.com\/en\/wp-json\/wp\/v2\/media?parent=24132"}],"wp:term":[{"taxonomy":"product_brand","embeddable":true,"href":"https:\/\/www.medienlb.com\/en\/wp-json\/wp\/v2\/product_brand?post=24132"},{"taxonomy":"product_cat","embeddable":true,"href":"https:\/\/www.medienlb.com\/en\/wp-json\/wp\/v2\/product_cat?post=24132"},{"taxonomy":"product_tag","embeddable":true,"href":"https:\/\/www.medienlb.com\/en\/wp-json\/wp\/v2\/product_tag?post=24132"}],"curies":[{"name":"wp","href":"https:\/\/api.w.org\/{rel}","templated":true}]}}