{"id":24110,"date":"2024-04-08T08:09:58","date_gmt":"2024-04-08T08:09:58","guid":{"rendered":"https:\/\/www.medienlb.com\/?post_type=product&#038;p=24110"},"modified":"2025-01-31T12:15:52","modified_gmt":"2025-01-31T12:15:52","slug":"tuerkisch-5-6-vol-1","status":"publish","type":"product","link":"https:\/\/www.medienlb.com\/en\/produkt\/tuerkisch-5-6-vol-1\/","title":{"rendered":"T\u00fcrkisch 5\/6, Vol. 1"},"content":{"rendered":"<p>In unserem Arbeitsheft T\u00fcrkisch 5\/6, Vol. 1 &#8211; Bildergeschichten (Level 1) &#8211; T\u00fcrkisch\/Deutsch\/DaF-DaZ finden Sie 50 interaktive und didaktisch aufbereitete Aufgaben.<\/p>\n<p>Das Medium bietet H5P-Aufgaben an, die ohne zus\u00e4tzliche Software verwendbar sind. Das Medium enth\u00e4lt interaktive H5P-Aufgaben zum Thema Lesen und Wortschatz.<br \/>\nDurch interaktive Aufgabentypen wird das audiovisuelle und interaktive Lernen einfach.<br \/>\nLernen macht jetzt Spa\u00df!<\/p>\n","protected":false},"excerpt":{"rendered":"<p>In unserem Arbeitsheft T\u00fcrkisch 5\/6, Vol. 1 &#8211; Bildergeschichten (Level 1) &#8211; T\u00fcrkisch\/Deutsch\/DaF-DaZ finden Sie 50 interaktive und didaktisch aufbereitete Aufgaben.<\/p>\n","protected":false},"featured_media":24121,"template":"","meta":{"_acf_changed":false},"product_brand":[],"product_cat":[181],"product_tag":[152],"class_list":{"0":"post-24110","1":"product","2":"type-product","3":"status-publish","4":"has-post-thumbnail","6":"product_cat-interaktives-arbeitsheft","7":"product_tag-subject-fremdsprache","9":"first","10":"instock","11":"taxable","12":"shipping-taxable","13":"purchasable","14":"product-type-variable"},"acf":{"subtitle":"Bildergeschichten (Level 1) - T\u00fcrkisch\/Deutsch\/DaF-DaZ","article_id":"55505754","languages":"","thumb_up":false,"cover_image":29587,"linked_product":"","linked_products":null,"banner":{"show":false,"text":"","color":""},"length":"","content_movie":"","learning_goals":"","preview_gif":"","trailer":{"file":"","url":"","image":""},"mediathek_id":"","amount":50,"demo_url":"https:\/\/www.interaktive-arbeitshefte.de\/de\/h5p\/28194\/embed","h5p_demo_id":"","content_interactive":"G\u00fcl L\u00fctfen! - Bitte L\u00e4cheln (Level 1)\r\nG\u00f6kkusaginin 7 Rengi - 7 Farben des Regenbogens (Level 1)\r\nSisman Kral Zayif K\u00f6pek - Dicker K\u00f6nig, d\u00fcnner Hund (Level 1)\r\n\"Benim baligim!\" \"Hayir, benim baligim!\" - Mein Fisch! Nein, mein Fisch! (Level 1)\r\nHayir Bunu Alma! - Das will ich haben! (Level 1)\r\nOkulun Ilk G\u00fcn\u00fc - Ranis erster Schultag (Level 1)\r\nBunty ve Bubbly - Bunty und Bubbly (Level 1)\r\nEsegin Uykusu Var - Bheema, die Schlafm\u00fctze (Level 1)\r\nKayip Bulundu - Verloren und gefunden (Level 1)\r\nKirmizi Yagmurluk - Der rote Regenmantel (Level 1)\r\nOyun Zamani - Spielzeit (Level 1)\r\nDoganin Renkleri - Farben der Natur (Level 1)\r\nTirmanabiliyorum! - Ich kann klettern (Level 1)\r\nBen korkmuyorum - Ich habe keine Angst! (Level 1)\r\nEn Iyi Arkadasim - Meine beste Freundin (Level 1)\r\n\u00c7aliskan Karincalar - Flei\u00dfige Ameisen (Level 1)\r\nTemiz Kedicik Tirmik - Saubere Katze (Level 1)\r\nBir Sokak mi yoksa bir Hayvanat Bah\u00e7esi mi? - Eine Stra\u00dfe oder ein Zoo? (Level 1)\r\nYaris - Das Rennen (Level 1)\r\nAbim ve Ben - Mein Bruder und ich (Level 1)\r\nAy ve Sapka - Der Mond und die M\u00fctze (Level 1)\r\nUpuzun Bir Ad - Ein sehr gro\u00dfer Mann (Level 1)\r\nAmine ne yapiyor? - Was hat Ameena vor? (Level 1)\r\nKara Karinca - Schwarze Ameise (Level 1)\r\nU\u00e7urtma - Der Lenkdrachen (Level 1)\r\nBitte l\u00e4cheln! (Bildergeschichte Level 1)\r\n7 Farben des Regenbogens (Bildergeschichte Level 1)\r\nDicker K\u00f6nig, d\u00fcnner Hund (Bildergeschichte Level 1)\r\nMein Fisch! Nein, mein Fisch! (Bildergeschichte Level 1)\r\nDas will ich haben! (Bildergeschichte Level 1)\r\nRanis erster Schultag (Bildergeschichte Level 1)\r\nBunty und Bubbly (Bildergeschichte Level 1)\r\nBheema, die Schlafm\u00fctze (Bildergeschichte Level 1)\r\nVerloren und gefunden (Bildergeschichte Level 1)\r\nDer rote Regenmantel (Bildergeschichte Level 1)\r\nSpielzeit (Bildergeschichte Level 1)\r\nFarben der Natur (Bildergeschichte Level 1)\r\nIch kann klettern (Bildergeschichte Level 1)\r\nIch habe keine Angst! (Bildergeschichte Level 1)\r\nMeine beste Freundin (Bildergeschichte Level 1)\r\nFlei\u00dfige Ameisen (Bildergeschichte Level 1)\r\nSaubere Katze (Bildergeschichte Level 1)\r\nEine Stra\u00dfe oder ein Zoo? (Bildergeschichte Level 1)\r\nDas Rennen (Bildergeschichte Level 1)\r\nMein Bruder und ich (Bildergeschichte Level 1)\r\nDer Mond und die M\u00fctze (Bildergeschichte Level 1)\r\nEin sehr gro\u00dfer Mann (Bildergeschichte Level 1)\r\nWas hat Ameena vor? (Bildergeschichte Level 1)\r\nSchwarze Ameise (Bildergeschichte Level 1)\r\nDer Lenkdrachen (Bildergeschichte Level 1)","hide_numbers":false,"flyer":"","info_columns":null},"_links":{"self":[{"href":"https:\/\/www.medienlb.com\/en\/wp-json\/wp\/v2\/product\/24110","targetHints":{"allow":["GET"]}}],"collection":[{"href":"https:\/\/www.medienlb.com\/en\/wp-json\/wp\/v2\/product"}],"about":[{"href":"https:\/\/www.medienlb.com\/en\/wp-json\/wp\/v2\/types\/product"}],"wp:featuredmedia":[{"embeddable":true,"href":"https:\/\/www.medienlb.com\/en\/wp-json\/wp\/v2\/media\/24121"}],"wp:attachment":[{"href":"https:\/\/www.medienlb.com\/en\/wp-json\/wp\/v2\/media?parent=24110"}],"wp:term":[{"taxonomy":"product_brand","embeddable":true,"href":"https:\/\/www.medienlb.com\/en\/wp-json\/wp\/v2\/product_brand?post=24110"},{"taxonomy":"product_cat","embeddable":true,"href":"https:\/\/www.medienlb.com\/en\/wp-json\/wp\/v2\/product_cat?post=24110"},{"taxonomy":"product_tag","embeddable":true,"href":"https:\/\/www.medienlb.com\/en\/wp-json\/wp\/v2\/product_tag?post=24110"}],"curies":[{"name":"wp","href":"https:\/\/api.w.org\/{rel}","templated":true}]}}