{"id":24091,"date":"2024-04-08T06:54:36","date_gmt":"2024-04-08T06:54:36","guid":{"rendered":"https:\/\/www.medienlb.com\/?post_type=product&#038;p=24091"},"modified":"2024-06-10T12:40:12","modified_gmt":"2024-06-10T12:40:12","slug":"kamishibai-vol-4-kopie-kopie-kopie-kopie-2","status":"publish","type":"product","link":"https:\/\/www.medienlb.com\/en\/produkt\/kamishibai-vol-4-kopie-kopie-kopie-kopie-2\/","title":{"rendered":"Portugiesisch 5\/6, Vol. 2"},"content":{"rendered":"<p>Child-friendly short stories with high-quality illustrations in Portuguese and German.<br \/>\nThe medium contains 25 digital picture stories, including 75 modules and interactive tasks (H5P) in Portuguese and German (switchable).<br \/>\nThe pictures are individually provided with text and tell a short story.<br \/>\nThe language level is level 1 (less than 250 words\/story).<br \/>\nThe picture\/text pages can be used digitally or as printed picture card sets.<br \/>\nA final task completes each module. All modules can and should also be used as reading training.<br \/>\nThey are therefore also ideal for substitution lessons, homework, station learning and DaF\/DaZ.<br \/>\nThe H5P modules are structured page by page and can be used as a digital book format.<\/p>\n<p>&nbsp;<\/p>\n","protected":false},"excerpt":{"rendered":"<p>The medium offers H5P tasks that can be used without additional software. The medium contains texts and interactive tasks on the subject of picture stories.<\/p>\n","protected":false},"featured_media":24097,"template":"","meta":{"_acf_changed":false},"product_brand":[],"product_cat":[183],"product_tag":[153,126],"class_list":{"0":"post-24091","1":"product","2":"type-product","3":"status-publish","4":"has-post-thumbnail","6":"product_cat-interactive-workbook","7":"product_tag-subject-foreign-language","8":"product_tag-target-sek-i-2","10":"first","11":"instock","12":"taxable","13":"shipping-taxable","14":"purchasable","15":"product-type-variable"},"acf":{"subtitle":"Picture stories Portuguese\/German","article_id":"55505758","languages":"DE","thumb_up":false,"cover_image":null,"linked_product":24116,"linked_products":null,"banner":{"show":false,"text":"","color":""},"length":"","content_movie":"","learning_goals":"","preview_gif":"","trailer":{"file":"","url":"","image":""},"mediathek_id":"","amount":50,"demo_url":"https:\/\/www.interaktive-arbeitshefte.de\/sites\/html\/55505758\/varianten\/de\/material\/html_dateien\/55505555_1.html","h5p_demo_id":"","content_interactive":"Pequenos Pintores - Die kleinen Maler (Level 1)\r\nAs 7 cores do arco-\u00edris - 7 Farben des Regenbogens (Level 1)\r\nFormigas trabalhadoras - Flei\u00dfige Ameisen (Level 1)\r\nUma rua ou um zool\u00f3gico? - Eine Stra\u00dfe oder ein Zoo? (Level 1)\r\nO Presente de Natal do Sam - Sams Weihnachtsgeschenk (Level 1)\r\nMinha irm\u00e3 e eu - Meine Schwester und ich (Level 1)\r\nA mangueira - Der Mangobaum (Level 1)\r\nHist\u00f3rias de ninar - Gute-Nacht-Geschichten (Level 1)\r\nA melhor coisa de todas - Die beste Sache aller Zeiten (Level 1)\r\nMeu irm\u00e3o e Eu - Mein Bruder und ich (Level 1)\r\nO Rato Guloso - Die gierige Maus (Level 1)\r\nRei gordo e c\u00e3o magro - Dicker K\u00f6nig, d\u00fcnner Hund (Level 1)\r\nEu quero aquele! - Das will ich haben! (Level 1)\r\nBunty e Bubbly - Bunty und Bubbly (Level 1)\r\nA lua e o bon\u00e9 - Der Mond und die M\u00fctze (Level 1)\r\nBheema, o dorminhoco - Bheema, die Schlafm\u00fctze (Level 1)\r\nA Capa de Chuva Vermelha - Der rote Regenmantel (Level 1)\r\nMinha Casa - Mein Zuhause (Level 1)\r\nPerdidos e Achados - Verloren und gefunden (Level 1)\r\nEu consigo desenhar coisas! - Ich kann Dinge herstellen! (Level 1)\r\nEu n\u00e3o tenho medo! - Ich habe keine Angst! (Level 1)\r\nAbra\u00e7os na cidade - Umarmungen in der Stadt (Level 1)\r\nPorque, oh, porque? - Warum, warum nur? (Level 1)\r\nExiste algu\u00e9m como eu? - Gibt es jemanden, der so ist wie ich? (Level 1)\r\nDim Dom - Ting Tong (Level 1)\r\nPequenos Pintores - Arrastar as palavras\r\nPequenos Pintores - Finde die W\u00f6rter\r\nAs 7 cores do arco-\u00edris - Arrastar as palavras\r\nAs 7 cores do arco-\u00edris - Finde die W\u00f6rter\r\nFormigas trabalhadoras - Arrastar as palavras\r\nFormigas trabalhadoras - Wortpuzzle\r\nUma rua ou um zool\u00f3gico? - Arrastar as palavras\r\nVerbinde die Satzanf\u00e4nge - Uma rua ou um zool\u00f3gico?\r\nO Presente de Natal do Sam - Arrastar as palavras\r\nVerbinde die Satzanf\u00e4nge - O Presente de Natal do Sam\r\nMinha irm\u00e3 e eu - Arrastar as palavras\r\nVerbinde die Satzanf\u00e4nge - Minha irm\u00e3 e eu\r\nA mangueira - Arrastar as palavras\r\nVerbinde die Satzanf\u00e4nge - A mangueira\r\nHist\u00f3rias de ninar - Arrastar as palavras\r\nVerbinde die Satzanf\u00e4nge - Hist\u00f3rias de ninar\r\nA melhor coisa de todas - Arrastar as palavras\r\nVerbinde die Satzanf\u00e4nge - A melhor coisa de todas\r\nMeu irm\u00e3o e Eu - Arrastar as palavras\r\nMeu irm\u00e3o e Eu - Wortpuzzle\r\nO Rato Guloso - Arrastar as palavras\r\nVerbinde die Satzanf\u00e4nge - O Rato Guloso\r\nRei gordo e c\u00e3o magro - Arrastar as palavras\r\nRei gordo e c\u00e3o magro - Wortpuzzle\r\nEu quero aquele! - Arrastar as palavras\r\nVerbinde die Satzanf\u00e4nge - Eu quero aquele!\r\nBunty e Bubbly - Arrastar as palavras\r\nVerbinde die Satzanf\u00e4nge - Bunty e Bubbly\r\nA lua e o bon\u00e9 - Arrastar as palavras\r\nVerbinde die Satzanf\u00e4nge - A lua e o bon\u00e9\r\nBheema, o dorminhoco - Arrastar as palavras\r\nVerbinde die Satzanf\u00e4nge - Bheema, o dorminhoco\r\nA capa de chuva vermelha - Arrastar as palavras\r\nVerbinde die Satzanf\u00e4nge - A capa de chuva vermelha\r\nMinha Casa - Arrastar as palavras\r\nVerbinde die Satzanf\u00e4nge - Minha Casa\r\nPerdidos e Achados - Arrastar as palavras\r\nVerbinde die Satzanf\u00e4nge - Perdidos e Achados\r\nEu consigo desenhar coisas! - Arrastar as palavras\r\nVerbinde die Satzanf\u00e4nge - Eu consigo desenhar coisas!\r\nEu n\u00e3o tenho medo! - Arrastar as palavras\r\nVerbinde die Satzanf\u00e4nge - Eu n\u00e3o tenho medo!\r\nAbra\u00e7os na cidade - Arrastar as palavras\r\nVerbinde die Satzanf\u00e4nge - Abra\u00e7os na cidade\r\nPorque, oh, porque? - Arrastar as palavras\r\nPorque, oh, porque? - W\u00f6rterschlange\r\nExiste algu\u00e9m como eu? - Arrastar as palavras\r\nVerbinde die Satzanf\u00e4nge - Existe algu\u00e9m como eu?\r\nDim Dom - Arrastar as palavras\r\nDim Dom - Wortpuzzle\r\n","hide_numbers":false,"flyer":"","info_columns":null},"_links":{"self":[{"href":"https:\/\/www.medienlb.com\/en\/wp-json\/wp\/v2\/product\/24091","targetHints":{"allow":["GET"]}}],"collection":[{"href":"https:\/\/www.medienlb.com\/en\/wp-json\/wp\/v2\/product"}],"about":[{"href":"https:\/\/www.medienlb.com\/en\/wp-json\/wp\/v2\/types\/product"}],"acf:post":[{"embeddable":true,"href":"https:\/\/www.medienlb.com\/en\/wp-json\/wp\/v2\/product\/24116"}],"wp:featuredmedia":[{"embeddable":true,"href":"https:\/\/www.medienlb.com\/en\/wp-json\/wp\/v2\/media\/24097"}],"wp:attachment":[{"href":"https:\/\/www.medienlb.com\/en\/wp-json\/wp\/v2\/media?parent=24091"}],"wp:term":[{"taxonomy":"product_brand","embeddable":true,"href":"https:\/\/www.medienlb.com\/en\/wp-json\/wp\/v2\/product_brand?post=24091"},{"taxonomy":"product_cat","embeddable":true,"href":"https:\/\/www.medienlb.com\/en\/wp-json\/wp\/v2\/product_cat?post=24091"},{"taxonomy":"product_tag","embeddable":true,"href":"https:\/\/www.medienlb.com\/en\/wp-json\/wp\/v2\/product_tag?post=24091"}],"curies":[{"name":"wp","href":"https:\/\/api.w.org\/{rel}","templated":true}]}}