{"id":24068,"date":"2024-04-08T06:10:11","date_gmt":"2024-04-08T06:10:11","guid":{"rendered":"https:\/\/www.medienlb.com\/?post_type=product&#038;p=24068"},"modified":"2025-12-17T07:28:26","modified_gmt":"2025-12-17T07:28:26","slug":"englisch-6-vol-2","status":"publish","type":"product","link":"https:\/\/www.medienlb.com\/en\/produkt\/englisch-6-vol-2\/","title":{"rendered":"Englisch 6, Vol. 2"},"content":{"rendered":"<p>In unserem Arbeitsheft Englisch 6, Vol. 2 &#8211; Wortschatz und Lesetraining finden Sie 50 interaktive und didaktisch aufbereitete Aufgaben.<\/p>\n<p>Das Medium bietet H5P-Aufgaben an, die ohne zus\u00e4tzliche Software verwendbar sind. Das Medium enth\u00e4lt interaktive Aufgaben f\u00fcr das Lesetraining.<br \/>\nDurch interaktive Aufgabentypen wird das audiovisuelle und interaktive Lernen einfach.<br \/>\nLernen macht jetzt Spa\u00df!<\/p>\n","protected":false},"excerpt":{"rendered":"<p>In unserem Arbeitsheft Englisch 6, Vol. 2 &#8211; Wortschatz und Lesetraining finden Sie 50 interaktive und didaktisch aufbereitete Aufgaben.<\/p>\n","protected":false},"featured_media":36161,"template":"","meta":{"_acf_changed":false},"product_brand":[],"product_cat":[181],"product_tag":[152,125],"class_list":{"0":"post-24068","1":"product","2":"type-product","3":"status-publish","4":"has-post-thumbnail","6":"product_cat-interaktives-arbeitsheft","7":"product_tag-subject-fremdsprache","8":"product_tag-target-sek-i","10":"first","11":"instock","12":"taxable","13":"shipping-taxable","14":"purchasable","15":"product-type-variable"},"acf":{"subtitle":"Wortschatz und Lesetraining","article_id":"55506443","languages":"","thumb_up":false,"cover_image":29603,"linked_product":"","linked_products":null,"banner":{"show":false,"text":"","color":""},"length":"","content_movie":"","learning_goals":"","preview_gif":"","trailer":{"file":"","url":"","image":""},"mediathek_id":"","amount":50,"demo_url":"https:\/\/www.interaktive-arbeitshefte.de\/sites\/html\/55506443\/varianten\/de\/material\/html_dateien\/55505555_1.html","h5p_demo_id":"","content_interactive":"Listen to My Body - Ich h\u00f6re auf meinen K\u00f6rper\r\nListen to My Body - Drag the Words\r\nListen to My Body - W\u00f6rterschlange\r\nListen to My Body - Crossword\r\nListen to My Body - Find the words\r\nEverything looks new! - Alles sieht neu aus!\r\nEverything looks new! - Drag the Words\r\nEverything looks new! - W\u00f6rterschlange\r\nEverything looks new! - Crossword\r\nEverything looks new! - Find the words\r\nAunty Jui's Baby - Tante Juis Baby\r\nAunty Jui's Baby - Drag the Words\r\nAunty Jui's Baby - W\u00f6rterschlange\r\nAunty Jui's Baby - Crossword\r\nAunty Jui's Baby - Find the words\r\nHot Tea and Warm Rugs - Hei\u00dfer Tee und warme Decken\r\nHot Tea and Warm Rugs - Drag the Words\r\nHot Tea and Warm Rugs - W\u00f6rterschlange\r\nHot Tea and Warm Rugs - Crossword\r\nHot Tea and Warm Rugs - Find the words\r\nNo Smiles Today - Heute kein L\u00e4cheln\r\nNo Smiles Today - Drag the Words\r\nNo Smiles Today - W\u00f6rterschlange\r\nNo Smiles Today - Crossword\r\nNo Smiles Today - Find the words\r\nDaddy's Moustache - Papas Schnurrbart\r\nDaddy's Moustache - Drag the Words\r\nDaddy's Moustache - W\u00f6rterschlange\r\nDaddy's Moustache - Crossword\r\nDaddy's Moustache - Find the words\r\nGoing Home - Nach Hause gehen\r\nGoing Home - Drag the Words\r\nGoing Home - W\u00f6rterschlange\r\nGoing Home - Crossword\r\nGoing Home - Find the words\r\nThe Scarecrows on Parade - Vogelscheuchen auf Parade\r\nThe Scarecrows on Parade - Drag the Words\r\nThe Scarecrows on Parade - W\u00f6rterschlange\r\nThe Scarecrows on Parade - Crossword\r\nThe Scarecrows on Parade - Find the words\r\nWhat Does Anu See? - Was sieht Anu?\r\nWhat Does Anu See? - Drag the Words\r\nWhat Does Anu See? - W\u00f6rterschlange\r\nWhat Does Anu See? - Crossword\r\nWhat Does Anu See? - Find the words\r\nWhat Shall I Wear Today? - Was soll ich heute anziehen?\r\nWhat Shall I Wear Today? - Drag the Words\r\nWhat Shall I Wear Today? - W\u00f6rterschlange\r\nWhat Shall I Wear Today? - Crossword\r\nWhat Shall I Wear Today? - Find the words\r\n","hide_numbers":false,"flyer":"","info_columns":null},"_links":{"self":[{"href":"https:\/\/www.medienlb.com\/en\/wp-json\/wp\/v2\/product\/24068","targetHints":{"allow":["GET"]}}],"collection":[{"href":"https:\/\/www.medienlb.com\/en\/wp-json\/wp\/v2\/product"}],"about":[{"href":"https:\/\/www.medienlb.com\/en\/wp-json\/wp\/v2\/types\/product"}],"wp:featuredmedia":[{"embeddable":true,"href":"https:\/\/www.medienlb.com\/en\/wp-json\/wp\/v2\/media\/36161"}],"wp:attachment":[{"href":"https:\/\/www.medienlb.com\/en\/wp-json\/wp\/v2\/media?parent=24068"}],"wp:term":[{"taxonomy":"product_brand","embeddable":true,"href":"https:\/\/www.medienlb.com\/en\/wp-json\/wp\/v2\/product_brand?post=24068"},{"taxonomy":"product_cat","embeddable":true,"href":"https:\/\/www.medienlb.com\/en\/wp-json\/wp\/v2\/product_cat?post=24068"},{"taxonomy":"product_tag","embeddable":true,"href":"https:\/\/www.medienlb.com\/en\/wp-json\/wp\/v2\/product_tag?post=24068"}],"curies":[{"name":"wp","href":"https:\/\/api.w.org\/{rel}","templated":true}]}}