{"id":24014,"date":"2024-04-03T13:31:09","date_gmt":"2024-04-03T13:31:09","guid":{"rendered":"https:\/\/www.medienlb.com\/?post_type=product&#038;p=24014"},"modified":"2025-02-07T13:45:36","modified_gmt":"2025-02-07T13:45:36","slug":"klimakleber","status":"publish","type":"product","link":"https:\/\/www.medienlb.com\/en\/produkt\/klimakleber\/","title":{"rendered":"Klimakleber"},"content":{"rendered":"<p>Die Klimakleber \u2013 synonym auch Letzte Generation \u2013 ist eine Gruppe von Aktivistinnen und Aktivisten, die sich f\u00fcr die Rettung und Erhaltung des Weltklimas einsetzen. Dabei sind sie in der Wahl der Ma\u00dfnahmen drastisch: Sich auf die Stra\u00dfen kleben, Geb\u00e4ude mit Farbe bespr\u00fchen, Kunstwerke zerst\u00f6ren. Sie nennen es zivilen Ungehorsam, andere nennen es Kriminalit\u00e4t.<\/p>\n<p>Der Film stellt anhand drei Aktiver die Philosophie und die Zielsetzung der Letzten Generation vor, zeigt deren pers\u00f6nliche Motivation und Bereitschaft, Konsequenzen bis hin zu Freiheitsstrafen zu \u00fcbernehmen und demonstriert die Reaktionen aus der Bev\u00f6lkerung und der Staatsgewalt.<\/p>\n<p>Interaktive Aufgaben, Testfragen und Glossar wurden mit H5P erstellt und k\u00f6nnen ohne weitere Software verwendet werden.<\/p>\n<p>&nbsp;<\/p>\n","protected":false},"excerpt":{"rendered":"<p>Die Klimakleber \u2013 synonym auch Letzte Generation \u2013 ist eine Gruppe von Aktivistinnen und Aktivisten, die sich f\u00fcr die Rettung und Erhaltung des Weltklimas einsetzen.<\/p>\n","protected":false},"featured_media":24025,"template":"","meta":{"_acf_changed":false},"product_brand":[],"product_cat":[70],"product_tag":[93,125],"class_list":{"0":"post-24014","1":"product","2":"type-product","3":"status-publish","4":"has-post-thumbnail","6":"product_cat-film","7":"product_tag-subject-politik-sozialkunde","8":"product_tag-target-sek-i","9":"product_shipping_class-dvd-versand","11":"first","12":"instock","13":"taxable","14":"shipping-taxable","15":"purchasable","16":"product-type-variable"},"acf":{"subtitle":"Chaoten oder Weltretter?","article_id":"46505419 \/ 55506289 ","languages":"DE","thumb_up":false,"cover_image":27743,"linked_product":11490,"linked_products":null,"banner":{"show":true,"text":"","color":""},"length":"19:45 min","content_movie":"Gesamtes Begleitmaterial: 90 Seiten\r\nArbeitsbl\u00e4tter: 20 Seiten\r\nTestaufgaben: 20\r\nInteraktive Aufgaben: 10","learning_goals":"<ol>\r\n \t<li>Die Lernenden kennen die Ziele der Aktivistengruppe<\/li>\r\n \t<li>Die Lernenden definieren zivilen Ungehorsam und w\u00e4gen die Aktionen ab<\/li>\r\n \t<li>Die Lernenden reflektieren ihre eigene Meinung und Handlung<\/li>\r\n<\/ol>","preview_gif":24020,"trailer":{"file":24022,"url":"","image":24024},"mediathek_id":"","amount":"","demo_url":"","h5p_demo_id":"","content_interactive":"","hide_numbers":false,"flyer":"","info_columns":null},"_links":{"self":[{"href":"https:\/\/www.medienlb.com\/en\/wp-json\/wp\/v2\/product\/24014","targetHints":{"allow":["GET"]}}],"collection":[{"href":"https:\/\/www.medienlb.com\/en\/wp-json\/wp\/v2\/product"}],"about":[{"href":"https:\/\/www.medienlb.com\/en\/wp-json\/wp\/v2\/types\/product"}],"acf:post":[{"embeddable":true,"href":"https:\/\/www.medienlb.com\/en\/wp-json\/wp\/v2\/product\/11490"}],"wp:featuredmedia":[{"embeddable":true,"href":"https:\/\/www.medienlb.com\/en\/wp-json\/wp\/v2\/media\/24025"}],"wp:attachment":[{"href":"https:\/\/www.medienlb.com\/en\/wp-json\/wp\/v2\/media?parent=24014"}],"wp:term":[{"taxonomy":"product_brand","embeddable":true,"href":"https:\/\/www.medienlb.com\/en\/wp-json\/wp\/v2\/product_brand?post=24014"},{"taxonomy":"product_cat","embeddable":true,"href":"https:\/\/www.medienlb.com\/en\/wp-json\/wp\/v2\/product_cat?post=24014"},{"taxonomy":"product_tag","embeddable":true,"href":"https:\/\/www.medienlb.com\/en\/wp-json\/wp\/v2\/product_tag?post=24014"}],"curies":[{"name":"wp","href":"https:\/\/api.w.org\/{rel}","templated":true}]}}