{"id":23959,"date":"2024-03-27T09:30:10","date_gmt":"2024-03-27T09:30:10","guid":{"rendered":"https:\/\/www.medienlb.com\/?post_type=product&#038;p=23959"},"modified":"2025-01-31T12:16:45","modified_gmt":"2025-01-31T12:16:45","slug":"lerneinheit-mathematik-5-8","status":"publish","type":"product","link":"https:\/\/www.medienlb.com\/en\/produkt\/lerneinheit-mathematik-5-8\/","title":{"rendered":"Lerneinheit Mathematik 5-8"},"content":{"rendered":"<p>In zehn interaktiven Aufgaben k\u00f6nnen die Sch\u00fclerinnen und Sch\u00fcler logische R\u00e4tsel l\u00f6sen. Die Aufgaben eignen sich zur Auflockerung des Mathematik- aber auch des Deutschunterrichts.<\/p>\n<p>Die interaktive Lerneinheit kann sowohl zur Wissensvermittlung und -vertiefung als auch zur Wissensstandsabfrage genutzt werden.<\/p>\n<p>&nbsp;<\/p>\n","protected":false},"excerpt":{"rendered":"<p>In zehn interaktiven Aufgaben k\u00f6nnen die Sch\u00fclerinnen und Sch\u00fcler logische R\u00e4tsel l\u00f6sen. Die Aufgaben eignen sich zur Auflockerung des Mathematik- aber auch des Deutschunterrichts.<\/p>\n","protected":false},"featured_media":25090,"template":"","meta":{"_acf_changed":false},"product_brand":[],"product_cat":[180],"product_tag":[99,125],"class_list":{"0":"post-23959","1":"product","2":"type-product","3":"status-publish","4":"has-post-thumbnail","6":"product_cat-interaktive-lerneinheit","7":"product_tag-subject-mathematik","8":"product_tag-target-sek-i","10":"first","11":"instock","12":"taxable","13":"shipping-taxable","14":"purchasable","15":"product-type-variable"},"acf":{"subtitle":"Logikknobeleien","article_id":"55506460","languages":"DE","thumb_up":true,"cover_image":29605,"linked_product":16658,"linked_products":null,"banner":{"show":false,"text":"","color":""},"length":"","content_movie":"","learning_goals":"","preview_gif":"","trailer":{"file":"","url":"","image":""},"mediathek_id":"","amount":10,"demo_url":"https:\/\/www.klassenarbeiten.online\/h5p\/4590\/embed","h5p_demo_id":"","content_interactive":"Sprachr\u00e4tsel\r\nDas vertrackte Zahlenschloss\r\nDas vertrackte Zahlenschloss 2\r\nSprache sortiert\r\nWer ist wer?\r\nGleiche Figuren finden\r\nDas Wolkenkratzer-R\u00e4tsel\r\nDas Wolkenkratzer-R\u00e4tsel (schwer)\r\nSchiffe finden\r\nSchiffe finden (schwer)","hide_numbers":false,"flyer":"","info_columns":null},"_links":{"self":[{"href":"https:\/\/www.medienlb.com\/en\/wp-json\/wp\/v2\/product\/23959","targetHints":{"allow":["GET"]}}],"collection":[{"href":"https:\/\/www.medienlb.com\/en\/wp-json\/wp\/v2\/product"}],"about":[{"href":"https:\/\/www.medienlb.com\/en\/wp-json\/wp\/v2\/types\/product"}],"acf:post":[{"embeddable":true,"href":"https:\/\/www.medienlb.com\/en\/wp-json\/wp\/v2\/product\/16658"}],"wp:featuredmedia":[{"embeddable":true,"href":"https:\/\/www.medienlb.com\/en\/wp-json\/wp\/v2\/media\/25090"}],"wp:attachment":[{"href":"https:\/\/www.medienlb.com\/en\/wp-json\/wp\/v2\/media?parent=23959"}],"wp:term":[{"taxonomy":"product_brand","embeddable":true,"href":"https:\/\/www.medienlb.com\/en\/wp-json\/wp\/v2\/product_brand?post=23959"},{"taxonomy":"product_cat","embeddable":true,"href":"https:\/\/www.medienlb.com\/en\/wp-json\/wp\/v2\/product_cat?post=23959"},{"taxonomy":"product_tag","embeddable":true,"href":"https:\/\/www.medienlb.com\/en\/wp-json\/wp\/v2\/product_tag?post=23959"}],"curies":[{"name":"wp","href":"https:\/\/api.w.org\/{rel}","templated":true}]}}