{"id":23891,"date":"2024-03-26T10:23:17","date_gmt":"2024-03-26T10:23:17","guid":{"rendered":"https:\/\/www.medienlb.com\/?post_type=product&#038;p=23891"},"modified":"2025-01-31T12:16:51","modified_gmt":"2025-01-31T12:16:51","slug":"lerneinheit-mathematik-4","status":"publish","type":"product","link":"https:\/\/www.medienlb.com\/en\/produkt\/lerneinheit-mathematik-4\/","title":{"rendered":"Lerneinheit Mathematik 4"},"content":{"rendered":"<p>In zehn unterschiedlich digital gestalteten Aufgaben \u00fcben die Sch\u00fclerinnen und Sch\u00fcler die Grundrechenarten anhand der Darstellung auf dem Zahlenstrahl.<\/p>\n<p>Die interaktive Lerneinheit kann sowohl zur Wissensvermittlung und -vertiefung als auch zur Wissensstandsabfrage genutzt werden.<\/p>\n<p>Die Aufgaben sind mit H5P erstellt und k\u00f6nnen ohne zus\u00e4tzliche Software angewandt werden.<br \/>\nLernen macht jetzt Spa\u00df<\/p>\n<p>&nbsp;<\/p>\n","protected":false},"excerpt":{"rendered":"<p>In zehn unterschiedlich digital gestalteten Aufgaben \u00fcben die Sch\u00fclerinnen und Sch\u00fcler die Grundrechenarten anhand der Darstellung auf dem Zahlenstrahl.<\/p>\n","protected":false},"featured_media":23897,"template":"","meta":{"_acf_changed":false},"product_brand":[],"product_cat":[180],"product_tag":[97,99,129],"class_list":{"0":"post-23891","1":"product","2":"type-product","3":"status-publish","4":"has-post-thumbnail","6":"product_cat-interaktive-lerneinheit","7":"product_tag-subject-grundschule","8":"product_tag-subject-mathematik","9":"product_tag-target-gru","11":"first","12":"instock","13":"taxable","14":"shipping-taxable","15":"purchasable","16":"product-type-variable"},"acf":{"subtitle":"Zahlenstrahl (Zahlenraum bis 100)","article_id":"55506453","languages":"DE","thumb_up":false,"cover_image":29608,"linked_product":16658,"linked_products":null,"banner":{"show":false,"text":"","color":""},"length":"","content_movie":"","learning_goals":"","preview_gif":"","trailer":{"file":"","url":"","image":""},"mediathek_id":"","amount":10,"demo_url":"https:\/\/www.klassenarbeiten.online\/h5p\/4589\/embed","h5p_demo_id":"","content_interactive":"Zahlenstrahl I\r\nZahlenstrahl II\r\nZahlenstrahl III\r\nZahlenstrahl IV\r\nZahlenstrahl V\r\nZahlenstrahl VI\r\nZahlenstrahl VII\r\nZahlenstrahl VIII\r\nZahlenstrahl IX\r\nZahlenstrahl X","hide_numbers":false,"flyer":"","info_columns":null},"_links":{"self":[{"href":"https:\/\/www.medienlb.com\/en\/wp-json\/wp\/v2\/product\/23891","targetHints":{"allow":["GET"]}}],"collection":[{"href":"https:\/\/www.medienlb.com\/en\/wp-json\/wp\/v2\/product"}],"about":[{"href":"https:\/\/www.medienlb.com\/en\/wp-json\/wp\/v2\/types\/product"}],"acf:post":[{"embeddable":true,"href":"https:\/\/www.medienlb.com\/en\/wp-json\/wp\/v2\/product\/16658"}],"wp:featuredmedia":[{"embeddable":true,"href":"https:\/\/www.medienlb.com\/en\/wp-json\/wp\/v2\/media\/23897"}],"wp:attachment":[{"href":"https:\/\/www.medienlb.com\/en\/wp-json\/wp\/v2\/media?parent=23891"}],"wp:term":[{"taxonomy":"product_brand","embeddable":true,"href":"https:\/\/www.medienlb.com\/en\/wp-json\/wp\/v2\/product_brand?post=23891"},{"taxonomy":"product_cat","embeddable":true,"href":"https:\/\/www.medienlb.com\/en\/wp-json\/wp\/v2\/product_cat?post=23891"},{"taxonomy":"product_tag","embeddable":true,"href":"https:\/\/www.medienlb.com\/en\/wp-json\/wp\/v2\/product_tag?post=23891"}],"curies":[{"name":"wp","href":"https:\/\/api.w.org\/{rel}","templated":true}]}}