{"id":23869,"date":"2024-03-25T10:58:44","date_gmt":"2024-03-25T10:58:44","guid":{"rendered":"https:\/\/www.medienlb.com\/?post_type=product&#038;p=23869"},"modified":"2025-01-31T12:16:57","modified_gmt":"2025-01-31T12:16:57","slug":"lerneinheit-mathematik-5-6","status":"publish","type":"product","link":"https:\/\/www.medienlb.com\/en\/produkt\/lerneinheit-mathematik-5-6\/","title":{"rendered":"Lerneinheit Mathematik 5\/6"},"content":{"rendered":"<p>In zehn unterschiedlichen und interaktiven Aufgaben werden den Sch\u00fclerinnen und Sch\u00fclern mathematische R\u00e4tsel gestellt, die es zu l\u00f6sen gilt. Hierbei werden nicht nur die Anwendung von Rechenregeln gefordert, sondern auch der Prozess des logischen Denkens angesto\u00dfen und gef\u00f6rdert.<\/p>\n<p>Die interaktive Lerneinheit kann sowohl zur Wissensvermittlung und -vertiefung als auch zur Wissensstandsabfrage genutzt werden.<\/p>\n<p>&nbsp;<\/p>\n","protected":false},"excerpt":{"rendered":"<p>In zehn unterschiedlichen und interaktiven Aufgaben werden den Sch\u00fclerinnen und Sch\u00fclern mathematische R\u00e4tsel gestellt, die es zu l\u00f6sen gilt. Hierbei werden nicht nur die Anwendung von Rechenregeln gefordert, sondern auch der Prozess des logischen Denkens angesto\u00dfen und gef\u00f6rdert.<\/p>\n","protected":false},"featured_media":23875,"template":"","meta":{"_acf_changed":false},"product_brand":[],"product_cat":[180],"product_tag":[99,125],"class_list":{"0":"post-23869","1":"product","2":"type-product","3":"status-publish","4":"has-post-thumbnail","6":"product_cat-interaktive-lerneinheit","7":"product_tag-subject-mathematik","8":"product_tag-target-sek-i","10":"first","11":"instock","12":"taxable","13":"shipping-taxable","14":"purchasable","15":"product-type-variable"},"acf":{"subtitle":"Denksportaufgaben","article_id":"55506451","languages":"DE","thumb_up":false,"cover_image":29610,"linked_product":16658,"linked_products":null,"banner":{"show":false,"text":"","color":""},"length":"","content_movie":"","learning_goals":"","preview_gif":"","trailer":{"file":"","url":"","image":""},"mediathek_id":"","amount":10,"demo_url":"https:\/\/www.klassenarbeiten.online\/h5p\/4587\/embed","h5p_demo_id":"","content_interactive":"Denksportaufgaben I\r\nDenksportaufgaben II\r\nDenksportaufgaben III\r\nDenksportaufgaben IV\r\nDenksportaufgaben V\r\nDenksportaufgaben VI\r\nDenksportaufgaben VII\r\nDenksportaufgaben VIII\r\nDenksportaufgaben IX\r\nDenksportaufgaben X","hide_numbers":false,"flyer":"","info_columns":null},"_links":{"self":[{"href":"https:\/\/www.medienlb.com\/en\/wp-json\/wp\/v2\/product\/23869","targetHints":{"allow":["GET"]}}],"collection":[{"href":"https:\/\/www.medienlb.com\/en\/wp-json\/wp\/v2\/product"}],"about":[{"href":"https:\/\/www.medienlb.com\/en\/wp-json\/wp\/v2\/types\/product"}],"acf:post":[{"embeddable":true,"href":"https:\/\/www.medienlb.com\/en\/wp-json\/wp\/v2\/product\/16658"}],"wp:featuredmedia":[{"embeddable":true,"href":"https:\/\/www.medienlb.com\/en\/wp-json\/wp\/v2\/media\/23875"}],"wp:attachment":[{"href":"https:\/\/www.medienlb.com\/en\/wp-json\/wp\/v2\/media?parent=23869"}],"wp:term":[{"taxonomy":"product_brand","embeddable":true,"href":"https:\/\/www.medienlb.com\/en\/wp-json\/wp\/v2\/product_brand?post=23869"},{"taxonomy":"product_cat","embeddable":true,"href":"https:\/\/www.medienlb.com\/en\/wp-json\/wp\/v2\/product_cat?post=23869"},{"taxonomy":"product_tag","embeddable":true,"href":"https:\/\/www.medienlb.com\/en\/wp-json\/wp\/v2\/product_tag?post=23869"}],"curies":[{"name":"wp","href":"https:\/\/api.w.org\/{rel}","templated":true}]}}