{"id":23828,"date":"2024-03-25T07:19:47","date_gmt":"2024-03-25T07:19:47","guid":{"rendered":"https:\/\/www.medienlb.com\/?post_type=product&#038;p=23828"},"modified":"2025-01-31T12:17:09","modified_gmt":"2025-01-31T12:17:09","slug":"lerneinheit-deutsch-2-3","status":"publish","type":"product","link":"https:\/\/www.medienlb.com\/en\/produkt\/lerneinheit-deutsch-2-3\/","title":{"rendered":"Lerneinheit Deutsch 2\/3"},"content":{"rendered":"<p>Zehn\u00a0interaktiv gestalteten Aufgaben unterst\u00fctzen die Sch\u00fclerinnen und Sch\u00fcler in ihrer Lese- und Verstehensf\u00e4higkeit und in der Entwicklung logischer Denkprozesse.<\/p>\n<p>Die interaktive Lerneinheit kann sowohl zur Wissensvermittlung und -vertiefung als auch zur Wissensstandsabfrage genutzt werden.<\/p>\n<p>&nbsp;<\/p>\n","protected":false},"excerpt":{"rendered":"<p>Zehn\u00a0interaktiv gestalteten Aufgaben unterst\u00fctzen die Sch\u00fclerinnen und Sch\u00fcler in ihrer Lese- und Verstehensf\u00e4higkeit und in der Entwicklung logischer Denkprozesse.<\/p>\n","protected":false},"featured_media":23834,"template":"","meta":{"_acf_changed":false},"product_brand":[],"product_cat":[180],"product_tag":[97,129],"class_list":{"0":"post-23828","1":"product","2":"type-product","3":"status-publish","4":"has-post-thumbnail","6":"product_cat-interaktive-lerneinheit","7":"product_tag-subject-grundschule","8":"product_tag-target-gru","10":"first","11":"instock","12":"taxable","13":"shipping-taxable","14":"purchasable","15":"product-type-variable"},"acf":{"subtitle":"Lese-Logicals f\u00fcr die Grundschule","article_id":"55506447","languages":"DE","thumb_up":false,"cover_image":29614,"linked_product":16658,"linked_products":null,"banner":{"show":false,"text":"","color":""},"length":"","content_movie":"","learning_goals":"","preview_gif":"","trailer":{"file":"","url":"","image":""},"mediathek_id":"","amount":10,"demo_url":"https:\/\/www.klassenarbeiten.online\/h5p\/4585\/embed","h5p_demo_id":"","content_interactive":"Lese-Logical f\u00fcr die Grundschule I\r\nLese-Logical f\u00fcr die Grundschule II\r\nLese-Logical f\u00fcr die Grundschule III\r\nLese-Logical f\u00fcr die Grundschule IV\r\nLese-Logical f\u00fcr die Grundschule V\r\nLese-Logical f\u00fcr die Grundschule VI\r\nLese-Logical f\u00fcr die Grundschule VII\r\nLese-Logical f\u00fcr die Grundschule VIII\r\nLese-Logical f\u00fcr die Grundschule IX\r\nLese-Logical f\u00fcr die Grundschule X","hide_numbers":false,"flyer":"","info_columns":null},"_links":{"self":[{"href":"https:\/\/www.medienlb.com\/en\/wp-json\/wp\/v2\/product\/23828","targetHints":{"allow":["GET"]}}],"collection":[{"href":"https:\/\/www.medienlb.com\/en\/wp-json\/wp\/v2\/product"}],"about":[{"href":"https:\/\/www.medienlb.com\/en\/wp-json\/wp\/v2\/types\/product"}],"acf:post":[{"embeddable":true,"href":"https:\/\/www.medienlb.com\/en\/wp-json\/wp\/v2\/product\/16658"}],"wp:featuredmedia":[{"embeddable":true,"href":"https:\/\/www.medienlb.com\/en\/wp-json\/wp\/v2\/media\/23834"}],"wp:attachment":[{"href":"https:\/\/www.medienlb.com\/en\/wp-json\/wp\/v2\/media?parent=23828"}],"wp:term":[{"taxonomy":"product_brand","embeddable":true,"href":"https:\/\/www.medienlb.com\/en\/wp-json\/wp\/v2\/product_brand?post=23828"},{"taxonomy":"product_cat","embeddable":true,"href":"https:\/\/www.medienlb.com\/en\/wp-json\/wp\/v2\/product_cat?post=23828"},{"taxonomy":"product_tag","embeddable":true,"href":"https:\/\/www.medienlb.com\/en\/wp-json\/wp\/v2\/product_tag?post=23828"}],"curies":[{"name":"wp","href":"https:\/\/api.w.org\/{rel}","templated":true}]}}