{"id":23716,"date":"2024-03-15T07:47:00","date_gmt":"2024-03-15T07:47:00","guid":{"rendered":"https:\/\/www.medienlb.com\/?post_type=product&#038;p=23716"},"modified":"2025-01-31T12:17:15","modified_gmt":"2025-01-31T12:17:15","slug":"spanisch-5-6-vol-1","status":"publish","type":"product","link":"https:\/\/www.medienlb.com\/en\/produkt\/spanisch-5-6-vol-1\/","title":{"rendered":"Spanisch 5\/6, Vol. 1"},"content":{"rendered":"<p>Kindgerechte Kurzgeschichten mit hochwertigen Illustrationen Spanisch und Deutsch.<br \/>\nDas Medium enth\u00e4lt 25 digitalen Bildgeschichten, inklusive 75 Modulen und interaktive Aufgaben (H5P) in Spanisch und Deutsch (umschaltbar).<br \/>\nDie Bilder sind einzeln mit Text versehen und erz\u00e4hlen eine Kurzgeschichte.<br \/>\nDas Sprachniveau liegt bei Level 1 (weniger als 250 W\u00f6rter\/Geschichte).<br \/>\nDie Bild-\/Textseiten k\u00f6nnen Digital oder als ausgedruckte Bildkartensets verwendet werden.<br \/>\nEine abschlie\u00dfende Aufgabe erg\u00e4nzt die jeweiligen Module. Alle Module k\u00f6nnen und sollten auch als Lesetraining verwendet werden.<br \/>\nIdeal daher auch f\u00fcr Vertretungsstunden, Hausaufgaben, Stationenlernen und DaF\/DaZ.<br \/>\nDie H5P-Module sind seitenweise aufgebaut und als digitales Buchformat nutzbar.<\/p>\n","protected":false},"excerpt":{"rendered":"<p>Die Aufgaben sind mit der Software H5P-Aufgaben gestaltet und k\u00f6nnen unmittelbar und ohne zus\u00e4tzliche Software angewendet werden. Lernen macht jetzt Spa\u00df!<\/p>\n","protected":false},"featured_media":23722,"template":"","meta":{"_acf_changed":false},"product_brand":[],"product_cat":[181],"product_tag":[152,129,125],"class_list":{"0":"post-23716","1":"product","2":"type-product","3":"status-publish","4":"has-post-thumbnail","6":"product_cat-interaktives-arbeitsheft","7":"product_tag-subject-fremdsprache","8":"product_tag-target-gru","9":"product_tag-target-sek-i","11":"first","12":"instock","13":"taxable","14":"shipping-taxable","15":"purchasable","16":"product-type-variable"},"acf":{"subtitle":"Bildergeschichten Spanisch\/Deutsch","article_id":"55505755","languages":"DE","thumb_up":false,"cover_image":29616,"linked_product":[23636,24129,24107],"linked_products":null,"banner":{"show":false,"text":"","color":""},"length":"","content_movie":"","learning_goals":"","preview_gif":"","trailer":{"file":"","url":"","image":""},"mediathek_id":"","amount":50,"demo_url":"https:\/\/www.interaktive-arbeitshefte.de\/sites\/html\/55505755\/varianten\/de\/material\/html_dateien\/55505555_9.html","h5p_demo_id":"","content_interactive":"\u00a1Sonr\u00ede, por favor! - Bitte L\u00e4cheln (Level 1)\r\nFeliz y triste - Gl\u00fccklich und traurig (Level 1)\r\n\u00a1Ahora No, Ahora No! - Nicht jetzt, nicht jetzt! (Level 1)\r\n\"\u00a1Mi pez!\" \"\u00a1No, mi pez!\" - Mein Fisch! Nein, mein Fisch! (Level 1)\r\nLos Kolams de Susheela - Susheelas Kolams (Level 1)\r\nEl Primer D\u00eda de Rani en la Escuela - Ranis erster Schultag (Level 1)\r\n\u00a1A jugar! - Spielzeit (Level 1)\r\nMis Amigos - Meine Freunde (Level 1)\r\nLos colores de la naturaleza - Farben der Natur (Level 1)\r\nTravieso o No (Dime Ahora Serie) - Frech oder nicht? (Level 1)\r\n\u00a1Yo puedo escalar! - Ich kann klettern (Level 1)\r\n\u00bfY si...? - Was w\u00e4re wenn? (Level 1)\r\n\u00a1Puedo ayudar! - Ich kann helfen! (Level 1)\r\nMi mejor amiga - Meine beste Freundin (Level 1)\r\nEl gatito limpio - Saubere Katze (Level 1)\r\nPerro travieso - Frechdachs (Level 1)\r\n\u00a1Es la hora del ba\u00f1o! - Badezeit f\u00fcr Chunnu und Munnu (Level 1)\r\nColores por la Calle - Farben auf der Stra\u00dfe (Level 1)\r\nLa Carrera - Das Rennen (Level 1)\r\n\u00a1Dime ahora! - Bueno para ti - Gut f\u00fcr dich (Level 1)\r\nLara la mariquita amarilla - Lara, der gelbe Marienk\u00e4fer (Level 1)\r\nContando animales - Tiere z\u00e4hlen (Level 1)\r\nLes trois petits chatons - Die drei kleinen K\u00e4tzchen (Level 1)\r\nPiggy quiere volar - Schweinchen m\u00f6chte fliegen (Level 1)\r\nMi profesora - Meine Lehrerin (Level 1)\r\n\u00a1Sonr\u00ede, por favor! - Arrastra las palabras\r\n\u00a1Sonr\u00ede, por favor! - Wortpuzzle\r\nFeliz y triste - Arrastra las palabras\r\nFeliz y triste - Wortpuzzle\r\n\u00a1Ahora No, Ahora No! - Arrastra las palabras\r\n\u00a1Ahora No, Ahora No! - Wortpuzzle\r\n\"\u00a1Mi pez!\" \"\u00a1No, mi pez!\" - Arrastra las palabras\r\n\"\u00a1Mi pez!\" \"\u00a1No, mi pez!\" - Wortpuzzle\r\nLos Kolams de Susheela - Arrastra las palabras\r\nLos Kolams de Susheela - Wortpuzzle\r\nEl Primer D\u00eda de Rani en la Escuela - Arrastra las palabras\r\nEl Primer D\u00eda de Rani en la Escuela - Wortpuzzle\r\n\u00a1A jugar! - Arrastra las palabras\r\n\u00a1A jugar! - Wortpuzzle\r\nMis Amigos - Arrastra las palabras\r\nMis Amigos - Wortpuzzle\r\nLos colores de la naturaleza - Arrastra las palabras\r\nLos colores de la naturaleza - Wortpuzzle\r\nTravieso o No - Arrastra las palabras\r\nTravieso o No - Wortpuzzle\r\n\u00a1Yo puedo escalar! - Arrastra las palabras\r\n\u00a1Yo puedo escalar! - Wortpuzzle\r\n\u00bfY si...? - Arrastra las palabras\r\n\u00bfY si...? - Wortpuzzle\r\n\u00a1Puedo ayudar! - Arrastra las palabras\r\n\u00a1Puedo ayudar! - Wortpuzzle\r\nMi mejor amiga - Arrastra las palabras\r\nMi mejor amiga - Wortpuzzle\r\nEl gatito limpio - Arrastra las palabras\r\nEl gatito limpio - Wortpuzzle\r\nPerro travieso - Arrastra las palabras\r\nPerro travieso - Wortpuzzle\r\n\u00a1Es la hora del ba\u00f1o! - Arrastra las palabras\r\n\u00a1Es la hora del ba\u00f1o! - Wortpuzzle\r\nColores por la Calle - Arrastra las palabras\r\nColores por la Calle - Wortpuzzle\r\nLa Carrera - Arrastra las palabras\r\nLa Carrera - Wortpuzzle\r\nDime ahora! Bueno para ti - Arrastra las palabras\r\nDime ahora! Bueno para ti - Wortpuzzle\r\nLara la mariquita amarilla - Arrastra las palabras\r\nLara la mariquita amarilla - Wortpuzzle\r\nContando animales - Arrastra las palabras\r\nContando animales - Wortpuzzle\r\nLos tres gatitos - Arrastra las palabras\r\nLos tres gatitos - Wortpuzzle\r\nPiggy quiere volar - Arrastra las palabras\r\nPiggy quiere volar - Wortpuzzle\r\nMi profesora - Arrastra las palabras\r\nMi profesora - Wortpuzzle","hide_numbers":false,"flyer":"","info_columns":null},"_links":{"self":[{"href":"https:\/\/www.medienlb.com\/en\/wp-json\/wp\/v2\/product\/23716","targetHints":{"allow":["GET"]}}],"collection":[{"href":"https:\/\/www.medienlb.com\/en\/wp-json\/wp\/v2\/product"}],"about":[{"href":"https:\/\/www.medienlb.com\/en\/wp-json\/wp\/v2\/types\/product"}],"acf:post":[{"embeddable":true,"href":"https:\/\/www.medienlb.com\/en\/wp-json\/wp\/v2\/product\/24107"},{"embeddable":true,"href":"https:\/\/www.medienlb.com\/en\/wp-json\/wp\/v2\/product\/24129"},{"embeddable":true,"href":"https:\/\/www.medienlb.com\/en\/wp-json\/wp\/v2\/product\/23636"}],"wp:featuredmedia":[{"embeddable":true,"href":"https:\/\/www.medienlb.com\/en\/wp-json\/wp\/v2\/media\/23722"}],"wp:attachment":[{"href":"https:\/\/www.medienlb.com\/en\/wp-json\/wp\/v2\/media?parent=23716"}],"wp:term":[{"taxonomy":"product_brand","embeddable":true,"href":"https:\/\/www.medienlb.com\/en\/wp-json\/wp\/v2\/product_brand?post=23716"},{"taxonomy":"product_cat","embeddable":true,"href":"https:\/\/www.medienlb.com\/en\/wp-json\/wp\/v2\/product_cat?post=23716"},{"taxonomy":"product_tag","embeddable":true,"href":"https:\/\/www.medienlb.com\/en\/wp-json\/wp\/v2\/product_tag?post=23716"}],"curies":[{"name":"wp","href":"https:\/\/api.w.org\/{rel}","templated":true}]}}