{"id":23665,"date":"2024-03-12T13:34:59","date_gmt":"2024-03-12T13:34:59","guid":{"rendered":"https:\/\/www.medienlb.com\/?post_type=product&#038;p=23665"},"modified":"2025-09-15T11:25:33","modified_gmt":"2025-09-15T11:25:33","slug":"becky-und-holgi-im-zahnland","status":"publish","type":"product","link":"https:\/\/www.medienlb.com\/en\/produkt\/becky-und-holgi-im-zahnland\/","title":{"rendered":"Becky und Holgi im Zahnland"},"content":{"rendered":"<p><img decoding=\"async\" class=\"alignright\" src=\"https:\/\/www.medienlb.com\/wp-content\/uploads\/2025\/07\/Comenius-award-logo-1-1-e1752210298594.png\" alt=\"Comenius\" \/>Becky Parodontosia und Holgi Kari\u00f6s leben im Zahnland. Und es geht ihnen gut, denn sie werden mit reichlich Himbeerlimonade, Eiscreme und Knisterbrause versorgt. Doch eines Tages kommen Zahnwal und Zwischenzahnb\u00fcrster und auch noch eine Zahn\u00e4rztin. Nun m\u00fcssen sie ein neues Zahnland finden.<\/p>\n<p>Der liebevoll gezeichnete Animationsfilm zeigt Kindern ab dem Vorschulalter, warum Z\u00e4hneputzen wichtig ist.<\/p>\n<p>Interaktive Aufgaben, Testfragen und Glossar wurden mit H5P erstellt und k\u00f6nnen ohne weitere Software verwendet werden.<\/p>\n<hr \/>\n<p><em>&#8221; Zahnmedizinisch ist unseres Erachtens alles korrekt. Wir fanden Holgi und Becky sowie das gesamte Video auch sehr s\u00fc\u00df animiert und haben ein bisschen mit den beiden gefiebert.&#8221; <\/em>Prof. Dr. Julia Blank<br \/>\nZahn\u00e4rztin, Studiengangsleitung Dentalhygiene und Pr\u00e4ventionsmanagement<\/p>\n<p><img loading=\"lazy\" decoding=\"async\" class=\"\" src=\"https:\/\/www.medienlb.com\/wp-content\/uploads\/2025\/09\/Logo_CBS_horizontal_schwarz.png\" alt=\"Logo CBS\" width=\"234\" height=\"45\" \/><\/p>\n<hr \/>\n<p>Auf Basis dieses Animationsfilms bieten wir auch ein Kamishibai an, welches Sie hier finden: <a href=\"https:\/\/www.medienlb.com\/produkt\/kamishibai-becky-und-holgi-im-zahnland\/\" target=\"_blank\" rel=\"noopener\"><img loading=\"lazy\" decoding=\"async\" class=\"alignnone wp-image-23753\" src=\"https:\/\/www.medienlb.com\/wp-content\/uploads\/2024\/03\/Holgi_Titel-e1710879573769-300x169.png\" alt=\"\" width=\"116\" height=\"65\" srcset=\"https:\/\/www.medienlb.com\/wp-content\/uploads\/2024\/03\/Holgi_Titel-e1710879573769-300x169.png 300w, https:\/\/www.medienlb.com\/wp-content\/uploads\/2024\/03\/Holgi_Titel-e1710879573769-1024x577.png 1024w, https:\/\/www.medienlb.com\/wp-content\/uploads\/2024\/03\/Holgi_Titel-e1710879573769-768x433.png 768w, https:\/\/www.medienlb.com\/wp-content\/uploads\/2024\/03\/Holgi_Titel-e1710879573769.png 1500w\" sizes=\"auto, (max-width: 116px) 100vw, 116px\" \/><\/a><\/p>\n","protected":false},"excerpt":{"rendered":"<p>Becky Parodontosia und Holgi Kari\u00f6s leben im Zahnland.<\/p>\n","protected":false},"featured_media":23670,"template":"","meta":{"_acf_changed":false},"product_brand":[],"product_cat":[70],"product_tag":[97,135,129],"class_list":{"0":"post-23665","1":"product","2":"type-product","3":"status-publish","4":"has-post-thumbnail","6":"product_cat-film","7":"product_tag-subject-grundschule","8":"product_tag-target-ele","9":"product_tag-target-gru","10":"product_shipping_class-dvd-versand","12":"first","13":"instock","14":"taxable","15":"shipping-taxable","16":"purchasable","17":"product-type-variable"},"acf":{"subtitle":"","article_id":"\u00a046505467 | 55506232","languages":"DE","thumb_up":true,"cover_image":33470,"linked_product":23750,"linked_products":null,"banner":{"show":true,"text":"","color":""},"length":"11:43 min","content_movie":"Gesamtes Begleitmaterial: 69 Seiten\r\nArbeitsbl\u00e4tter: 28 Seiten\r\nTestaufgaben: 20\r\nInteraktive Aufgaben: 10","learning_goals":"<ol>\r\n \t<li>Die Lernenden kennen die vier S\u00e4ulen der Zahngesundheit.<\/li>\r\n \t<li>Die Lernenden erkennen die Sch\u00e4dlichkeit von zuckerhaltiger Ern\u00e4hrung f\u00fcr die Zahnhygiene.<\/li>\r\n<\/ol>","preview_gif":33891,"trailer":{"file":33893,"url":"","image":23679},"mediathek_id":818,"amount":"","demo_url":"","h5p_demo_id":"","content_interactive":"","hide_numbers":false,"flyer":"","info_columns":null},"_links":{"self":[{"href":"https:\/\/www.medienlb.com\/en\/wp-json\/wp\/v2\/product\/23665","targetHints":{"allow":["GET"]}}],"collection":[{"href":"https:\/\/www.medienlb.com\/en\/wp-json\/wp\/v2\/product"}],"about":[{"href":"https:\/\/www.medienlb.com\/en\/wp-json\/wp\/v2\/types\/product"}],"acf:post":[{"embeddable":true,"href":"https:\/\/www.medienlb.com\/en\/wp-json\/wp\/v2\/product\/23750"}],"wp:featuredmedia":[{"embeddable":true,"href":"https:\/\/www.medienlb.com\/en\/wp-json\/wp\/v2\/media\/23670"}],"wp:attachment":[{"href":"https:\/\/www.medienlb.com\/en\/wp-json\/wp\/v2\/media?parent=23665"}],"wp:term":[{"taxonomy":"product_brand","embeddable":true,"href":"https:\/\/www.medienlb.com\/en\/wp-json\/wp\/v2\/product_brand?post=23665"},{"taxonomy":"product_cat","embeddable":true,"href":"https:\/\/www.medienlb.com\/en\/wp-json\/wp\/v2\/product_cat?post=23665"},{"taxonomy":"product_tag","embeddable":true,"href":"https:\/\/www.medienlb.com\/en\/wp-json\/wp\/v2\/product_tag?post=23665"}],"curies":[{"name":"wp","href":"https:\/\/api.w.org\/{rel}","templated":true}]}}