{"id":23636,"date":"2024-03-11T09:22:06","date_gmt":"2024-03-11T09:22:06","guid":{"rendered":"https:\/\/www.medienlb.com\/?post_type=product&#038;p=23636"},"modified":"2025-01-31T12:17:22","modified_gmt":"2025-01-31T12:17:22","slug":"englisch-5-6-vol-3","status":"publish","type":"product","link":"https:\/\/www.medienlb.com\/en\/produkt\/englisch-5-6-vol-3\/","title":{"rendered":"Englisch 5\/6, Vol. 3"},"content":{"rendered":"<p>In unserem Arbeitsheft &#8220;Englisch 5\/6, Vol. 3, Lese-\/H\u00f6rverstehen mit Videos&#8221; finden Sie 50 interaktive und didaktisch aufbereitete Aufgaben.<br \/>\nDurch Audio und Video animiert, macht es den Lernenden Spa\u00df, die unterhaltsamen Geschichten in englischer Sprache zu h\u00f6ren und selbst zu lesen und auch das Vokabeltraining u.a. als Zuordnungsaufgabe oder Kreuzwortr\u00e4tsel gestaltet, h\u00e4lt die Motivation hoch.<\/p>\n","protected":false},"excerpt":{"rendered":"<p>Die Aufgaben sind mit der Software H5P-Aufgaben gestaltet und k\u00f6nnen unmittelbar und ohne zus\u00e4tzliche Software angewendet werden. Lernen macht jetzt Spa\u00df!<\/p>\n","protected":false},"featured_media":23642,"template":"","meta":{"_acf_changed":false},"product_brand":[],"product_cat":[181],"product_tag":[152,125],"class_list":{"0":"post-23636","1":"product","2":"type-product","3":"status-publish","4":"has-post-thumbnail","6":"product_cat-interaktives-arbeitsheft","7":"product_tag-subject-fremdsprache","8":"product_tag-target-sek-i","10":"first","11":"instock","12":"taxable","13":"shipping-taxable","14":"purchasable","15":"product-type-variable"},"acf":{"subtitle":"Lese-\/H\u00f6rverstehen mit Videos","article_id":"55503742","languages":"DE","thumb_up":false,"cover_image":29618,"linked_product":[19497,23716,24076],"linked_products":null,"banner":{"show":false,"text":"","color":""},"length":"","content_movie":"","learning_goals":"","preview_gif":"","trailer":{"file":"","url":"","image":""},"mediathek_id":"","amount":50,"demo_url":"https:\/\/www.interaktive-arbeitshefte.de\/sites\/html\/55503742\/varianten\/de\/material\/html_dateien\/55503742_9.html","h5p_demo_id":"","content_interactive":"Papa and the Snake - Kurzgeschichte mit Audio\r\nNina and Peter - Kurzgeschichte mit Audio\r\nCrocodile Daydreams - Kurzgeschichte mit Audio\r\nTell the Story - Kurzgeschichte mit Audio\r\nI am a Big Dog - Kurzgeschichte mit Audio\r\nPluralformen von Substantiven - Interaktive Aufgaben\r\nOrdne zu! Z\u00e4hlbare und unz\u00e4hlbare Nomen\r\nFinde und markiere die unregelm\u00e4\u00dfigen Verben!\r\n9 Opposites - Find the pairs (1)\r\n9 Opposites - Find the pairs (2)\r\nWrite the English opposites - Crossword (1)\r\nWrite the English opposites - Crossword (2)\r\n9 Substantive Englisch\/Deutsch - Find the pairs (1)\r\n9 Substantive Englisch\/Deutsch - Find the pairs (2)\r\nAdjektive - Englisch-Deutsch richtig zuordnen (1)\r\nAdjektive - Englisch-Deutsch richtig zuordnen (2)\r\nGem\u00fcse - Englisch-Deutsch richtig zuordnen (1)\r\nGem\u00fcse - Englisch-Deutsch richtig zuordnen (2)\r\nVegetables - Englisch-Deutsch - Crossword (1)\r\nVegetables - Englisch-Deutsch - Crossword (2)\r\nCountry and People - Englisch-Deutsch richtig zuordnen (1)\r\nCountry and People - Englisch-Deutsch richtig zuordnen (2)\r\nWeather (Verbs) - Englisch-Deutsch richtig zuordnen\r\nWeather (Adjectives) - Englisch-Deutsch richtig zuordnen\r\nWeather - Englisch-Deutsch - Crossword\r\nWeather (Nouns) - Englisch-Deutsch richtig zuordnen (1)\r\nWeather (Nouns) - Englisch-Deutsch richtig zuordnen (2)\r\nAnimal Descriptions - Englisch-Deutsch richtig zuordnen (1)\r\nAnimal Descriptions - Englisch-Deutsch richtig zuordnen (2)\r\nAnimal World - Englisch-Deutsch richtig zuordnen\r\nAnimals - Englisch-Deutsch richtig zuordnen (1)\r\nAnimals - Englisch-Deutsch richtig zuordnen (2)\r\nBathroom - Englisch-Deutsch richtig zuordnen (1)\r\nBathroom - Englisch-Deutsch richtig zuordnen (2)\r\nBathroom - Englisch-Deutsch - Crossword\r\nAt home - Englisch-Deutsch richtig zuordnen (1)\r\nAt home - Englisch-Deutsch richtig zuordnen (2)\r\nDaily routine (Verbs) - Englisch-Deutsch richtig zuordnen\r\nAnimals of the forest - Englisch-Deutsch richtig zuordnen\r\nSmile Please! (Level 1 Reading skills)\r\nSmile Please! - Drag the Words\r\nSmile Please! - Englisch-Deutsch - Vokabeltraining\r\nSprichw\u00f6rter \u2013 Englisch-Deutsch richtig zuordnen\r\n20 Verben - Grundwortschatz Englisch lernen (1)\r\n20 Verben - Grundwortschatz Englisch lernen (2)\r\n20 Verben - Grundwortschatz Englisch lernen (3)\r\nZeitw\u00f6rter - Grundwortschatz Englisch lernen\r\nBirds - Grundwortschatz Englisch lernen\r\nTiere im Wasser - Grundwortschatz Englisch lernen\r\nTiere im Wasser - Englisch schreiben","hide_numbers":false,"flyer":"","info_columns":null},"_links":{"self":[{"href":"https:\/\/www.medienlb.com\/en\/wp-json\/wp\/v2\/product\/23636","targetHints":{"allow":["GET"]}}],"collection":[{"href":"https:\/\/www.medienlb.com\/en\/wp-json\/wp\/v2\/product"}],"about":[{"href":"https:\/\/www.medienlb.com\/en\/wp-json\/wp\/v2\/types\/product"}],"acf:post":[{"embeddable":true,"href":"https:\/\/www.medienlb.com\/en\/wp-json\/wp\/v2\/product\/24076"},{"embeddable":true,"href":"https:\/\/www.medienlb.com\/en\/wp-json\/wp\/v2\/product\/23716"},{"embeddable":true,"href":"https:\/\/www.medienlb.com\/en\/wp-json\/wp\/v2\/product\/19497"}],"wp:featuredmedia":[{"embeddable":true,"href":"https:\/\/www.medienlb.com\/en\/wp-json\/wp\/v2\/media\/23642"}],"wp:attachment":[{"href":"https:\/\/www.medienlb.com\/en\/wp-json\/wp\/v2\/media?parent=23636"}],"wp:term":[{"taxonomy":"product_brand","embeddable":true,"href":"https:\/\/www.medienlb.com\/en\/wp-json\/wp\/v2\/product_brand?post=23636"},{"taxonomy":"product_cat","embeddable":true,"href":"https:\/\/www.medienlb.com\/en\/wp-json\/wp\/v2\/product_cat?post=23636"},{"taxonomy":"product_tag","embeddable":true,"href":"https:\/\/www.medienlb.com\/en\/wp-json\/wp\/v2\/product_tag?post=23636"}],"curies":[{"name":"wp","href":"https:\/\/api.w.org\/{rel}","templated":true}]}}