{"id":23616,"date":"2024-03-08T09:29:54","date_gmt":"2024-03-08T09:29:54","guid":{"rendered":"https:\/\/www.medienlb.com\/?post_type=product&#038;p=23616"},"modified":"2025-02-07T13:45:55","modified_gmt":"2025-02-07T13:45:55","slug":"ein-himmel-voller-bienen","status":"publish","type":"product","link":"https:\/\/www.medienlb.com\/en\/produkt\/ein-himmel-voller-bienen\/","title":{"rendered":"Ein Himmel voller Bienen"},"content":{"rendered":"<p>Bienen sind f\u00fcr die Umwelt, aber auch f\u00fcr das \u00dcberleben der Menschen unerl\u00e4sslich \u2013 und doch sind insbesondere die Wildbienen vom Aussterben bedroht. Die wichtigste Aufgabe der flei\u00dfigen Tiere ist das Best\u00e4uben von Wild- und Kulturpflanzen, die damit die Grundlage der weltweiten Nahrungsmittelversorgung sichern. Gleichzeitig ist der Mensch der gr\u00f6\u00dfte Feind dieser Insekten: Pestizide, landwirtschaftliche Monokulturen Versiegelung und weitere Handlungen gef\u00e4hrden den Bestand.<\/p>\n<p>Der Film bringt den Lernenden die Merkmale und Wesensz\u00fcge der (Wild-)bienen nahe, zeigt das Engagement zu ihrer Rettung und sensibilisiert f\u00fcr die M\u00f6glichkeiten, das \u00d6kosystem in Balance zu bringen.<\/p>\n<p>Der Film kann mit der Einblendung englischer Untertitel abgespielt werden. Zus\u00e4tzliches Begleitmaterial sind Arbeitsbl\u00e4tter und interaktive Aufgaben mit H5P.<\/p>\n<p>Dazu passend gibt es einen <a href=\"https:\/\/www.medienlb.com\/produkt\/bienenkoffer-grundschulkinder\/\">Bienenkoffer f\u00fcr die Grundschule<\/a> und einen f\u00fcr <a href=\"https:\/\/www.medienlb.com\/produkt\/bienenkoffer-kita\/\">Kitas<\/a>.<\/p>\n","protected":false},"excerpt":{"rendered":"<p>Bienen sind f\u00fcr die Umwelt, aber auch f\u00fcr das \u00dcberleben der Menschen unerl\u00e4sslich \u2013 und doch sind insbesondere die Wildbienen vom Aussterben bedroht.<\/p>\n","protected":false},"featured_media":23627,"template":"","meta":{"_acf_changed":false},"product_brand":[],"product_cat":[70],"product_tag":[77,125],"class_list":{"0":"post-23616","1":"product","2":"type-product","3":"status-publish","4":"has-post-thumbnail","6":"product_cat-film","7":"product_tag-subject-gesellschaft","8":"product_tag-target-sek-i","9":"product_shipping_class-dvd-versand","11":"first","12":"instock","13":"taxable","14":"shipping-taxable","15":"purchasable","16":"product-type-variable"},"acf":{"subtitle":"","article_id":"46505430 | 55506308","languages":"DE","thumb_up":true,"cover_image":27751,"linked_product":23596,"linked_products":null,"banner":{"show":true,"text":"","color":""},"length":"50:59 min","content_movie":"Gesamtes Begleitmaterial: 54 Seiten\r\nArbeitsbl\u00e4tter: 20 Seiten\r\nTestaufgaben: 20\r\nInteraktive Aufgaben: 10","learning_goals":"<ol>\r\n \t<li>Die Lernenden k\u00f6nnen die Bienen, ihre Aufgaben und Lebensweise beschreiben.<\/li>\r\n \t<li>Die Lernenden erkl\u00e4ren die Bedeutung der Bienen f\u00fcr die Best\u00e4ubung von Pflanzen<\/li>\r\n \t<li>Die Lernenden reflektieren die Ver\u00e4nderungen von \u00d6kosystemen durch Eingriffe des Menschen.<\/li>\r\n<\/ol>","preview_gif":23622,"trailer":{"file":23624,"url":"","image":23626},"mediathek_id":"","amount":"","demo_url":"","h5p_demo_id":"","content_interactive":"","hide_numbers":false,"flyer":"","info_columns":null},"_links":{"self":[{"href":"https:\/\/www.medienlb.com\/en\/wp-json\/wp\/v2\/product\/23616","targetHints":{"allow":["GET"]}}],"collection":[{"href":"https:\/\/www.medienlb.com\/en\/wp-json\/wp\/v2\/product"}],"about":[{"href":"https:\/\/www.medienlb.com\/en\/wp-json\/wp\/v2\/types\/product"}],"acf:post":[{"embeddable":true,"href":"https:\/\/www.medienlb.com\/en\/wp-json\/wp\/v2\/product\/23596"}],"wp:featuredmedia":[{"embeddable":true,"href":"https:\/\/www.medienlb.com\/en\/wp-json\/wp\/v2\/media\/23627"}],"wp:attachment":[{"href":"https:\/\/www.medienlb.com\/en\/wp-json\/wp\/v2\/media?parent=23616"}],"wp:term":[{"taxonomy":"product_brand","embeddable":true,"href":"https:\/\/www.medienlb.com\/en\/wp-json\/wp\/v2\/product_brand?post=23616"},{"taxonomy":"product_cat","embeddable":true,"href":"https:\/\/www.medienlb.com\/en\/wp-json\/wp\/v2\/product_cat?post=23616"},{"taxonomy":"product_tag","embeddable":true,"href":"https:\/\/www.medienlb.com\/en\/wp-json\/wp\/v2\/product_tag?post=23616"}],"curies":[{"name":"wp","href":"https:\/\/api.w.org\/{rel}","templated":true}]}}