{"id":23596,"date":"2024-03-06T11:43:16","date_gmt":"2024-03-06T11:43:16","guid":{"rendered":"https:\/\/www.medienlb.com\/?post_type=product&#038;p=23596"},"modified":"2025-01-31T10:34:21","modified_gmt":"2025-01-31T10:34:21","slug":"bienenkoffer-grundschulkinder","status":"publish","type":"product","link":"https:\/\/www.medienlb.com\/en\/produkt\/bienenkoffer-grundschulkinder\/","title":{"rendered":"Bienenkoffer Grundschulkinder"},"content":{"rendered":"<div class=\"flex flex-grow flex-col max-w-full\">\n<div class=\"min-h-[20px] text-message flex flex-col items-start gap-3 whitespace-pre-wrap break-words [.text-message+&amp;]:mt-5 overflow-x-auto\" data-message-author-role=\"assistant\" data-message-id=\"4653d40d-7698-4c6a-8b72-0a0c1290771e\">\n<div class=\"markdown prose w-full break-words dark:prose-invert light\">\n<p>Mit dem Bienenkoffer entdecken Grundschulkinder die faszinierende Welt der Wild- und Honigbienen. R\u00e4tsel l\u00f6sen, Quizfragen beantworten, echte Bienenpr\u00e4parate ansehen, Honig kosten und vieles mehr: Damit weckst Du Begeisterung f\u00fcr Best\u00e4uberinsekten \u2013 in der schulischen wie in der au\u00dferschulischen Umweltbildung.<\/p>\n<\/div>\n<\/div>\n<\/div>\n<hr \/>\n<p>Weitere Informationen und Shop:\u00a0\u00a0 <span style=\"color: #3366ff;\"><a style=\"color: #3366ff;\" href=\"https:\/\/www.deutschland-summt.de\/\" target=\"_blank\" rel=\"noopener\">https:\/\/www.deutschland-summt.de\/<\/a><\/span><\/p>\n<hr \/>\n<p><span style=\"color: #3366ff;\">\u00a0<\/span><\/p>\n","protected":false},"excerpt":{"rendered":"<p>Themen:<br \/>\nBl\u00fcte und Best\u00e4ubung,<br \/>\nK\u00f6rperbau der Biene am Beispiel Honigbiene,<br \/>\nDas Leben der Honigbiene,<br \/>\nDie Produkte der Honigbiene,<br \/>\nDie wilden Verwandten der Honigbiene,<br \/>\nWas kann ich aktiv tun?<\/p>\n<p>&nbsp;<\/p>\n","protected":false},"featured_media":23646,"template":"","meta":{"_acf_changed":false},"product_brand":[],"product_cat":[75],"product_tag":[],"class_list":{"0":"post-23596","1":"product","2":"type-product","3":"status-publish","4":"has-post-thumbnail","6":"product_cat-hardware","8":"first","9":"instock","10":"taxable","11":"shipping-taxable","12":"purchasable","13":"product-type-variable"},"acf":{"subtitle":"Bienenkoffer f\u00fcr Grundschulkinder","article_id":"MS_20_55506308_GS","languages":"DE","thumb_up":false,"cover_image":"","linked_product":23616,"linked_products":null,"banner":{"show":true,"text":"","color":""},"length":"","content_movie":"","learning_goals":"","preview_gif":"","trailer":{"file":"","url":"","image":""},"mediathek_id":"","amount":"","demo_url":"","h5p_demo_id":"","content_interactive":"","hide_numbers":false,"flyer":23608,"info_columns":[{"heading":"Inhalt:","content":"Memo \"Bl\u00fcten-Pollen-Fr\u00fcchte\"\r\nBecherlupen\r\n\"Bienenaugen\"\r\nBienen-Pr\u00e4parate (Arbeiterinnen, Drohn)\r\nWachs- und Pollengl\u00e4schen\r\nImkerschleier f\u00fcr Kinder\r\nBlumen aus Plastik (gef\u00fcllt, ungef\u00fcllt)\r\n13 Ansichten zu Bienen und Pflanzen (A4-Format)\r\nSaatgutt\u00fctchen mit Inhaltserkl\u00e4rung\r\nund mehr!"},{"heading":"","content":""},{"heading":"","content":""}]},"_links":{"self":[{"href":"https:\/\/www.medienlb.com\/en\/wp-json\/wp\/v2\/product\/23596","targetHints":{"allow":["GET"]}}],"collection":[{"href":"https:\/\/www.medienlb.com\/en\/wp-json\/wp\/v2\/product"}],"about":[{"href":"https:\/\/www.medienlb.com\/en\/wp-json\/wp\/v2\/types\/product"}],"acf:post":[{"embeddable":true,"href":"https:\/\/www.medienlb.com\/en\/wp-json\/wp\/v2\/product\/23616"}],"wp:featuredmedia":[{"embeddable":true,"href":"https:\/\/www.medienlb.com\/en\/wp-json\/wp\/v2\/media\/23646"}],"wp:attachment":[{"href":"https:\/\/www.medienlb.com\/en\/wp-json\/wp\/v2\/media?parent=23596"}],"wp:term":[{"taxonomy":"product_brand","embeddable":true,"href":"https:\/\/www.medienlb.com\/en\/wp-json\/wp\/v2\/product_brand?post=23596"},{"taxonomy":"product_cat","embeddable":true,"href":"https:\/\/www.medienlb.com\/en\/wp-json\/wp\/v2\/product_cat?post=23596"},{"taxonomy":"product_tag","embeddable":true,"href":"https:\/\/www.medienlb.com\/en\/wp-json\/wp\/v2\/product_tag?post=23596"}],"curies":[{"name":"wp","href":"https:\/\/api.w.org\/{rel}","templated":true}]}}