{"id":23567,"date":"2024-03-06T10:16:20","date_gmt":"2024-03-06T10:16:20","guid":{"rendered":"https:\/\/www.medienlb.com\/?post_type=product&#038;p=23567"},"modified":"2024-09-02T07:46:49","modified_gmt":"2024-09-02T07:46:49","slug":"kamishibai-vol-5","status":"publish","type":"product","link":"https:\/\/www.medienlb.com\/en\/produkt\/kamishibai-vol-5\/","title":{"rendered":"Kamishibai Vol. 5"},"content":{"rendered":"<p>In unserem Arbeitsheft Kamishibai Vol. 5 &#8211; Bildergeschichten (Level 1) finden Sie interaktive und didaktisch aufbereitete Aufgaben.<\/p>\n<p>Das Medium bietet H5P-Aufgaben an, die ohne zus\u00e4tzliche Software verwendbar sind. Das Medium enth\u00e4lt Texte und interaktive Aufgaben zum Thema Bildergeschichten.<br \/>\nDer vorgegebene Text f\u00f6rdert Lese\u00fcbungen und das Leseverst\u00e4ndnis. Die Kurzgeschichten sind mit Illustrationen versehen und so zum eigenst\u00e4ndigen Nacherz\u00e4hlen, oder dem Erz\u00e4hlen eigener Geschichten geeignet.<br \/>\nLernen macht jetzt Spa\u00df!<\/p>\n","protected":false},"excerpt":{"rendered":"<p>Das Medium bietet H5P-Aufgaben an, die ohne zus\u00e4tzliche Software verwendbar sind. Das Medium enth\u00e4lt Texte und interaktive Aufgaben zum Thema Bildergeschichten.<\/p>\n","protected":false},"featured_media":23575,"template":"","meta":{"_acf_changed":false},"product_brand":[],"product_cat":[181,186],"product_tag":[119,129],"class_list":{"0":"post-23567","1":"product","2":"type-product","3":"status-publish","4":"has-post-thumbnail","6":"product_cat-interaktives-arbeitsheft","7":"product_cat-kamishibai","8":"product_tag-subject-deutsch","9":"product_tag-target-gru","11":"first","12":"instock","13":"taxable","14":"shipping-taxable","15":"purchasable","16":"product-type-variable"},"acf":{"subtitle":"Bildergeschichten (Level 1)","article_id":"55506077","languages":"DE","thumb_up":false,"cover_image":null,"linked_product":19192,"linked_products":null,"banner":{"show":false,"text":"","color":""},"length":"","content_movie":"","learning_goals":"","preview_gif":"","trailer":{"file":"","url":"","image":""},"mediathek_id":"","amount":50,"demo_url":"https:\/\/www.interaktive-arbeitshefte.de\/de\/h5p\/28013\/embed","h5p_demo_id":"","content_interactive":"Zu gro\u00df! Zu klein! (Bildergeschichte Level 1)\r\nWas ist es? (2) (Bildergeschichte Level 1)\r\nHeute bin ich (Bildergeschichte Level 1)\r\nMeine Schwester und ich (Bildergeschichte Level 1)\r\nIch kann Dinge herstellen! (Bildergeschichte Level 1)\r\nDie gierige Maus (Bildergeschichte Level 1)\r\nDie Biene und der Elefant (Bildergeschichte Level 1)\r\nHerbst (Bildergeschichte Level 1)\r\nWer ist unser Freund? (Bildergeschichte Level 1)\r\nJetzt habe ich dich! (Bildergeschichte Level 1)\r\nTeile des K\u00f6rpers (Bildergeschichte Level 1)\r\nTun und Lassen (Bildergeschichte Level 1)\r\nCoco, die Katze (Bildergeschichte Level 1)\r\nWilde Katzen! (Bildergeschichte Level 1)\r\nEin sehr gro\u00dfer Mann (Bildergeschichte Level 1)\r\nDas will ich haben! (Bildergeschichte Level 1)\r\nSofias Reise (Bildergeschichte Level 1)\r\nKratz! Kratzt! Kratz! (Bildergeschichte Level 1)\r\nWo ist Thabo? (Bildergeschichte Level 1)\r\nGut f\u00fcr dich (Bildergeschichte Level 1)\r\nTing Tong (Bildergeschichte Level 1)\r\nWer hat das alles aufgegessen? (Bildergeschichte Level 1)\r\nVerloren und gefunden (Bildergeschichte Level 1)\r\nGibt es jemanden, der so ist wie ich? (Bildergeschichte Level 1)\r\nDas Zuhause von Tieren (Bildergeschichte Level 1)\r\nZu gro\u00df! Zu klein! - L\u00fcckentext\r\nWas ist es? (2) - L\u00fcckentext\r\nHeute bin ich - L\u00fcckentext\r\nMeine Schwester und ich - L\u00fcckentext\r\nIch kann Dinge herstellen! - L\u00fcckentext\r\nDie gierige Maus - L\u00fcckentext\r\nDie Biene und der Elefant - L\u00fcckentext\r\nHerbst - L\u00fcckentext\r\nWer ist unser Freund? - L\u00fcckentext\r\nJetzt habe ich dich! - L\u00fcckentext\r\nTeile des K\u00f6rpers - L\u00fcckentext\r\nTun und Lassen - L\u00fcckentext\r\nCoco, die Katze - L\u00fcckentext\r\nWilde Katzen! - L\u00fcckentext\r\nEin sehr gro\u00dfer Mann - L\u00fcckentext\r\nDas will ich haben! - L\u00fcckentext\r\nSofias Reise - L\u00fcckentext\r\nKratz! Kratzt! Kratz! - L\u00fcckentext\r\nWo ist Thabo? - L\u00fcckentext\r\nGut f\u00fcr dich - L\u00fcckentext\r\nTing Tong - L\u00fcckentext\r\nWer hat das alles aufgegessen? - L\u00fcckentext\r\nVerloren und gefunden - L\u00fcckentext\r\nGibt es jemanden, der so ist wie ich? - L\u00fcckentext\r\nDas Zuhause von Tieren - L\u00fcckentext","hide_numbers":false,"flyer":"","info_columns":null},"_links":{"self":[{"href":"https:\/\/www.medienlb.com\/en\/wp-json\/wp\/v2\/product\/23567","targetHints":{"allow":["GET"]}}],"collection":[{"href":"https:\/\/www.medienlb.com\/en\/wp-json\/wp\/v2\/product"}],"about":[{"href":"https:\/\/www.medienlb.com\/en\/wp-json\/wp\/v2\/types\/product"}],"acf:post":[{"embeddable":true,"href":"https:\/\/www.medienlb.com\/en\/wp-json\/wp\/v2\/product\/19192"}],"wp:featuredmedia":[{"embeddable":true,"href":"https:\/\/www.medienlb.com\/en\/wp-json\/wp\/v2\/media\/23575"}],"wp:attachment":[{"href":"https:\/\/www.medienlb.com\/en\/wp-json\/wp\/v2\/media?parent=23567"}],"wp:term":[{"taxonomy":"product_brand","embeddable":true,"href":"https:\/\/www.medienlb.com\/en\/wp-json\/wp\/v2\/product_brand?post=23567"},{"taxonomy":"product_cat","embeddable":true,"href":"https:\/\/www.medienlb.com\/en\/wp-json\/wp\/v2\/product_cat?post=23567"},{"taxonomy":"product_tag","embeddable":true,"href":"https:\/\/www.medienlb.com\/en\/wp-json\/wp\/v2\/product_tag?post=23567"}],"curies":[{"name":"wp","href":"https:\/\/api.w.org\/{rel}","templated":true}]}}