{"id":23542,"date":"2024-03-05T07:09:11","date_gmt":"2024-03-05T07:09:11","guid":{"rendered":"https:\/\/www.medienlb.com\/?post_type=product&#038;p=23542"},"modified":"2025-02-07T13:45:59","modified_gmt":"2025-02-07T13:45:59","slug":"das-geschaeft-mit-kakao","status":"publish","type":"product","link":"https:\/\/www.medienlb.com\/en\/produkt\/das-geschaeft-mit-kakao\/","title":{"rendered":"Das Gesch\u00e4ft mit Kakao"},"content":{"rendered":"<p>Die Olmeken, Maya und Azteken sahen in Kakao ein g\u00f6ttliches Geschenk \u2013 er galt als Opfergabe, Medizin und Zahlungsmittel. Auch heute wird Kakao als marktwirtschaftliches Produkt an der B\u00f6rse gehandelt.<\/p>\n<p>Der Film zeichnet die Geschichte des Kakaos, beschreibt die Vegetation und Verbreitung der Pflanze, Ernte und die Verarbeitung von der Bohne bis zu Schokolade.<\/p>\n<p>Auch beleuchtet er kritische Fragen wie z.B. Kinderarbeit oder Ausbeutung der Kakaobauern bei Anbau und Ernte und zeigt mittels fairtrade-Standards M\u00f6glichkeiten zur Verbesserung von Missst\u00e4nden auf. Ebenfalls nachgezeichnet werden Produktionsschritte und Wertsch\u00f6pfungsketten.<\/p>\n","protected":false},"excerpt":{"rendered":"<p>Die Olmeken, Maya und Azteken sahen in Kakao ein g\u00f6ttliches Geschenk \u2013 er galt als Opfergabe, Medizin und Zahlungsmittel. Auch heute wird Kakao als marktwirtschaftliches Produkt an der B\u00f6rse gehandelt.<\/p>\n","protected":false},"featured_media":23553,"template":"","meta":{"_acf_changed":false},"product_brand":[],"product_cat":[70],"product_tag":[91,97,129,125],"class_list":{"0":"post-23542","1":"product","2":"type-product","3":"status-publish","4":"has-post-thumbnail","6":"product_cat-film","7":"product_tag-subject-geografie","8":"product_tag-subject-grundschule","9":"product_tag-target-gru","10":"product_tag-target-sek-i","11":"product_shipping_class-dvd-versand","13":"first","14":"instock","15":"taxable","16":"shipping-taxable","17":"purchasable","18":"product-type-variable"},"acf":{"subtitle":"Von der Bohne bis zum Handel","article_id":"46505346 \/ 55505960 ","languages":"DE","thumb_up":false,"cover_image":27753,"linked_product":"","linked_products":null,"banner":{"show":true,"text":"","color":""},"length":"19:45 min","content_movie":"Gesamtes Begleitmaterial: 71 Seiten\r\nArbeitsbl\u00e4tter: 20 Seiten\r\nTestaufgaben: 20\r\nInteraktive Aufgaben: 10","learning_goals":"<ol>\r\n \t<li>Die Lernenden lernen die Merkmale der Kakaopflanze.<\/li>\r\n \t<li>Die Lernenden reflektieren die Entwicklung des Kakaos von der g\u00f6ttlichen Opfergabe zum Welthandelsprodukt.<\/li>\r\n \t<li>Die Lernenden diskutieren die Arbeitsbedingungen der Kakaobauern bez\u00fcglich der Preisbildung von Kakao.<\/li>\r\n<\/ol>","preview_gif":23544,"trailer":{"file":23546,"url":"","image":23548},"mediathek_id":817,"amount":"","demo_url":"","h5p_demo_id":"","content_interactive":"","hide_numbers":false,"flyer":"","info_columns":null},"_links":{"self":[{"href":"https:\/\/www.medienlb.com\/en\/wp-json\/wp\/v2\/product\/23542","targetHints":{"allow":["GET"]}}],"collection":[{"href":"https:\/\/www.medienlb.com\/en\/wp-json\/wp\/v2\/product"}],"about":[{"href":"https:\/\/www.medienlb.com\/en\/wp-json\/wp\/v2\/types\/product"}],"wp:featuredmedia":[{"embeddable":true,"href":"https:\/\/www.medienlb.com\/en\/wp-json\/wp\/v2\/media\/23553"}],"wp:attachment":[{"href":"https:\/\/www.medienlb.com\/en\/wp-json\/wp\/v2\/media?parent=23542"}],"wp:term":[{"taxonomy":"product_brand","embeddable":true,"href":"https:\/\/www.medienlb.com\/en\/wp-json\/wp\/v2\/product_brand?post=23542"},{"taxonomy":"product_cat","embeddable":true,"href":"https:\/\/www.medienlb.com\/en\/wp-json\/wp\/v2\/product_cat?post=23542"},{"taxonomy":"product_tag","embeddable":true,"href":"https:\/\/www.medienlb.com\/en\/wp-json\/wp\/v2\/product_tag?post=23542"}],"curies":[{"name":"wp","href":"https:\/\/api.w.org\/{rel}","templated":true}]}}