{"id":23495,"date":"2024-02-26T12:36:11","date_gmt":"2024-02-26T12:36:11","guid":{"rendered":"https:\/\/www.medienlb.com\/?post_type=product&#038;p=23495"},"modified":"2025-01-31T12:17:29","modified_gmt":"2025-01-31T12:17:29","slug":"lerneinheit-deutsch-1","status":"publish","type":"product","link":"https:\/\/www.medienlb.com\/en\/produkt\/lerneinheit-deutsch-1\/","title":{"rendered":"Lerneinheit Deutsch 1"},"content":{"rendered":"<p>In 10 interaktiven Aufgaben besch\u00e4ftigen sich die Lernenden mit Anlauten, Silben und Wortanf\u00e4ngen.<br \/>\nGrundschulgerecht gestaltet geht es um Zuordnungen, Auswahlm\u00f6glichkeiten, das Z\u00e4hlen von Silben, Verstehens- und Lese\u00fcbungen.<\/p>\n<p>Die interaktive Lerneinheit kann sowohl zur Wissensvermittlung und -vertiefung als auch zur Wissensstandsabfrage genutzt werden.<\/p>\n<p>Die Aufgaben sind mit H5P erstellt und k\u00f6nnen ohne zus\u00e4tzliche Software angewandt werden.<\/p>\n","protected":false},"excerpt":{"rendered":"<p>In 10 interaktiven Aufgaben besch\u00e4ftigen sich die Lernenden mit Anlauten, Silben und Wortanf\u00e4ngen.<\/p>\n","protected":false},"featured_media":23501,"template":"","meta":{"_acf_changed":false},"product_brand":[],"product_cat":[180],"product_tag":[97,129],"class_list":{"0":"post-23495","1":"product","2":"type-product","3":"status-publish","4":"has-post-thumbnail","6":"product_cat-interaktive-lerneinheit","7":"product_tag-subject-grundschule","8":"product_tag-target-gru","10":"first","11":"instock","12":"taxable","13":"shipping-taxable","14":"purchasable","15":"product-type-variable"},"acf":{"subtitle":"Anlaute, Silben, erste W\u00f6rter","article_id":"55506377","languages":"DE","thumb_up":false,"cover_image":29623,"linked_product":"","linked_products":null,"banner":{"show":false,"text":"","color":""},"length":"","content_movie":"","learning_goals":"","preview_gif":"","trailer":{"file":"","url":"","image":""},"mediathek_id":"","amount":10,"demo_url":"https:\/\/www.klassenarbeiten.online\/h5p\/4533\/embed","h5p_demo_id":"","content_interactive":"I Anlaute, Silben, erste W\u00f6rter\r\nII Anlaute, Silben, erste W\u00f6rter\r\nIII Anlaute, Silben, erste W\u00f6rter\r\nIV Anlaute, Silben, erste W\u00f6rter\r\nV Anlaute, Silben, erste W\u00f6rter\r\nVI Anlaute, Silben, erste W\u00f6rter\r\nVII Anlaute, Silben, erste W\u00f6rter\r\nVIII Anlaute, Silben, erste W\u00f6rter\r\nIX Anlaute, Silben, erste W\u00f6rter\r\nX Anlaute, Silben, erste W\u00f6rter","hide_numbers":true,"flyer":"","info_columns":null},"_links":{"self":[{"href":"https:\/\/www.medienlb.com\/en\/wp-json\/wp\/v2\/product\/23495","targetHints":{"allow":["GET"]}}],"collection":[{"href":"https:\/\/www.medienlb.com\/en\/wp-json\/wp\/v2\/product"}],"about":[{"href":"https:\/\/www.medienlb.com\/en\/wp-json\/wp\/v2\/types\/product"}],"wp:featuredmedia":[{"embeddable":true,"href":"https:\/\/www.medienlb.com\/en\/wp-json\/wp\/v2\/media\/23501"}],"wp:attachment":[{"href":"https:\/\/www.medienlb.com\/en\/wp-json\/wp\/v2\/media?parent=23495"}],"wp:term":[{"taxonomy":"product_brand","embeddable":true,"href":"https:\/\/www.medienlb.com\/en\/wp-json\/wp\/v2\/product_brand?post=23495"},{"taxonomy":"product_cat","embeddable":true,"href":"https:\/\/www.medienlb.com\/en\/wp-json\/wp\/v2\/product_cat?post=23495"},{"taxonomy":"product_tag","embeddable":true,"href":"https:\/\/www.medienlb.com\/en\/wp-json\/wp\/v2\/product_tag?post=23495"}],"curies":[{"name":"wp","href":"https:\/\/api.w.org\/{rel}","templated":true}]}}