{"id":23450,"date":"2023-12-12T14:23:21","date_gmt":"2023-12-12T14:23:21","guid":{"rendered":"https:\/\/www.medienlb.com\/produkt\/natuerliche-zahlen-3\/"},"modified":"2024-02-14T15:22:03","modified_gmt":"2024-02-14T15:22:03","slug":"natuerliche-zahlen-3","status":"publish","type":"product","link":"https:\/\/www.medienlb.com\/en\/produkt\/natuerliche-zahlen-3\/","title":{"rendered":"Nat\u00fcrliche Zahlen"},"content":{"rendered":"<p>In 10 interaktiven, unterschiedlich gestalteten Aufgaben werden die Sch\u00fcler:innen mit dem Umgang mit den nat\u00fcrlichen Zahlen vertraut gemacht und das Wissen mittels \u00dcbungen vertieft.<br \/>\nDas Medium bietet H5P-Aufgaben an, die ohne zus\u00e4tzliche Software verwendbar sind.\u00a0<br \/>\nDurch interaktive Aufgabentypen wird das audiovisuelle und interaktive Lernen einfach.<br \/>\nLernen macht jetzt Spa\u00df!<\/p>\n","protected":false},"excerpt":{"rendered":"<p>In 10 interaktiven, unterschiedlich gestalteten Aufgaben werden die Sch\u00fcler:innen mit dem Umgang mit den nat\u00fcrlichen Zahlen vertraut gemacht und das Wissen mittels \u00dcbungen vertieft.<\/p>\n","protected":false},"featured_media":16348,"template":"","meta":{"_acf_changed":false},"product_brand":[],"product_cat":[182],"product_tag":[155,100,126],"class_list":{"0":"post-23450","1":"product","2":"type-product","3":"status-publish","4":"has-post-thumbnail","6":"product_cat-interactive-unit","7":"product_tag-old_image-2","8":"product_tag-subject-mathematics","9":"product_tag-target-sek-i-2","11":"first","12":"instock","13":"taxable","14":"shipping-taxable","15":"purchasable","16":"product-type-variable"},"acf":{"subtitle":"","article_id":"55505877","languages":"DE","thumb_up":false,"cover_image":null,"linked_product":null,"linked_products":null,"banner":{"show":false,"text":"","color":""},"length":"","content_movie":"","learning_goals":"","preview_gif":null,"trailer":{"file":null,"url":"","image":null},"mediathek_id":"","amount":10,"demo_url":"","h5p_demo_id":"","content_interactive":"I Nat\u00fcrliche Zahlen\nII Nat\u00fcrliche Zahlen\nIII Nat\u00fcrliche Zahlen\nIV Nat\u00fcrliche Zahlen\nV Nat\u00fcrliche Zahlen\nVI Nat\u00fcrliche Zahlen\nVII Nat\u00fcrliche Zahlen\nVIII Nat\u00fcrliche Zahlen\nIX Nat\u00fcrliche Zahlen\nX Nat\u00fcrliche Zahlen","hide_numbers":true,"flyer":null,"info_columns":null},"_links":{"self":[{"href":"https:\/\/www.medienlb.com\/en\/wp-json\/wp\/v2\/product\/23450","targetHints":{"allow":["GET"]}}],"collection":[{"href":"https:\/\/www.medienlb.com\/en\/wp-json\/wp\/v2\/product"}],"about":[{"href":"https:\/\/www.medienlb.com\/en\/wp-json\/wp\/v2\/types\/product"}],"wp:featuredmedia":[{"embeddable":true,"href":"https:\/\/www.medienlb.com\/en\/wp-json\/wp\/v2\/media\/16348"}],"wp:attachment":[{"href":"https:\/\/www.medienlb.com\/en\/wp-json\/wp\/v2\/media?parent=23450"}],"wp:term":[{"taxonomy":"product_brand","embeddable":true,"href":"https:\/\/www.medienlb.com\/en\/wp-json\/wp\/v2\/product_brand?post=23450"},{"taxonomy":"product_cat","embeddable":true,"href":"https:\/\/www.medienlb.com\/en\/wp-json\/wp\/v2\/product_cat?post=23450"},{"taxonomy":"product_tag","embeddable":true,"href":"https:\/\/www.medienlb.com\/en\/wp-json\/wp\/v2\/product_tag?post=23450"}],"curies":[{"name":"wp","href":"https:\/\/api.w.org\/{rel}","templated":true}]}}