{"id":23435,"date":"2023-12-12T14:23:45","date_gmt":"2023-12-12T14:23:45","guid":{"rendered":"https:\/\/www.medienlb.com\/produkt\/mathematik-fuer-zwischendurch\/"},"modified":"2024-02-14T15:21:45","modified_gmt":"2024-02-14T15:21:45","slug":"mathematik-fuer-zwischendurch","status":"publish","type":"product","link":"https:\/\/www.medienlb.com\/en\/produkt\/mathematik-fuer-zwischendurch\/","title":{"rendered":"Mathematik f\u00fcr zwischendurch"},"content":{"rendered":"<p>In 10 Aufgaben l\u00f6sen die Sch\u00fcler:innen Aufgaben unterschiedlicher Rechenarten.\u00a0<br \/>\nDie Aufgaben sind gemischt und beinhalten unter anderem die Grundrechenarten, Prozentrechnen und Textaufgaben.\u00a0<br \/>\nDie L\u00f6sungseingaben erfolgen u.a. \u00fcber traditionelle L\u00f6sungsfelder, mathematische Kreuzwortr\u00e4tsel oder auch Suchsel.\u00a0<\/p>\n<p>Durch interaktive Aufgabentypen wird das audiovisuelle und interaktive Lernen einfach.<br \/>\nLernen macht jetzt Spa\u00df!<\/p>\n","protected":false},"excerpt":{"rendered":"<p>In 10 Aufgaben l\u00f6sen die Sch\u00fcler:innen Aufgaben unterschiedlicher Rechenarten.\u00a0<\/p>\n","protected":false},"featured_media":16383,"template":"","meta":{"_acf_changed":false},"product_brand":[],"product_cat":[182],"product_tag":[155,100,126],"class_list":{"0":"post-23435","1":"product","2":"type-product","3":"status-publish","4":"has-post-thumbnail","6":"product_cat-interactive-unit","7":"product_tag-old_image-2","8":"product_tag-subject-mathematics","9":"product_tag-target-sek-i-2","11":"first","12":"instock","13":"taxable","14":"shipping-taxable","15":"purchasable","16":"product-type-variable"},"acf":{"subtitle":"","article_id":"55505746","languages":"DE","thumb_up":false,"cover_image":null,"linked_product":null,"linked_products":null,"banner":{"show":false,"text":"","color":""},"length":"","content_movie":"","learning_goals":"","preview_gif":null,"trailer":{"file":null,"url":"","image":null},"mediathek_id":"","amount":10,"demo_url":"","h5p_demo_id":"","content_interactive":"I Mathematik f\u00fcr zwischendurch\nII Mathematik f\u00fcr zwischendurch\nIII Mathematik f\u00fcr zwischendurch\nIV Mathematik f\u00fcr zwischendurch\nV Mathematik f\u00fcr zwischendurch\nVI Mathematik f\u00fcr zwischendurch\nVII Mathematik f\u00fcr zwischendurch\nVIII Mathematik f\u00fcr zwischendurch\nIX Mathematik f\u00fcr zwischendurch\nX Mathematik f\u00fcr zwischendurch","hide_numbers":true,"flyer":null,"info_columns":null},"_links":{"self":[{"href":"https:\/\/www.medienlb.com\/en\/wp-json\/wp\/v2\/product\/23435","targetHints":{"allow":["GET"]}}],"collection":[{"href":"https:\/\/www.medienlb.com\/en\/wp-json\/wp\/v2\/product"}],"about":[{"href":"https:\/\/www.medienlb.com\/en\/wp-json\/wp\/v2\/types\/product"}],"wp:featuredmedia":[{"embeddable":true,"href":"https:\/\/www.medienlb.com\/en\/wp-json\/wp\/v2\/media\/16383"}],"wp:attachment":[{"href":"https:\/\/www.medienlb.com\/en\/wp-json\/wp\/v2\/media?parent=23435"}],"wp:term":[{"taxonomy":"product_brand","embeddable":true,"href":"https:\/\/www.medienlb.com\/en\/wp-json\/wp\/v2\/product_brand?post=23435"},{"taxonomy":"product_cat","embeddable":true,"href":"https:\/\/www.medienlb.com\/en\/wp-json\/wp\/v2\/product_cat?post=23435"},{"taxonomy":"product_tag","embeddable":true,"href":"https:\/\/www.medienlb.com\/en\/wp-json\/wp\/v2\/product_tag?post=23435"}],"curies":[{"name":"wp","href":"https:\/\/api.w.org\/{rel}","templated":true}]}}