{"id":23399,"date":"2023-12-12T14:24:43","date_gmt":"2023-12-12T14:24:43","guid":{"rendered":"https:\/\/www.medienlb.com\/produkt\/zahlen-aus-ziffern-bilden\/"},"modified":"2024-02-14T15:21:03","modified_gmt":"2024-02-14T15:21:03","slug":"zahlen-aus-ziffern-bilden","status":"publish","type":"product","link":"https:\/\/www.medienlb.com\/en\/produkt\/zahlen-aus-ziffern-bilden\/","title":{"rendered":"Zahlen aus Ziffern bilden"},"content":{"rendered":"<p>In zehn interaktiven Aufgaben \u00fcben Sch\u00fcler:innen der 2. Jahrgangsstufe die Vorg\u00e4nger und Nachfolger sowie die Bildung von Zahlen aus Ziffern. Anschaulich und spielerisch aufbereitet macht das Lernen jetzt Spa\u00df!<br \/>\nDie Aufgaben wurden mit den Software H5P erstellt. Sie sind ohne zus\u00e4tzliche Software unmittelbar anwendbar.<\/p>\n","protected":false},"excerpt":{"rendered":"<p>In zehn interaktiven Aufgaben \u00fcben Sch\u00fcler:innen der 2. Jahrgangsstufe die Vorg\u00e4nger und Nachfolger sowie die Bildung von Zahlen aus Ziffern. Anschaulich und spielerisch aufbereitet macht das Lernen jetzt Spa\u00df!<\/p>\n","protected":false},"featured_media":16467,"template":"","meta":{"_acf_changed":false},"product_brand":[],"product_cat":[182],"product_tag":[155,100,130],"class_list":{"0":"post-23399","1":"product","2":"type-product","3":"status-publish","4":"has-post-thumbnail","6":"product_cat-interactive-unit","7":"product_tag-old_image-2","8":"product_tag-subject-mathematics","9":"product_tag-target-gru-2","11":"first","12":"instock","13":"taxable","14":"shipping-taxable","15":"purchasable","16":"product-type-variable"},"acf":{"subtitle":"","article_id":"55505324","languages":"DE","thumb_up":false,"cover_image":null,"linked_product":null,"linked_products":null,"banner":{"show":false,"text":"","color":""},"length":"","content_movie":"","learning_goals":"","preview_gif":null,"trailer":{"file":null,"url":"","image":null},"mediathek_id":"","amount":10,"demo_url":"","h5p_demo_id":"","content_interactive":"I Zahlen aus Ziffern bilden\nII Zahlen aus Ziffern bilden\nIII Zahlen aus Ziffern bilden\nIV Zahlen aus Ziffern bilden\nV Zahlen aus Ziffern bilden\nVI Zahlen aus Ziffern bilden\nVII Zahlen aus Ziffern bilden\nVIII Zahlen aus Ziffern bilden\nIX Zahlen aus Ziffern bilden\nX Zahlen aus Ziffern bilden","hide_numbers":true,"flyer":null,"info_columns":null},"_links":{"self":[{"href":"https:\/\/www.medienlb.com\/en\/wp-json\/wp\/v2\/product\/23399","targetHints":{"allow":["GET"]}}],"collection":[{"href":"https:\/\/www.medienlb.com\/en\/wp-json\/wp\/v2\/product"}],"about":[{"href":"https:\/\/www.medienlb.com\/en\/wp-json\/wp\/v2\/types\/product"}],"wp:featuredmedia":[{"embeddable":true,"href":"https:\/\/www.medienlb.com\/en\/wp-json\/wp\/v2\/media\/16467"}],"wp:attachment":[{"href":"https:\/\/www.medienlb.com\/en\/wp-json\/wp\/v2\/media?parent=23399"}],"wp:term":[{"taxonomy":"product_brand","embeddable":true,"href":"https:\/\/www.medienlb.com\/en\/wp-json\/wp\/v2\/product_brand?post=23399"},{"taxonomy":"product_cat","embeddable":true,"href":"https:\/\/www.medienlb.com\/en\/wp-json\/wp\/v2\/product_cat?post=23399"},{"taxonomy":"product_tag","embeddable":true,"href":"https:\/\/www.medienlb.com\/en\/wp-json\/wp\/v2\/product_tag?post=23399"}],"curies":[{"name":"wp","href":"https:\/\/api.w.org\/{rel}","templated":true}]}}