{"id":23396,"date":"2023-12-12T14:24:48","date_gmt":"2023-12-12T14:24:48","guid":{"rendered":"https:\/\/www.medienlb.com\/produkt\/unser-wald-virtuell\/"},"modified":"2024-02-14T15:20:59","modified_gmt":"2024-02-14T15:20:59","slug":"unser-wald-virtuell","status":"publish","type":"product","link":"https:\/\/www.medienlb.com\/en\/produkt\/unser-wald-virtuell\/","title":{"rendered":"Unser Wald virtuell"},"content":{"rendered":"<p>In zehn VR-Panoramen erkunden Sch\u00fcler:innen den Aufbau des heimischen Waldes. S\u00e4mtliche Aufgaben sind f\u00fcr die Benutzung mit einer VR-Brille geeignet, lassen sich aber auch am PC, Tablet oder Laptop bearbeiten. Durch die Verwendung von interaktiven Aufgaben, die mit H5P erstellt wurden, verkn\u00fcpfen die Aufgaben ein virtuelles Erlebnis mit den bew\u00e4hrten Lernmethoden der H5P-Umgebung.<br \/>\n\u00a0<br \/>\nDas Medium bietet H5P-Aufgaben an, die ohne zus\u00e4tzliche Software verwendbar sind.\u00a0<br \/>\nDurch interaktive Aufgabentypen wird das audiovisuelle und interaktive Lernen einfach.<br \/>\nLernen macht jetzt Spa\u00df!<\/p>\n","protected":false},"excerpt":{"rendered":"<p>In zehn VR-Panoramen erkunden Sch\u00fcler:innen den Aufbau des heimischen Waldes. S\u00e4mtliche Aufgaben sind f\u00fcr die Benutzung mit einer VR-Brille geeignet, lassen sich aber auch am PC, Tablet oder Laptop bearbeiten. Durch die Verwendung von interaktiven Aufgaben, die mit H5P erstellt wurden, verkn\u00fcpfen die Aufgaben ein virtuelles Erlebnis mit den bew\u00e4hrten Lernmethoden der H5P-Umgebung.<\/p>\n","protected":false},"featured_media":16474,"template":"","meta":{"_acf_changed":false},"product_brand":[],"product_cat":[182],"product_tag":[155,98,130],"class_list":{"0":"post-23396","1":"product","2":"type-product","3":"status-publish","4":"has-post-thumbnail","6":"product_cat-interactive-unit","7":"product_tag-old_image-2","8":"product_tag-subject-primary-school","9":"product_tag-target-gru-2","11":"first","12":"instock","13":"taxable","14":"shipping-taxable","15":"purchasable","16":"product-type-variable"},"acf":{"subtitle":"","article_id":"55505299","languages":"DE","thumb_up":false,"cover_image":null,"linked_product":null,"linked_products":null,"banner":{"show":false,"text":"","color":""},"length":"","content_movie":"","learning_goals":"","preview_gif":null,"trailer":{"file":null,"url":"","image":null},"mediathek_id":"","amount":10,"demo_url":"","h5p_demo_id":"","content_interactive":"I Waldspaziergang - VR-geeignet; (10 Min.)\nII Aufbau des Waldes - VR-geeignet; (10 Min.)\nIII Waldpflanzung - VR-geeignet; (10 Min.)\nIV Wer lebt im Unterholz? - VR-geeignet; (10 Min.)\nV Lebensraum Unterholz - VR-geeignet (10 Min.)\nVI Pflanzen im Unterholz - VR-geeignet (10 Min.)\nVII Wald als Holzlieferant - VR-geeignet; (10 Min.)\nVIII Tiere auf der Weide - VR-geeignet; (10 Min.)\nIV Rehe - VR-geeignet; (10 Min.)\nX Was macht der J\u00e4ger? - VR-geeignet; (10 Min.)","hide_numbers":true,"flyer":null,"info_columns":null},"_links":{"self":[{"href":"https:\/\/www.medienlb.com\/en\/wp-json\/wp\/v2\/product\/23396","targetHints":{"allow":["GET"]}}],"collection":[{"href":"https:\/\/www.medienlb.com\/en\/wp-json\/wp\/v2\/product"}],"about":[{"href":"https:\/\/www.medienlb.com\/en\/wp-json\/wp\/v2\/types\/product"}],"wp:featuredmedia":[{"embeddable":true,"href":"https:\/\/www.medienlb.com\/en\/wp-json\/wp\/v2\/media\/16474"}],"wp:attachment":[{"href":"https:\/\/www.medienlb.com\/en\/wp-json\/wp\/v2\/media?parent=23396"}],"wp:term":[{"taxonomy":"product_brand","embeddable":true,"href":"https:\/\/www.medienlb.com\/en\/wp-json\/wp\/v2\/product_brand?post=23396"},{"taxonomy":"product_cat","embeddable":true,"href":"https:\/\/www.medienlb.com\/en\/wp-json\/wp\/v2\/product_cat?post=23396"},{"taxonomy":"product_tag","embeddable":true,"href":"https:\/\/www.medienlb.com\/en\/wp-json\/wp\/v2\/product_tag?post=23396"}],"curies":[{"name":"wp","href":"https:\/\/api.w.org\/{rel}","templated":true}]}}