{"id":23387,"date":"2023-12-12T14:25:02","date_gmt":"2023-12-12T14:25:02","guid":{"rendered":"https:\/\/www.medienlb.com\/produkt\/schrittweise-addition-ueber-zehner\/"},"modified":"2024-02-14T15:20:48","modified_gmt":"2024-02-14T15:20:48","slug":"schrittweise-addition-ueber-zehner","status":"publish","type":"product","link":"https:\/\/www.medienlb.com\/en\/produkt\/schrittweise-addition-ueber-zehner\/","title":{"rendered":"Schrittweise Addition \u00fcber Zehner"},"content":{"rendered":"<p>In zehn interaktiven Aufgaben \u00fcben Sch\u00fcler:innen der 2. Jahrgangsstufe die Addition mit Zehner\u00fcbergang.<br \/>\nDas Medium bietet H5P-Aufgaben an, die ohne zus\u00e4tzliche Software verwendbar sind.\u00a0<br \/>\nDurch interaktive Aufgabentypen wird das audiovisuelle und interaktive Lernen einfach.<br \/>\nLernen macht jetzt Spa\u00df!<\/p>\n","protected":false},"excerpt":{"rendered":"<p>In zehn interaktiven Aufgaben \u00fcben Sch\u00fcler:innen der 2. Jahrgangsstufe die Addition mit Zehner\u00fcbergang.<\/p>\n","protected":false},"featured_media":16495,"template":"","meta":{"_acf_changed":false},"product_brand":[],"product_cat":[182],"product_tag":[155,100,130],"class_list":{"0":"post-23387","1":"product","2":"type-product","3":"status-publish","4":"has-post-thumbnail","6":"product_cat-interactive-unit","7":"product_tag-old_image-2","8":"product_tag-subject-mathematics","9":"product_tag-target-gru-2","11":"first","12":"instock","13":"taxable","14":"shipping-taxable","15":"purchasable","16":"product-type-variable"},"acf":{"subtitle":"","article_id":"55505253","languages":"DE","thumb_up":false,"cover_image":null,"linked_product":null,"linked_products":null,"banner":{"show":false,"text":"","color":""},"length":"","content_movie":"","learning_goals":"","preview_gif":null,"trailer":{"file":null,"url":"","image":null},"mediathek_id":"","amount":10,"demo_url":"","h5p_demo_id":"","content_interactive":"I Schrittweise Addition \u00fcber Zehner\nII Schrittweise Addition \u00fcber Zehner\nIII Schrittweise Addition \u00fcber Zehner\nIV Schrittweise Addition \u00fcber Zehner\nV Schrittweise Addition \u00fcber Zehner\nVI Schrittweise Addition \u00fcber Zehner\nVII Schrittweise Addition \u00fcber Zehner\nVIII Schrittweise Addition \u00fcber Zehner\nIX Schrittweise Addition \u00fcber Zehner\nX Schrittweise Addition \u00fcber Zehner","hide_numbers":true,"flyer":null,"info_columns":null},"_links":{"self":[{"href":"https:\/\/www.medienlb.com\/en\/wp-json\/wp\/v2\/product\/23387","targetHints":{"allow":["GET"]}}],"collection":[{"href":"https:\/\/www.medienlb.com\/en\/wp-json\/wp\/v2\/product"}],"about":[{"href":"https:\/\/www.medienlb.com\/en\/wp-json\/wp\/v2\/types\/product"}],"wp:featuredmedia":[{"embeddable":true,"href":"https:\/\/www.medienlb.com\/en\/wp-json\/wp\/v2\/media\/16495"}],"wp:attachment":[{"href":"https:\/\/www.medienlb.com\/en\/wp-json\/wp\/v2\/media?parent=23387"}],"wp:term":[{"taxonomy":"product_brand","embeddable":true,"href":"https:\/\/www.medienlb.com\/en\/wp-json\/wp\/v2\/product_brand?post=23387"},{"taxonomy":"product_cat","embeddable":true,"href":"https:\/\/www.medienlb.com\/en\/wp-json\/wp\/v2\/product_cat?post=23387"},{"taxonomy":"product_tag","embeddable":true,"href":"https:\/\/www.medienlb.com\/en\/wp-json\/wp\/v2\/product_tag?post=23387"}],"curies":[{"name":"wp","href":"https:\/\/api.w.org\/{rel}","templated":true}]}}