{"id":23384,"date":"2023-12-12T14:25:06","date_gmt":"2023-12-12T14:25:06","guid":{"rendered":"https:\/\/www.medienlb.com\/produkt\/rechentabellen-addition-bis-100\/"},"modified":"2024-02-14T15:20:45","modified_gmt":"2024-02-14T15:20:45","slug":"rechentabellen-addition-bis-100","status":"publish","type":"product","link":"https:\/\/www.medienlb.com\/en\/produkt\/rechentabellen-addition-bis-100\/","title":{"rendered":"Rechentabellen Addition bis 100"},"content":{"rendered":"<p>In 10 interaktiven Aufgaben k\u00f6nnen Sch\u00fcler:innen der 2. Jahrgangsstufe Addition im ZR 100 \u00fcben.<br \/>\n\u00a0<br \/>\nDas Medium bietet H5P-Aufgaben an, die ohne zus\u00e4tzliche Software verwendbar sind.\u00a0<br \/>\nDurch interaktive Aufgabentypen wird das audiovisuelle und interaktive Lernen einfach.<br \/>\nLernen macht jetzt Spa\u00df!<\/p>\n","protected":false},"excerpt":{"rendered":"<p>In 10 interaktiven Aufgaben k\u00f6nnen Sch\u00fcler:innen der 2. Jahrgangsstufe Addition im ZR 100 \u00fcben.<\/p>\n","protected":false},"featured_media":16503,"template":"","meta":{"_acf_changed":false},"product_brand":[],"product_cat":[182],"product_tag":[155,100,130],"class_list":{"0":"post-23384","1":"product","2":"type-product","3":"status-publish","4":"has-post-thumbnail","6":"product_cat-interactive-unit","7":"product_tag-old_image-2","8":"product_tag-subject-mathematics","9":"product_tag-target-gru-2","11":"first","12":"instock","13":"taxable","14":"shipping-taxable","15":"purchasable","16":"product-type-variable"},"acf":{"subtitle":"","article_id":"55505221","languages":"DE","thumb_up":true,"cover_image":null,"linked_product":"","linked_products":null,"banner":{"show":false,"text":"","color":""},"length":"","content_movie":"","learning_goals":"","preview_gif":"","trailer":{"file":"","url":"","image":""},"mediathek_id":"","amount":10,"demo_url":"","h5p_demo_id":"","content_interactive":"I Rechentabellen Addition bis 100\r\nII Rechentabellen Addition bis 100\r\nIII Rechentabellen Addition bis 100\r\nIV Rechentabellen Addition bis 100\r\nV Rechentabellen Addition bis 100\r\nVI Rechentabellen Addition bis 100\r\nVII Rechentabellen Addition bis 100\r\nVIII Rechentabellen Addition bis 100\r\nIX Rechentabellen Addition bis 100\r\nX Rechentabellen Addition bis 100","hide_numbers":true,"flyer":"","info_columns":null},"_links":{"self":[{"href":"https:\/\/www.medienlb.com\/en\/wp-json\/wp\/v2\/product\/23384","targetHints":{"allow":["GET"]}}],"collection":[{"href":"https:\/\/www.medienlb.com\/en\/wp-json\/wp\/v2\/product"}],"about":[{"href":"https:\/\/www.medienlb.com\/en\/wp-json\/wp\/v2\/types\/product"}],"wp:featuredmedia":[{"embeddable":true,"href":"https:\/\/www.medienlb.com\/en\/wp-json\/wp\/v2\/media\/16503"}],"wp:attachment":[{"href":"https:\/\/www.medienlb.com\/en\/wp-json\/wp\/v2\/media?parent=23384"}],"wp:term":[{"taxonomy":"product_brand","embeddable":true,"href":"https:\/\/www.medienlb.com\/en\/wp-json\/wp\/v2\/product_brand?post=23384"},{"taxonomy":"product_cat","embeddable":true,"href":"https:\/\/www.medienlb.com\/en\/wp-json\/wp\/v2\/product_cat?post=23384"},{"taxonomy":"product_tag","embeddable":true,"href":"https:\/\/www.medienlb.com\/en\/wp-json\/wp\/v2\/product_tag?post=23384"}],"curies":[{"name":"wp","href":"https:\/\/api.w.org\/{rel}","templated":true}]}}