{"id":23283,"date":"2023-12-12T14:27:45","date_gmt":"2023-12-12T14:27:45","guid":{"rendered":"https:\/\/www.medienlb.com\/produkt\/zahlenraum-bis-1000-verschiedene-aufgaben-i\/"},"modified":"2024-02-14T15:18:47","modified_gmt":"2024-02-14T15:18:47","slug":"zahlenraum-bis-1000-verschiedene-aufgaben-i","status":"publish","type":"product","link":"https:\/\/www.medienlb.com\/en\/produkt\/zahlenraum-bis-1000-verschiedene-aufgaben-i\/","title":{"rendered":"Zahlenraum bis 1000 &#8211; Verschiedene Aufgaben I"},"content":{"rendered":"<p>In 10 interaktiven H5P-Modulen werden Aufgaben zum Zahlenverstehen, Gr\u00f6\u00dfenverst\u00e4ndnis und Definition von Grundrechenarten zur aktiven L\u00f6sung und zur Wissensvertiefung dargestellt.<br \/>\n\u00a0<br \/>\nDas Medium bietet H5P-Aufgaben an, die ohne zus\u00e4tzliche Software verwendbar sind.\u00a0<br \/>\nDurch interaktive Aufgabentypen wird das audiovisuelle und interaktive Lernen einfach.<br \/>\nLernen macht jetzt Spa\u00df!<\/p>\n","protected":false},"excerpt":{"rendered":"<p>In 10 interaktiven H5P-Modulen werden Aufgaben zum Zahlenverstehen, Gr\u00f6\u00dfenverst\u00e4ndnis und Definition von Grundrechenarten zur aktiven L\u00f6sung und zur Wissensvertiefung dargestellt.<\/p>\n","protected":false},"featured_media":16732,"template":"","meta":{"_acf_changed":false},"product_brand":[],"product_cat":[182],"product_tag":[100,98],"class_list":{"0":"post-23283","1":"product","2":"type-product","3":"status-publish","4":"has-post-thumbnail","6":"product_cat-interactive-unit","7":"product_tag-subject-mathematics","8":"product_tag-subject-primary-school","10":"first","11":"instock","12":"taxable","13":"shipping-taxable","14":"purchasable","15":"product-type-variable"},"acf":{"subtitle":"","article_id":"55504987","languages":"DE","thumb_up":false,"cover_image":null,"linked_product":"","linked_products":null,"banner":{"show":false,"text":"","color":""},"length":"","content_movie":"","learning_goals":"","preview_gif":"","trailer":{"file":"","url":"","image":""},"mediathek_id":"","amount":10,"demo_url":"","h5p_demo_id":"","content_interactive":"I Zahlw\u00f6rter finden\r\nII Zahlw\u00f6rter ausw\u00e4hlen\r\nIII Akustische Zahlen\r\nIV Vorg\u00e4nger und Nachfolger\r\nV Nachbarzehner\r\nVI Nachbarhunderter\r\nVII Zahlen der Gr\u00f6\u00dfe nach ordnen\r\nVIII Gr\u00f6\u00dfer-als- und Kleiner-als-Zeichen einsetzen\r\nIX Fachbegriffe \u2013 Addition\r\nX Fachbegriffe \u2013 Subtraktion   ","hide_numbers":true,"flyer":"","info_columns":null},"_links":{"self":[{"href":"https:\/\/www.medienlb.com\/en\/wp-json\/wp\/v2\/product\/23283","targetHints":{"allow":["GET"]}}],"collection":[{"href":"https:\/\/www.medienlb.com\/en\/wp-json\/wp\/v2\/product"}],"about":[{"href":"https:\/\/www.medienlb.com\/en\/wp-json\/wp\/v2\/types\/product"}],"wp:featuredmedia":[{"embeddable":true,"href":"https:\/\/www.medienlb.com\/en\/wp-json\/wp\/v2\/media\/16732"}],"wp:attachment":[{"href":"https:\/\/www.medienlb.com\/en\/wp-json\/wp\/v2\/media?parent=23283"}],"wp:term":[{"taxonomy":"product_brand","embeddable":true,"href":"https:\/\/www.medienlb.com\/en\/wp-json\/wp\/v2\/product_brand?post=23283"},{"taxonomy":"product_cat","embeddable":true,"href":"https:\/\/www.medienlb.com\/en\/wp-json\/wp\/v2\/product_cat?post=23283"},{"taxonomy":"product_tag","embeddable":true,"href":"https:\/\/www.medienlb.com\/en\/wp-json\/wp\/v2\/product_tag?post=23283"}],"curies":[{"name":"wp","href":"https:\/\/api.w.org\/{rel}","templated":true}]}}