{"id":23265,"date":"2023-12-12T14:28:03","date_gmt":"2023-12-12T14:28:03","guid":{"rendered":"https:\/\/www.medienlb.com\/produkt\/rechenhaeuser-bis-100\/"},"modified":"2024-02-14T15:18:31","modified_gmt":"2024-02-14T15:18:31","slug":"rechenhaeuser-bis-100","status":"publish","type":"product","link":"https:\/\/www.medienlb.com\/en\/produkt\/rechenhaeuser-bis-100\/","title":{"rendered":"Rechenh\u00e4user bis 100"},"content":{"rendered":"<p>In 10 interaktiven H5P-Modulen werden Aufgaben zu Zahlenh\u00e4usern zur aktiven L\u00f6sung und Wissensvertiefung dargestellt.<\/p>\n<p>Das Medium bietet H5P-Aufgaben an, die ohne zus\u00e4tzliche Software verwendbar sind.\u00a0<br \/>\nDurch interaktive Aufgabentypen wird das audiovisuelle und interaktive Lernen einfach.<br \/>\nLernen macht jetzt Spa\u00df!<\/p>\n","protected":false},"excerpt":{"rendered":"<p>In 10 interaktiven H5P-Modulen werden Aufgaben zu Zahlenh\u00e4usern zur aktiven L\u00f6sung und Wissensvertiefung dargestellt.<\/p>\n","protected":false},"featured_media":16761,"template":"","meta":{"_acf_changed":false},"product_brand":[],"product_cat":[182],"product_tag":[155,100,130],"class_list":{"0":"post-23265","1":"product","2":"type-product","3":"status-publish","4":"has-post-thumbnail","6":"product_cat-interactive-unit","7":"product_tag-old_image-2","8":"product_tag-subject-mathematics","9":"product_tag-target-gru-2","11":"first","12":"instock","13":"taxable","14":"shipping-taxable","15":"purchasable","16":"product-type-variable"},"acf":{"subtitle":"","article_id":"55504983","languages":"DE","thumb_up":false,"cover_image":null,"linked_product":null,"linked_products":null,"banner":{"show":false,"text":"","color":""},"length":"","content_movie":"","learning_goals":"","preview_gif":null,"trailer":{"file":null,"url":"","image":null},"mediathek_id":"","amount":10,"demo_url":"","h5p_demo_id":"","content_interactive":"I Rechenh\u00e4user bis 100\nII Rechenh\u00e4user bis 100\nIII Rechenh\u00e4user bis 100\nIV Rechenh\u00e4user bis 100\nV Rechenh\u00e4user bis 100\nVI Rechenh\u00e4user bis 100\nVII Rechenh\u00e4user bis 100\nVIII Rechenh\u00e4user bis 100\nIX Rechenh\u00e4user bis 100\nX Rechenh\u00e4user bis 100","hide_numbers":true,"flyer":null,"info_columns":null},"_links":{"self":[{"href":"https:\/\/www.medienlb.com\/en\/wp-json\/wp\/v2\/product\/23265","targetHints":{"allow":["GET"]}}],"collection":[{"href":"https:\/\/www.medienlb.com\/en\/wp-json\/wp\/v2\/product"}],"about":[{"href":"https:\/\/www.medienlb.com\/en\/wp-json\/wp\/v2\/types\/product"}],"wp:featuredmedia":[{"embeddable":true,"href":"https:\/\/www.medienlb.com\/en\/wp-json\/wp\/v2\/media\/16761"}],"wp:attachment":[{"href":"https:\/\/www.medienlb.com\/en\/wp-json\/wp\/v2\/media?parent=23265"}],"wp:term":[{"taxonomy":"product_brand","embeddable":true,"href":"https:\/\/www.medienlb.com\/en\/wp-json\/wp\/v2\/product_brand?post=23265"},{"taxonomy":"product_cat","embeddable":true,"href":"https:\/\/www.medienlb.com\/en\/wp-json\/wp\/v2\/product_cat?post=23265"},{"taxonomy":"product_tag","embeddable":true,"href":"https:\/\/www.medienlb.com\/en\/wp-json\/wp\/v2\/product_tag?post=23265"}],"curies":[{"name":"wp","href":"https:\/\/api.w.org\/{rel}","templated":true}]}}