{"id":23259,"date":"2023-12-12T14:28:13","date_gmt":"2023-12-12T14:28:13","guid":{"rendered":"https:\/\/www.medienlb.com\/produkt\/entbuendeln-von-zahlen\/"},"modified":"2024-02-14T15:18:23","modified_gmt":"2024-02-14T15:18:23","slug":"entbuendeln-von-zahlen","status":"publish","type":"product","link":"https:\/\/www.medienlb.com\/en\/produkt\/entbuendeln-von-zahlen\/","title":{"rendered":"Entb\u00fcndeln von Zahlen"},"content":{"rendered":"<p>In 10 interaktiven H5P-Modulen werden Aufgaben zur Entb\u00fcndelung von Zahlen zur aktiven L\u00f6sung und Wissensvertiefung dargestellt.<br \/>\n\u00a0<br \/>\nDas Medium bietet H5P-Aufgaben an, die ohne zus\u00e4tzliche Software verwendbar sind.\u00a0<br \/>\nDurch interaktive Aufgabentypen wird das audiovisuelle und interaktive Lernen einfach.<br \/>\nLernen macht jetzt Spa\u00df!<\/p>\n","protected":false},"excerpt":{"rendered":"<p>In 10 interaktiven H5P-Modulen werden Aufgaben zur Entb\u00fcndelung von Zahlen zur aktiven L\u00f6sung und Wissensvertiefung dargestellt.<\/p>\n","protected":false},"featured_media":16775,"template":"","meta":{"_acf_changed":false},"product_brand":[],"product_cat":[182],"product_tag":[155,100,130],"class_list":{"0":"post-23259","1":"product","2":"type-product","3":"status-publish","4":"has-post-thumbnail","6":"product_cat-interactive-unit","7":"product_tag-old_image-2","8":"product_tag-subject-mathematics","9":"product_tag-target-gru-2","11":"first","12":"instock","13":"taxable","14":"shipping-taxable","15":"purchasable","16":"product-type-variable"},"acf":{"subtitle":"","article_id":"55504981","languages":"DE","thumb_up":false,"cover_image":null,"linked_product":null,"linked_products":null,"banner":{"show":false,"text":"","color":""},"length":"","content_movie":"","learning_goals":"","preview_gif":null,"trailer":{"file":null,"url":"","image":null},"mediathek_id":"","amount":10,"demo_url":"","h5p_demo_id":"","content_interactive":"I Entb\u00fcndeln von Zahlen\nII Entb\u00fcndeln von Zahlen\nIII Entb\u00fcndeln von Zahlen\nIV Entb\u00fcndeln von Zahlen\nV Entb\u00fcndeln von Zahlen\nVI Entb\u00fcndeln von Zahlen\nVII Entb\u00fcndeln von Zahlen\nVIII Entb\u00fcndeln von Zahlen\nIX Entb\u00fcndeln von Zahlen\nX Entb\u00fcndeln von Zahlen","hide_numbers":true,"flyer":null,"info_columns":null},"_links":{"self":[{"href":"https:\/\/www.medienlb.com\/en\/wp-json\/wp\/v2\/product\/23259","targetHints":{"allow":["GET"]}}],"collection":[{"href":"https:\/\/www.medienlb.com\/en\/wp-json\/wp\/v2\/product"}],"about":[{"href":"https:\/\/www.medienlb.com\/en\/wp-json\/wp\/v2\/types\/product"}],"wp:featuredmedia":[{"embeddable":true,"href":"https:\/\/www.medienlb.com\/en\/wp-json\/wp\/v2\/media\/16775"}],"wp:attachment":[{"href":"https:\/\/www.medienlb.com\/en\/wp-json\/wp\/v2\/media?parent=23259"}],"wp:term":[{"taxonomy":"product_brand","embeddable":true,"href":"https:\/\/www.medienlb.com\/en\/wp-json\/wp\/v2\/product_brand?post=23259"},{"taxonomy":"product_cat","embeddable":true,"href":"https:\/\/www.medienlb.com\/en\/wp-json\/wp\/v2\/product_cat?post=23259"},{"taxonomy":"product_tag","embeddable":true,"href":"https:\/\/www.medienlb.com\/en\/wp-json\/wp\/v2\/product_tag?post=23259"}],"curies":[{"name":"wp","href":"https:\/\/api.w.org\/{rel}","templated":true}]}}