{"id":23208,"date":"2023-12-12T14:29:34","date_gmt":"2023-12-12T14:29:34","guid":{"rendered":"https:\/\/www.medienlb.com\/produkt\/was-ist-eine-kirche\/"},"modified":"2024-02-14T15:17:23","modified_gmt":"2024-02-14T15:17:23","slug":"was-ist-eine-kirche","status":"publish","type":"product","link":"https:\/\/www.medienlb.com\/en\/produkt\/was-ist-eine-kirche\/","title":{"rendered":"Was ist eine Kirche?"},"content":{"rendered":"<p>F\u00fcr den Unterrichtempfohlen<\/p>\n<p>In 10 interaktiven Aufgaben werden die Besonderheiten katholischer und evangelischer Gottesh\u00e4user erkl\u00e4rt und anschlie\u00dfend abgefragt.<br \/>\nDas Medium bietet H5P-Aufgaben an, die ohne zus\u00e4tzliche Software verwendbar sind.\u00a0<br \/>\nDurch interaktive Aufgabentypen wird das audiovisuelle und interaktive Lernen einfach.<br \/>\nLernen macht jetzt Spa\u00df!<\/p>\n","protected":false},"excerpt":{"rendered":"<p>F\u00fcr den Unterrichtempfohlen<\/p>\n","protected":false},"featured_media":16894,"template":"","meta":{"_acf_changed":false},"product_brand":[],"product_cat":[182],"product_tag":[155,98,90,130],"class_list":{"0":"post-23208","1":"product","2":"type-product","3":"status-publish","4":"has-post-thumbnail","6":"product_cat-interactive-unit","7":"product_tag-old_image-2","8":"product_tag-subject-primary-school","9":"product_tag-subject-religion-2","10":"product_tag-target-gru-2","12":"first","13":"instock","14":"taxable","15":"shipping-taxable","16":"purchasable","17":"product-type-variable"},"acf":{"subtitle":"","article_id":"55503546","languages":"DE","thumb_up":true,"cover_image":null,"linked_product":null,"linked_products":null,"banner":{"show":false,"text":"","color":""},"length":"","content_movie":"","learning_goals":"","preview_gif":null,"trailer":{"file":null,"url":"","image":null},"mediathek_id":"","amount":10,"demo_url":"","h5p_demo_id":"","content_interactive":"I Was ist (eine) Kirche? - Interaktive Aufgaben\nWarum gibt es Kirchen? - Video und Interaktive Aufgaben\nKennst du diese Gegenst\u00e4nde in der Kirche? - Interaktive Zuordnung\nKreuz; Altar und Orgel und ihre Bedeutung - Interaktive Infokarten\nKatholisch; Evangelisch; \u00d6kumenisch - Interaktive Aufgaben\nGemeinsamkeiten Katholisch & Evangelisch - Interaktive Aufgabe\nKirche: Das Gebet - Interaktive Aufgaben\nWeiteres Kirchenwissen - Definitionen interaktiv\nKirchenquiz - Interaktives Kreuzwortr\u00e4tsel als Test\nSpiel: Symbole in der Kirche - Finde die Bildpaare\nII Liturgie - Video und Interaktive Aufgaben\nIII Jahreskreis der Kirchenfeste & Jahreszeiten - Infotafel zum Anklicken\nIV Der Weihnachtskreis - Interaktive Aufgaben\nV Der Osterkreis - Video und Interaktive Aufgaben\nVI Das Pfingstfest - Video & Interaktive Aufgaben\nVII Zeitliche Reihenfolge der Kirchenfeste - Zuordnungsaufgabe\nVIII Exkurs: Feste in anderen Religionen - Interaktiver Dialog\nIX Festtagswissen - Interaktive Lernstandkontrolle\nX Spiel: Suchsel - Finde die Kirchenfeste   ","hide_numbers":true,"flyer":null,"info_columns":null},"_links":{"self":[{"href":"https:\/\/www.medienlb.com\/en\/wp-json\/wp\/v2\/product\/23208","targetHints":{"allow":["GET"]}}],"collection":[{"href":"https:\/\/www.medienlb.com\/en\/wp-json\/wp\/v2\/product"}],"about":[{"href":"https:\/\/www.medienlb.com\/en\/wp-json\/wp\/v2\/types\/product"}],"wp:featuredmedia":[{"embeddable":true,"href":"https:\/\/www.medienlb.com\/en\/wp-json\/wp\/v2\/media\/16894"}],"wp:attachment":[{"href":"https:\/\/www.medienlb.com\/en\/wp-json\/wp\/v2\/media?parent=23208"}],"wp:term":[{"taxonomy":"product_brand","embeddable":true,"href":"https:\/\/www.medienlb.com\/en\/wp-json\/wp\/v2\/product_brand?post=23208"},{"taxonomy":"product_cat","embeddable":true,"href":"https:\/\/www.medienlb.com\/en\/wp-json\/wp\/v2\/product_cat?post=23208"},{"taxonomy":"product_tag","embeddable":true,"href":"https:\/\/www.medienlb.com\/en\/wp-json\/wp\/v2\/product_tag?post=23208"}],"curies":[{"name":"wp","href":"https:\/\/api.w.org\/{rel}","templated":true}]}}