{"id":23127,"date":"2023-12-12T14:31:39","date_gmt":"2023-12-12T14:31:39","guid":{"rendered":"https:\/\/www.medienlb.com\/produkt\/roemische-zahlen\/"},"modified":"2024-02-14T15:15:46","modified_gmt":"2024-02-14T15:15:46","slug":"roemische-zahlen","status":"publish","type":"product","link":"https:\/\/www.medienlb.com\/en\/produkt\/roemische-zahlen\/","title":{"rendered":"R\u00f6mische Zahlen"},"content":{"rendered":"<p>F\u00fcr den Unterrichtempfohlen<\/p>\n<p>Das Medium bietet H5P-Aufgaben an, die ohne zus\u00e4tzliche Software verwendbar sind.\u00a0<br \/>\nDurch interaktive Aufgabentypen wird das audiovisuelle und interaktive Lernen einfach.<br \/>\nLernen macht jetzt Spa\u00df!<\/p>\n","protected":false},"excerpt":{"rendered":"<p>F\u00fcr den Unterrichtempfohlen<\/p>\n","protected":false},"featured_media":17083,"template":"","meta":{"_acf_changed":false},"product_brand":[],"product_cat":[182],"product_tag":[155,100,126],"class_list":{"0":"post-23127","1":"product","2":"type-product","3":"status-publish","4":"has-post-thumbnail","6":"product_cat-interactive-unit","7":"product_tag-old_image-2","8":"product_tag-subject-mathematics","9":"product_tag-target-sek-i-2","11":"first","12":"instock","13":"taxable","14":"shipping-taxable","15":"purchasable","16":"product-type-variable"},"acf":{"subtitle":"","article_id":"55503316","languages":"DE","thumb_up":true,"cover_image":null,"linked_product":null,"linked_products":null,"banner":{"show":false,"text":"","color":""},"length":"","content_movie":"","learning_goals":"","preview_gif":null,"trailer":{"file":null,"url":"","image":null},"mediathek_id":"","amount":10,"demo_url":"","h5p_demo_id":"","content_interactive":"I R\u00f6mische Zahlen - Einf\u00fchrung - Interaktive Aufgaben\nII R\u00f6mische Zahlen - Interaktive Aufgabe\nIII Existieren diese R\u00f6mischen Zahlen - Interaktive Aufgaben\nIV Rechnen mit R\u00f6mischen Zahlen - Interaktive Aufgaben\nV \u00dcbungen zu den r\u00f6mischen Zahlen - Interaktive Aufgaben\nVI Ordne die r\u00f6mischen Zahlen der Gr\u00f6\u00dfe nach - Interaktive Aufgaben\nVII R\u00f6mische Zahlen - Kreuzwortr\u00e4tsel\nVIII Welche Bilder geh\u00f6ren zusammen? - Interaktive Aufgabe\nIX Welches r\u00f6mische Zahlzeichen passt? - Interaktive Aufgaben\nX Wie werden die r\u00f6mischen Zahlen gebildet? - Interaktive Aufgaben        ","hide_numbers":true,"flyer":null,"info_columns":null},"_links":{"self":[{"href":"https:\/\/www.medienlb.com\/en\/wp-json\/wp\/v2\/product\/23127","targetHints":{"allow":["GET"]}}],"collection":[{"href":"https:\/\/www.medienlb.com\/en\/wp-json\/wp\/v2\/product"}],"about":[{"href":"https:\/\/www.medienlb.com\/en\/wp-json\/wp\/v2\/types\/product"}],"wp:featuredmedia":[{"embeddable":true,"href":"https:\/\/www.medienlb.com\/en\/wp-json\/wp\/v2\/media\/17083"}],"wp:attachment":[{"href":"https:\/\/www.medienlb.com\/en\/wp-json\/wp\/v2\/media?parent=23127"}],"wp:term":[{"taxonomy":"product_brand","embeddable":true,"href":"https:\/\/www.medienlb.com\/en\/wp-json\/wp\/v2\/product_brand?post=23127"},{"taxonomy":"product_cat","embeddable":true,"href":"https:\/\/www.medienlb.com\/en\/wp-json\/wp\/v2\/product_cat?post=23127"},{"taxonomy":"product_tag","embeddable":true,"href":"https:\/\/www.medienlb.com\/en\/wp-json\/wp\/v2\/product_tag?post=23127"}],"curies":[{"name":"wp","href":"https:\/\/api.w.org\/{rel}","templated":true}]}}