{"id":22704,"date":"2023-12-12T14:42:09","date_gmt":"2023-12-12T14:42:09","guid":{"rendered":"https:\/\/www.medienlb.com\/produkt\/verschwoerungstheorien\/"},"modified":"2024-02-14T15:07:40","modified_gmt":"2024-02-14T15:07:40","slug":"verschwoerungstheorien","status":"publish","type":"product","link":"https:\/\/www.medienlb.com\/en\/produkt\/verschwoerungstheorien\/","title":{"rendered":"Verschw\u00f6rungstheorien"},"content":{"rendered":"<p>Durch interaktive Aufgabentypen wird das audiovisuelle und interaktive Lernen einfach.<br \/>\nLernen macht jetzt Spa\u00df!<\/p>\n","protected":false},"excerpt":{"rendered":"<p>Durch interaktive Aufgabentypen wird das audiovisuelle und interaktive Lernen einfach.<\/p>\n","protected":false},"featured_media":26014,"template":"","meta":{"_acf_changed":false},"product_brand":[],"product_cat":[183],"product_tag":[78,126],"class_list":{"0":"post-22704","1":"product","2":"type-product","3":"status-publish","4":"has-post-thumbnail","6":"product_cat-interactive-workbook","7":"product_tag-subject-society","8":"product_tag-target-sek-i-2","10":"first","11":"instock","12":"taxable","13":"shipping-taxable","14":"purchasable","15":"product-type-variable"},"acf":{"subtitle":"","article_id":"55505510","languages":"DE","thumb_up":false,"cover_image":null,"linked_product":"","linked_products":null,"banner":{"show":false,"text":"","color":""},"length":"","content_movie":"","learning_goals":"","preview_gif":"","trailer":{"file":"","url":"","image":""},"mediathek_id":"","amount":50,"demo_url":"","h5p_demo_id":"","content_interactive":"1. Verschw\u00f6rungstheorien - Definition und Begrifflichkeit (15 Minuten)\r\n2. Die Anf\u00e4nge der Verschw\u00f6rungstheorien (10 Minuten)\r\n3. Die Geschichte von Verschw\u00f6rungstheorien - Zuordnungsaufgabe (10 Minuten)\r\n4. Gr\u00fcnde f\u00fcr Verschw\u00f6rungstheorien - Zuordnungsaufgabe (5 Minuten)\r\n5. Warum sind Verschw\u00f6rungstheorien gef\u00e4hrlich? (15 Minuten)\r\n6. Verschw\u00f6rungstheorie oder Fake News? - Zuordnungsaufgabe (5 Minuten)\r\n7. Medien - Definition und Unterteilung (10 Minuten)\r\n8. Die Funktionen von Medien (15 Minuten)\r\n9. Erkennen von Fake News (10 Minuten)\r\n10. Fake-News erkennen - Zuordnungsaufgabe (10 Minuten)\r\n11. Informationen richtig recherchieren (15 Minuten)\r\n12. Fakten checken (10 Minuten)\r\n13. Wie geht ein Faktencheck? (10 Minuten)\r\n14. Quellenbewertung - Zuordnungsaufgabe (5 Minuten)\r\n15. Ma\u00dfnahmen gegen Verschw\u00f6rungstheorien (5 Minuten)\r\n16. Diskrete Einflussnahme - Interaktives Video (5 Minuten)\r\n17. Einfluss des Internets - Interaktives Video (5 Minuten)\r\n18. Ver\u00e4nderte \u00d6ffentlichkeit - Interaktives Video (5 Minuten)\r\n19. Regulierungsbedarf - Interaktives Video (5 Minuten)\r\n20. Grenzen der Meinungsfreiheit - Interaktives Video (5 Minuten)\r\n21. Antisemitismus in Verschw\u00f6rungstheorien - interaktives Buch (15 Minuten)\r\n22. Die skurrilsten Verschw\u00f6rungstheorien - Bildkarten (5 Minuten)\r\n23. In welchem Jahr wurde welche Verschw\u00f6rungstheorie verbreitet? (5 Minuten)\r\n24. Wo entstand welche Verschw\u00f6rungstheorie? (10 Minuten)\r\n25. Troll-Armeen - Definition und Vorgehensweise (15 Minuten)\r\n26. Der goldene Aluhut - Zuordnungsaufgabe (10 Minuten)\r\n27. Die Verschw\u00f6rungstheorie zu 9\/11 (15 Minuten)\r\n28. Der Absturz der Hindenburg - L\u00fcckentext (5 Minuten)\r\n29. Die Illuminati (15 Minuten)\r\n30. Waren die Menschen auf dem Mond? - L\u00fcckentext (10 Minuten)\r\n31. Flat Earth Theory - L\u00fcckentext (10 Minuten)\r\n32. Klimawandel-Leugnung - interaktive Aufgaben (15 Minuten)\r\n33. Inszenierte Mondlandung- interaktives Buch (15 Minuten)\r\n34. Verschw\u00f6rungstheorien zu Corona - Wortsuchr\u00e4tsel (5 Minuten)\r\n35. 5G Verschw\u00f6rungstheorien - Zuordnungsaufgabe (5 Minuten)\r\n36. Das Kennedy-Attentat (15 Minuten)\r\n37. Chemtrails - Markiere die W\u00f6rter (5 Minuten)\r\n38. Die neue Weltordnung - Zuordnungsaufgabe (10 Minuten)\r\n39. Hoax - L\u00fcckentext (5 Minuten)\r\n40. Paul McCartney is dead - L\u00fcckentext (5 Minuten)\r\n41. Reptiloidenthorie - L\u00fcckentext (5 Minuten)\r\n42. Big Lie (Amerikanische Wahlen 2020) - L\u00fcckentext (5 Minuten)\r\n43. Verschw\u00f6rungstheorien um Bill Gates (15 Minuten)\r\n44. Area 51- Zuordnungsaufgabe (5 Minuten)\r\n45. Area 51 - Kreuzwortr\u00e4tsel (5 Minuten)\r\n46. Dolchsto\u00dflegende - L\u00fcckentext (10 Minuten)\r\n47. Dolchsto\u00dflegende - Kreuzwortr\u00e4tsel (10 Minuten)\r\n48. Reichsb\u00fcrgerbewegung - Zuordnungsaufgabe (5 Minuten)\r\n49. Reichsb\u00fcrgerbewegung - Kreuzwortr\u00e4tsel (10 Minuten)\r\n50. Elvis Presley - Zuordnungsaufgabe (5 Minuten)","hide_numbers":true,"flyer":"","info_columns":null},"_links":{"self":[{"href":"https:\/\/www.medienlb.com\/en\/wp-json\/wp\/v2\/product\/22704","targetHints":{"allow":["GET"]}}],"collection":[{"href":"https:\/\/www.medienlb.com\/en\/wp-json\/wp\/v2\/product"}],"about":[{"href":"https:\/\/www.medienlb.com\/en\/wp-json\/wp\/v2\/types\/product"}],"wp:featuredmedia":[{"embeddable":true,"href":"https:\/\/www.medienlb.com\/en\/wp-json\/wp\/v2\/media\/26014"}],"wp:attachment":[{"href":"https:\/\/www.medienlb.com\/en\/wp-json\/wp\/v2\/media?parent=22704"}],"wp:term":[{"taxonomy":"product_brand","embeddable":true,"href":"https:\/\/www.medienlb.com\/en\/wp-json\/wp\/v2\/product_brand?post=22704"},{"taxonomy":"product_cat","embeddable":true,"href":"https:\/\/www.medienlb.com\/en\/wp-json\/wp\/v2\/product_cat?post=22704"},{"taxonomy":"product_tag","embeddable":true,"href":"https:\/\/www.medienlb.com\/en\/wp-json\/wp\/v2\/product_tag?post=22704"}],"curies":[{"name":"wp","href":"https:\/\/api.w.org\/{rel}","templated":true}]}}