{"id":22692,"date":"2023-12-12T14:42:27","date_gmt":"2023-12-12T14:42:27","guid":{"rendered":"https:\/\/www.medienlb.com\/produkt\/versicherungen-und-versicherungsschutz\/"},"modified":"2024-02-14T15:07:27","modified_gmt":"2024-02-14T15:07:27","slug":"versicherungen-und-versicherungsschutz","status":"publish","type":"product","link":"https:\/\/www.medienlb.com\/en\/produkt\/versicherungen-und-versicherungsschutz\/","title":{"rendered":"Versicherungen und Versicherungsschutz"},"content":{"rendered":"<p>F\u00fcr den Unterrichtempfohlen<\/p>\n<p>Versicherungen und Versicherungsschutz sind keine Erfindung der Neuzeit. Bereits die Babylonier trafen Vorkehrungen f\u00fcr den Eintritt eines Schadensfalls.<br \/>\nHeute gibt es seine Vielzahl an Versicherungsarten, Versicherungsanbietern und Versicherungsschutz.<br \/>\n\u00a0<br \/>\nIn 50 interaktiven Aufgaben unterschiedlichen Typs lernen Sch\u00fcler:innen die Merkmale der gesetzlichen und privaten Versicherungen in Deutschland.\u00a0<br \/>\nDes Weiteren geben die Aufgaben einen \u00dcberblick zu m\u00f6glichen Zusatzversicherungen und dar\u00fcber, wann sich welche Versicherung lohnt.<br \/>\nAuch wird die Frage beantwortet, inwieweit man als Sch\u00fcler:in versichert ist.<br \/>\n\u00a0<br \/>\nDie Aufgaben wurden mit H5P erstellt und sind ohne zus\u00e4tzliche Software anwendbar. Sie dienen der Wissensvermittlung, der Wissensvertiefung und zur Lernstandkontrolle gleicherma\u00dfen.<br \/>\nAufgrund der unterschiedlichen Aufgabentypen bleiben Motivation und Lerneffekt hoch. Lernen macht jetzt Spa\u00df!<\/p>\n","protected":false},"excerpt":{"rendered":"<p>F\u00fcr den Unterrichtempfohlen<\/p>\n","protected":false},"featured_media":26019,"template":"","meta":{"_acf_changed":false},"product_brand":[],"product_cat":[183],"product_tag":[118,126,128],"class_list":{"0":"post-22692","1":"product","2":"type-product","3":"status-publish","4":"has-post-thumbnail","6":"product_cat-interactive-workbook","7":"product_tag-subject-economy","8":"product_tag-target-sek-i-2","9":"product_tag-target-sek-ii-2","11":"first","12":"instock","13":"taxable","14":"shipping-taxable","15":"purchasable","16":"product-type-variable"},"acf":{"subtitle":"","article_id":"55505022","languages":"DE","thumb_up":true,"cover_image":null,"linked_product":"","linked_products":null,"banner":{"show":false,"text":"","color":""},"length":"","content_movie":"","learning_goals":"","preview_gif":"","trailer":{"file":"","url":"","image":""},"mediathek_id":"","amount":50,"demo_url":"","h5p_demo_id":"","content_interactive":"1. Geschichte der Versicherung - L\u00fcckentext (10 Minuten)\r\n2. Versicherungsgeschichte - Suchsel (5 Minuten)\r\n3. Das Versicherungsprinzip - Zuordnung (10 Minuten)\r\n4. SV: 5 S\u00e4ulen der Sozialversicherung (15 Minuten)\r\n5. SV: 5 S\u00e4ulen der Sozialversicherung - Teste dein Wissen! (10 Minuten)\r\n6. SV: Entstehung der Sozialversicherung - Zuordnung (15 Minuten)\r\n7. SV: Sozialversicherungen - Kreuzwortr\u00e4tsel (10 Minuten)\r\n8. RV: Die Rentenversicherung (15 Minuten)\r\n9. RV: Die Rentenversicherung - L\u00fcckentext (10 Minuten)\r\n10. RV: Die Rentenversicherung - Zuordnung (5 Minuten)\r\n11. KV: Die Krankenversicherung (15 Minuten)\r\n12. KV: Krankenversicherung in den USA - L\u00fcckentext (15 Minuten)\r\n13. KV: Private vs. gesetzliche Krankenversicherung (15 Minuten)\r\n14. KV: Private oder gesetzliche Krankenkasse? (5 Minuten)\r\n15. KV: PKV vs. GKV - Zuordnung (5 Minuten)\r\n16. PV: Die Pflegeversicherung (15 Minuten)\r\n17. PV: Leistungen der Pflegeversicherung? - Zuordnung (5 Minuten)\r\n18. PV: Inanspruchnahme der Pflegeversicherung (10 Minuten)\r\n19. UV: Die Unfallversicherung (15 Minuten)\r\n20. UV: Fakten - Kreuzwortr\u00e4tsel (10 Minuten)\r\n21. UV: Begriffe rund um die Unfallversicherung (5 Minuten)\r\n22. UV: Die Unfallversicherung - Teste dein Wissen! (10 Minuten)\r\n23. AV: Die Arbeitsf\u00f6rderung (15 Minuten)\r\n24. AV: Die Arbeitsf\u00f6rderung - L\u00fcckentext (10 Minuten)\r\n25. AV: Die Arbeitsf\u00f6rderung - Zuordnung (5 Minuten)\r\n26. LV: Die Lebensversicherung (15 Minuten)\r\n27. LV: Die Lebensversicherung - Kreuzwortr\u00e4tsel (10 Minuten)\r\n28. LV: Die Lebensversicherung - Zuordnungsaufgabe (5 Minuten)\r\n29. HV: Die Haftpflichtversicherung (15 Minuten)\r\n30. HV: Die Haftpflichtversicherung - Praktische Beispiele (10 Minuten.)\r\n31. Die Kreditausfallversicherung (15 Minuten)\r\n32. Die Kreditausfallversicherung - Suchsel (5 Minuten)\r\n33. BU: Die Berufsunf\u00e4higkeitsversicherung (15 Minuten)\r\n34. BU: Die Berufsunf\u00e4higkeitsversicherung - Testfragen! (10 Minuten)\r\n35. Versicherungsbetrug - Definition\r\n Strafen\r\n Beispiele (15 Minuten)\r\n36. Versicherungsbetrug - Finde die L\u00f6sungsw\u00f6rter (10 Minuten)\r\n37. Kfz-Haftpflichtversicherung (15 Minuten)\r\n38. Kfz-Haftpflichtversicherung - Zuordnung (5 Minuten)\r\n39. Kfz-Haftpflichtversicherung - Kreuzwortr\u00e4tsel (10 min)\r\n40. Die Rechtsschutzversicherung - L\u00fcckentext (10 Minuten)\r\n41. Die Rechtschutzversicherung - Finde die W\u00f6rter (5 Minuten)\r\n42. Die Rechtsschutzversicherung (15 Minuten)\r\n43. Die Zahnzusatzversicherung - L\u00fcckentext (10 Minuten)\r\n44. Die Auslandskrankenversicherung (15 Minuten)\r\n45. Pflichtversicherungen in Deutschland (10 Minuten)\r\n46. Bin ich als Sch\u00fcler:in versichert? (15 Min.)\r\n47. Versicherungen in Zahlen - Quiz (10 Minuten)\r\n48. Was bedeuten diese Versicherungsbegriffe? - Zuordnung (5 Minuten)\r\n49. Welche Versicherungen gibt es nicht - Quiz (10 Minuten)\r\n50. Welche Versicherung wird gesucht? (10 Minuten)","hide_numbers":true,"flyer":"","info_columns":null},"_links":{"self":[{"href":"https:\/\/www.medienlb.com\/en\/wp-json\/wp\/v2\/product\/22692","targetHints":{"allow":["GET"]}}],"collection":[{"href":"https:\/\/www.medienlb.com\/en\/wp-json\/wp\/v2\/product"}],"about":[{"href":"https:\/\/www.medienlb.com\/en\/wp-json\/wp\/v2\/types\/product"}],"wp:featuredmedia":[{"embeddable":true,"href":"https:\/\/www.medienlb.com\/en\/wp-json\/wp\/v2\/media\/26019"}],"wp:attachment":[{"href":"https:\/\/www.medienlb.com\/en\/wp-json\/wp\/v2\/media?parent=22692"}],"wp:term":[{"taxonomy":"product_brand","embeddable":true,"href":"https:\/\/www.medienlb.com\/en\/wp-json\/wp\/v2\/product_brand?post=22692"},{"taxonomy":"product_cat","embeddable":true,"href":"https:\/\/www.medienlb.com\/en\/wp-json\/wp\/v2\/product_cat?post=22692"},{"taxonomy":"product_tag","embeddable":true,"href":"https:\/\/www.medienlb.com\/en\/wp-json\/wp\/v2\/product_tag?post=22692"}],"curies":[{"name":"wp","href":"https:\/\/api.w.org\/{rel}","templated":true}]}}