{"id":22677,"date":"2023-12-12T14:42:50","date_gmt":"2023-12-12T14:42:50","guid":{"rendered":"https:\/\/www.medienlb.com\/produkt\/lesetraining-3-4-vol-10\/"},"modified":"2024-02-14T15:07:09","modified_gmt":"2024-02-14T15:07:09","slug":"lesetraining-3-4-vol-10","status":"publish","type":"product","link":"https:\/\/www.medienlb.com\/en\/produkt\/lesetraining-3-4-vol-10\/","title":{"rendered":"Lesetraining 3.\/4., Vol. 10"},"content":{"rendered":"<p>In unserem Arbeitsheft K\u00f6rper &amp; Gesundheit &#8211; Lesetraining 3.\/4., Vol. 10 finden Sie 50 interaktive und didaktisch aufbereitete Aufgaben.<\/p>\n<p>Das Medium bietet H5P-Aufgaben an, die ohne zus\u00e4tzliche Software verwendbar sind. Das Medium enth\u00e4lt interaktive Videos und 50 H5P-Aufgaben zum Thema K\u00f6rper &amp; Gesundheit.\u00a0<br \/>\nDurch interaktive Aufgabentypen wird das audiovisuelle und interaktive Lernen einfach.<br \/>\nLernen macht jetzt Spa\u00df!<\/p>\n","protected":false},"excerpt":{"rendered":"<p>In unserem Arbeitsheft K\u00f6rper &amp; Gesundheit &#8211; Lesetraining 3.\/4., Vol. 10 finden Sie 50 interaktive und didaktisch aufbereitete Aufgaben.<\/p>\n","protected":false},"featured_media":18133,"template":"","meta":{"_acf_changed":false},"product_brand":[],"product_cat":[183],"product_tag":[155,98,130],"class_list":{"0":"post-22677","1":"product","2":"type-product","3":"status-publish","4":"has-post-thumbnail","6":"product_cat-interactive-workbook","7":"product_tag-old_image-2","8":"product_tag-subject-primary-school","9":"product_tag-target-gru-2","11":"first","12":"instock","13":"taxable","14":"shipping-taxable","15":"purchasable","16":"product-type-variable"},"acf":{"subtitle":"","article_id":"55505309","languages":"DE","thumb_up":false,"cover_image":null,"linked_product":null,"linked_products":null,"banner":{"show":false,"text":"","color":""},"length":"","content_movie":"","learning_goals":"","preview_gif":null,"trailer":{"file":null,"url":"","image":null},"mediathek_id":"","amount":50,"demo_url":"","h5p_demo_id":"","content_interactive":"1. Gelenk - Sachtext - Lesetraining\n2. Gelenk - Lesetraining - L\u00fcckentext\n3. Gelenk - Ein Wort zu viel - Lesetraining\n4. Verbinde die Satzanf\u00e4nge - Gelenk\n5. Bewerte die folgenden Aussagen (Thema: Gelenk)\n6. Markiere alle Tunw\u00f6rter (Verben) (Text: Gelenk)\n7. Markiere alle Nomen (Hauptw\u00f6rter) (Text: Gelenk)\n8. Gen - Sachtext - Lesetraining\n9. Gen - Lesetraining - L\u00fcckentext\n10. Gen - Ein Wort zu viel - Lesetraining\n11. Verbinde die Satzanf\u00e4nge - Gen\n12. Bewerte die folgenden Aussagen (Thema: Gen)\n13. Markiere alle Tunw\u00f6rter (Verben) (Text: Gen)\n14. Markiere alle Nomen (Hauptw\u00f6rter) (Text: Gen)\n15. Geschlechtsorgan - Sachtext - Lesetraining\n16. Geschlechtsorgan - Lesetraining - L\u00fcckentext\n17. Geschlechtsorgan - Ein Wort zu viel - Lesetraining\n18. Verbinde die Satzanf\u00e4nge - Geschlechtsorgan\n19. Bewerte die folgenden Aussagen (Thema: Geschlechtsorgan)\n20. Markiere alle Tunw\u00f6rter (Verben) (Text: Geschlechtsorgan)\n21. Markiere alle Nomen (Hauptw\u00f6rter) (Text: Geschlechtsorgan)\n22. Gesundheit - Sachtext - Lesetraining\n23. Gesundheit - Lesetraining - L\u00fcckentext\n24. Gesundheit - Ein Wort zu viel - Lesetraining\n25. Verbinde die Satzanf\u00e4nge - Gesundheit\n26. Bewerte die folgenden Aussagen (Thema: Gesundheit)\n27. Markiere alle Tunw\u00f6rter (Verben) (Text: Gesundheit)\n28. Markiere alle Nomen (Hauptw\u00f6rter) (Text: Gesundheit)\n29. Gewicht - Sachtext - Lesetraining\n30. Gewicht - Lesetraining - L\u00fcckentext\n31. Gewicht - Ein Wort zu viel - Lesetraining\n32. Verbinde die Satzanf\u00e4nge - Gewicht\n33. Bewerte die folgenden Aussagen (Thema: Gewicht)\n34. Markiere alle Tunw\u00f6rter (Verben) (Text: Gewicht)\n35. Markiere alle Nomen (Hauptw\u00f6rter) (Text: Gewicht)\n36. Grippe - Sachtext - Lesetraining\n37. Grippe - Lesetraining - L\u00fcckentext\n38. Grippe - Ein Wort zu viel - Lesetraining\n39. Verbinde die Satzanf\u00e4nge - Grippe\n40. Bewerte die folgenden Aussagen (Thema: Grippe)\n41. Markiere alle Tunw\u00f6rter (Verben) (Text: Grippe)\n42. Markiere alle Nomen (Hauptw\u00f6rter) (Text: Grippe)\n43. Bestimmten Artikel einsetzen und Plural bilden (Grippe)\n44. Gewalt - Sachtext - Lesetraining\n45. Gewalt - Lesetraining - L\u00fcckentext\n46. Gewalt - Ein Wort zu viel - Lesetraining\n47. Verbinde die Satzanf\u00e4nge - Gewalt\n48. Bewerte die folgenden Aussagen (Thema: Gewalt)\n49. Markiere alle Tunw\u00f6rter (Verben) (Text: Gewalt)\n50. Markiere alle Nomen (Hauptw\u00f6rter) (Text: Gewalt)","hide_numbers":true,"flyer":null,"info_columns":null},"_links":{"self":[{"href":"https:\/\/www.medienlb.com\/en\/wp-json\/wp\/v2\/product\/22677","targetHints":{"allow":["GET"]}}],"collection":[{"href":"https:\/\/www.medienlb.com\/en\/wp-json\/wp\/v2\/product"}],"about":[{"href":"https:\/\/www.medienlb.com\/en\/wp-json\/wp\/v2\/types\/product"}],"wp:featuredmedia":[{"embeddable":true,"href":"https:\/\/www.medienlb.com\/en\/wp-json\/wp\/v2\/media\/18133"}],"wp:attachment":[{"href":"https:\/\/www.medienlb.com\/en\/wp-json\/wp\/v2\/media?parent=22677"}],"wp:term":[{"taxonomy":"product_brand","embeddable":true,"href":"https:\/\/www.medienlb.com\/en\/wp-json\/wp\/v2\/product_brand?post=22677"},{"taxonomy":"product_cat","embeddable":true,"href":"https:\/\/www.medienlb.com\/en\/wp-json\/wp\/v2\/product_cat?post=22677"},{"taxonomy":"product_tag","embeddable":true,"href":"https:\/\/www.medienlb.com\/en\/wp-json\/wp\/v2\/product_tag?post=22677"}],"curies":[{"name":"wp","href":"https:\/\/api.w.org\/{rel}","templated":true}]}}