{"id":22674,"date":"2023-12-12T14:42:54","date_gmt":"2023-12-12T14:42:54","guid":{"rendered":"https:\/\/www.medienlb.com\/produkt\/lesetraining-3-4-vol-9\/"},"modified":"2024-02-14T15:07:05","modified_gmt":"2024-02-14T15:07:05","slug":"lesetraining-3-4-vol-9","status":"publish","type":"product","link":"https:\/\/www.medienlb.com\/en\/produkt\/lesetraining-3-4-vol-9\/","title":{"rendered":"Lesetraining 3.\/4., Vol. 9"},"content":{"rendered":"<p>In unserem Arbeitsheft K\u00f6rper &amp; Gesundheit &#8211; Lesetraining 3.\/4., Vol. 9 finden Sie 50 interaktive und didaktisch aufbereitete Aufgaben.<\/p>\n<p>Das Medium bietet H5P-Aufgaben an, die ohne zus\u00e4tzliche Software verwendbar sind. Das Medium enth\u00e4lt interaktive Videos und 50 H5P-Aufgaben zum Thema K\u00f6rper &amp; Gesundheit.\u00a0<br \/>\nDurch interaktive Aufgabentypen wird das audiovisuelle und interaktive Lernen einfach.<br \/>\nLernen macht jetzt Spa\u00df!<\/p>\n","protected":false},"excerpt":{"rendered":"<p>In unserem Arbeitsheft K\u00f6rper &amp; Gesundheit &#8211; Lesetraining 3.\/4., Vol. 9 finden Sie 50 interaktive und didaktisch aufbereitete Aufgaben.<\/p>\n","protected":false},"featured_media":18140,"template":"","meta":{"_acf_changed":false},"product_brand":[],"product_cat":[183],"product_tag":[155,98,130],"class_list":{"0":"post-22674","1":"product","2":"type-product","3":"status-publish","4":"has-post-thumbnail","6":"product_cat-interactive-workbook","7":"product_tag-old_image-2","8":"product_tag-subject-primary-school","9":"product_tag-target-gru-2","11":"first","12":"instock","13":"taxable","14":"shipping-taxable","15":"purchasable","16":"product-type-variable"},"acf":{"subtitle":"","article_id":"55505308","languages":"DE","thumb_up":false,"cover_image":null,"linked_product":null,"linked_products":null,"banner":{"show":false,"text":"","color":""},"length":"","content_movie":"","learning_goals":"","preview_gif":null,"trailer":{"file":null,"url":"","image":null},"mediathek_id":"","amount":50,"demo_url":"","h5p_demo_id":"","content_interactive":"1. G\u00e4hnen - Sachtext - Lesetraining\n2. G\u00e4hnen - Lesetraining - L\u00fcckentext\n3. G\u00e4hnen - Ein Wort zu viel - Lesetraining\n4. Verbinde die Satzanf\u00e4nge - G\u00e4hnen\n5. Bewerte die folgenden Aussagen (Thema: G\u00e4hnen)\n6. Markiere alle Tunw\u00f6rter (Verben) (Text: G\u00e4hnen)\n7. Markiere alle Nomen (Hauptw\u00f6rter) (Text: G\u00e4hnen)\n8. Galle - Sachtext - Lesetraining\n9. Galle - Lesetraining - L\u00fcckentext\n10. Galle - Ein Wort zu viel - Lesetraining\n11. Verbinde die Satzanf\u00e4nge - Galle\n12. Bewerte die folgenden Aussagen (Thema: Galle)\n13. Markiere alle Tunw\u00f6rter (Verben) (Text: Galle)\n14. Markiere alle Nomen (Hauptw\u00f6rter) (Text: Galle)\n15. G\u00e4nsehaut - Sachtext - Lesetraining\n16. G\u00e4nsehaut - Lesetraining - L\u00fcckentext\n17. G\u00e4nsehaut - Ein Wort zu viel - Lesetraining\n18. Verbinde die Satzanf\u00e4nge - G\u00e4nsehaut\n19. Bewerte die folgenden Aussagen (Thema: G\u00e4nsehaut)\n20. Markiere alle Tunw\u00f6rter (Verben) (Text: G\u00e4nsehaut)\n21. Markiere alle Nomen (Hauptw\u00f6rter) (Text: G\u00e4nsehaut)\n22. Geburt - Sachtext - Lesetraining\n23. Geburt - Lesetraining - L\u00fcckentext\n24. Geburt - Ein Wort zu viel - Lesetraining\n25. Verbinde die Satzanf\u00e4nge - Geburt\n26. Bewerte die folgenden Aussagen (Thema: Geburt)\n27. Markiere alle Tunw\u00f6rter (Verben) (Text: Geburt)\n28. Markiere alle Nomen (Hauptw\u00f6rter) (Text: Geburt)\n29. Bestimmten Artikel einsetzen und Plural bilden (Geburt)\n30. Ged\u00e4chtnis - Sachtext - Lesetraining\n31. Ged\u00e4chtnis - Lesetraining - L\u00fcckentext\n32. Ged\u00e4chtnis - Ein Wort zu viel - Lesetraining\n33. Verbinde die Satzanf\u00e4nge - Ged\u00e4chtnis\n34. Bewerte die folgenden Aussagen (Thema: Ged\u00e4chtnis)\n35. Markiere alle Tunw\u00f6rter (Verben) (Text: Ged\u00e4chtnis)\n36. Markiere alle Nomen (Hauptw\u00f6rter) (Text: Ged\u00e4chtnis)\n37. Gef\u00fchl - Sachtext - Lesetraining\n38. Gef\u00fchl - Lesetraining - L\u00fcckentext\n39. Gef\u00fchl - Ein Wort zu viel - Lesetraining\n40. Verbinde die Satzanf\u00e4nge - Gef\u00fchl\n41. Bewerte die folgenden Aussagen (Thema: Gef\u00fchl)\n42. Markiere alle Tunw\u00f6rter (Verben) (Text: Gef\u00fchl)\n43. Markiere alle Nomen (Hauptw\u00f6rter) (Text: Gef\u00fchl)\n44. Gehirn - Sachtext - Lesetraining\n45. Gehirn - Lesetraining - L\u00fcckentext\n46. Gehirn - Ein Wort zu viel - Lesetraining\n47. Verbinde die Satzanf\u00e4nge - Gehirn\n48. Bewerte die folgenden Aussagen (Thema: Gehirn)\n49. Markiere alle Tunw\u00f6rter (Verben) (Text: Gehirn)\n50. Markiere alle Nomen (Hauptw\u00f6rter) (Text: Gehirn)","hide_numbers":true,"flyer":null,"info_columns":null},"_links":{"self":[{"href":"https:\/\/www.medienlb.com\/en\/wp-json\/wp\/v2\/product\/22674","targetHints":{"allow":["GET"]}}],"collection":[{"href":"https:\/\/www.medienlb.com\/en\/wp-json\/wp\/v2\/product"}],"about":[{"href":"https:\/\/www.medienlb.com\/en\/wp-json\/wp\/v2\/types\/product"}],"wp:featuredmedia":[{"embeddable":true,"href":"https:\/\/www.medienlb.com\/en\/wp-json\/wp\/v2\/media\/18140"}],"wp:attachment":[{"href":"https:\/\/www.medienlb.com\/en\/wp-json\/wp\/v2\/media?parent=22674"}],"wp:term":[{"taxonomy":"product_brand","embeddable":true,"href":"https:\/\/www.medienlb.com\/en\/wp-json\/wp\/v2\/product_brand?post=22674"},{"taxonomy":"product_cat","embeddable":true,"href":"https:\/\/www.medienlb.com\/en\/wp-json\/wp\/v2\/product_cat?post=22674"},{"taxonomy":"product_tag","embeddable":true,"href":"https:\/\/www.medienlb.com\/en\/wp-json\/wp\/v2\/product_tag?post=22674"}],"curies":[{"name":"wp","href":"https:\/\/api.w.org\/{rel}","templated":true}]}}