{"id":22671,"date":"2023-12-12T14:42:59","date_gmt":"2023-12-12T14:42:59","guid":{"rendered":"https:\/\/www.medienlb.com\/produkt\/lesetraining-3-4-vol-8\/"},"modified":"2024-02-14T15:07:02","modified_gmt":"2024-02-14T15:07:02","slug":"lesetraining-3-4-vol-8","status":"publish","type":"product","link":"https:\/\/www.medienlb.com\/en\/produkt\/lesetraining-3-4-vol-8\/","title":{"rendered":"Lesetraining 3.\/4., Vol. 8"},"content":{"rendered":"<p>In unserem Arbeitsheft K\u00f6rper &amp; Gesundheit &#8211; Lesetraining 3.\/4., Vol. 8 finden Sie 50 interaktive und didaktisch aufbereitete Aufgaben.<\/p>\n<p>Das Medium bietet H5P-Aufgaben an, die ohne zus\u00e4tzliche Software verwendbar sind. Das Medium enth\u00e4lt interaktive Videos und 50 H5P-Aufgaben zum Thema K\u00f6rper &amp; Gesundheit.\u00a0<br \/>\nDurch interaktive Aufgabentypen wird das audiovisuelle und interaktive Lernen einfach.<br \/>\nLernen macht jetzt Spa\u00df!<\/p>\n","protected":false},"excerpt":{"rendered":"<p>In unserem Arbeitsheft K\u00f6rper &amp; Gesundheit &#8211; Lesetraining 3.\/4., Vol. 8 finden Sie 50 interaktive und didaktisch aufbereitete Aufgaben.<\/p>\n","protected":false},"featured_media":18147,"template":"","meta":{"_acf_changed":false},"product_brand":[],"product_cat":[183],"product_tag":[155,98,130],"class_list":{"0":"post-22671","1":"product","2":"type-product","3":"status-publish","4":"has-post-thumbnail","6":"product_cat-interactive-workbook","7":"product_tag-old_image-2","8":"product_tag-subject-primary-school","9":"product_tag-target-gru-2","11":"first","12":"instock","13":"taxable","14":"shipping-taxable","15":"purchasable","16":"product-type-variable"},"acf":{"subtitle":"","article_id":"55505307","languages":"DE","thumb_up":false,"cover_image":null,"linked_product":null,"linked_products":null,"banner":{"show":false,"text":"","color":""},"length":"","content_movie":"","learning_goals":"","preview_gif":null,"trailer":{"file":null,"url":"","image":null},"mediathek_id":"","amount":50,"demo_url":"","h5p_demo_id":"","content_interactive":"1. Erste Hilfe - Sachtext - Lesetraining\n2. Erste Hilfe - Lesetraining - L\u00fcckentext\n3. Erste Hilfe - Ein Wort zu viel - Lesetraining\n4. Verbinde die Satzanf\u00e4nge - Erste Hilfe\n5. Bewerte die folgenden Aussagen (Thema: Erste Hilfe)\n6. Markiere alle Tunw\u00f6rter (Verben) (Text: Erste Hilfe)\n7. Markiere alle Nomen (Hauptw\u00f6rter) (Text: Erste Hilfe)\n8. Fasten - Sachtext - Lesetraining\n9. Fasten - Lesetraining - L\u00fcckentext\n10. Fasten - Ein Wort zu viel - Lesetraining\n11. Verbinde die Satzanf\u00e4nge - Fasten\n12. Bewerte die folgenden Aussagen (Thema: Fasten)\n13. Markiere alle Tunw\u00f6rter (Verben) (Text: Fasten)\n14. Markiere alle Nomen (Hauptw\u00f6rter) (Text: Fasten)\n15. Fettleibigkeit - Sachtext - Lesetraining\n16. Fettleibigkeit - Lesetraining - L\u00fcckentext\n17. Fettleibigkeit - Ein Wort zu viel - Lesetraining\n18. Verbinde die Satzanf\u00e4nge - Fettleibigkeit\n19. Bewerte die folgenden Aussagen (Thema: Fettleibigkeit)\n20. Markiere alle Tunw\u00f6rter (Verben) (Text: Fettleibigkeit)\n21. Markiere alle Nomen (Hauptw\u00f6rter) (Text: Fettleibigkeit)\n22. Fieber - Sachtext - Lesetraining\n23. Fieber - Lesetraining - L\u00fcckentext\n24. Fieber - Ein Wort zu viel - Lesetraining\n25. Verbinde die Satzanf\u00e4nge - Fieber\n26. Bewerte die folgenden Aussagen (Thema: Fieber)\n27. Markiere alle Tunw\u00f6rter (Verben) (Text: Fieber)\n28. Markiere alle Nomen (Hauptw\u00f6rter) (Text: Fieber)\n29. Bestimmten Artikel einsetzen und Plural bilden (Fieber)\n30. Finger - Sachtext - Lesetraining\n31. Finger - Lesetraining - L\u00fcckentext\n32. Finger - Ein Wort zu viel - Lesetraining\n33. Verbinde die Satzanf\u00e4nge - Finger\n34. Bewerte die folgenden Aussagen (Thema: Finger)\n35. Markiere alle Tunw\u00f6rter (Verben) (Text: Finger)\n36. Markiere alle Nomen (Hauptw\u00f6rter) (Text: Finger)\n37. Fortpflanzung - Sachtext - Lesetraining\n38. Fortpflanzung - Lesetraining - L\u00fcckentext\n39. Fortpflanzung - Ein Wort zu viel - Lesetraining\n40. Verbinde die Satzanf\u00e4nge - Fortpflanzung\n41. Bewerte die folgenden Aussagen (Thema: Fortpflanzung)\n42. Markiere alle Tunw\u00f6rter (Verben) (Text: Fortpflanzung)\n43. Markiere alle Nomen (Hauptw\u00f6rter) (Text: Fortpflanzung)\n44. F\u00f6tus - Sachtext - Lesetraining\n45. F\u00f6tus - Lesetraining - L\u00fcckentext\n46. F\u00f6tus - Ein Wort zu viel - Lesetraining\n47. Verbinde die Satzanf\u00e4nge - F\u00f6tus\n48. Bewerte die folgenden Aussagen (Thema: F\u00f6tus)\n49. Markiere alle Tunw\u00f6rter (Verben) (Text: F\u00f6tus)\n50. Markiere alle Nomen (Hauptw\u00f6rter) (Text: F\u00f6tus)","hide_numbers":true,"flyer":null,"info_columns":null},"_links":{"self":[{"href":"https:\/\/www.medienlb.com\/en\/wp-json\/wp\/v2\/product\/22671","targetHints":{"allow":["GET"]}}],"collection":[{"href":"https:\/\/www.medienlb.com\/en\/wp-json\/wp\/v2\/product"}],"about":[{"href":"https:\/\/www.medienlb.com\/en\/wp-json\/wp\/v2\/types\/product"}],"wp:featuredmedia":[{"embeddable":true,"href":"https:\/\/www.medienlb.com\/en\/wp-json\/wp\/v2\/media\/18147"}],"wp:attachment":[{"href":"https:\/\/www.medienlb.com\/en\/wp-json\/wp\/v2\/media?parent=22671"}],"wp:term":[{"taxonomy":"product_brand","embeddable":true,"href":"https:\/\/www.medienlb.com\/en\/wp-json\/wp\/v2\/product_brand?post=22671"},{"taxonomy":"product_cat","embeddable":true,"href":"https:\/\/www.medienlb.com\/en\/wp-json\/wp\/v2\/product_cat?post=22671"},{"taxonomy":"product_tag","embeddable":true,"href":"https:\/\/www.medienlb.com\/en\/wp-json\/wp\/v2\/product_tag?post=22671"}],"curies":[{"name":"wp","href":"https:\/\/api.w.org\/{rel}","templated":true}]}}