{"id":22665,"date":"2023-12-12T14:43:08","date_gmt":"2023-12-12T14:43:08","guid":{"rendered":"https:\/\/www.medienlb.com\/produkt\/lesetraining-3-4-vol-6\/"},"modified":"2024-02-14T15:06:54","modified_gmt":"2024-02-14T15:06:54","slug":"lesetraining-3-4-vol-6","status":"publish","type":"product","link":"https:\/\/www.medienlb.com\/en\/produkt\/lesetraining-3-4-vol-6\/","title":{"rendered":"Lesetraining 3.\/4., Vol. 6"},"content":{"rendered":"<p>In unserem Arbeitsheft K\u00f6rper &amp; Gesundheit &#8211; Lesetraining 3.\/4., Vol. 6 finden Sie 50 interaktive und didaktisch aufbereitete Aufgaben.<\/p>\n<p>Das Medium bietet H5P-Aufgaben an, die ohne zus\u00e4tzliche Software verwendbar sind. Das Medium enth\u00e4lt interaktive Videos und 50 H5P-Aufgaben zum Thema K\u00f6rper &amp; Gesundheit.\u00a0<br \/>\nDurch interaktive Aufgabentypen wird das audiovisuelle und interaktive Lernen einfach.<br \/>\nLernen macht jetzt Spa\u00df!<\/p>\n","protected":false},"excerpt":{"rendered":"<p>In unserem Arbeitsheft K\u00f6rper &amp; Gesundheit &#8211; Lesetraining 3.\/4., Vol. 6 finden Sie 50 interaktive und didaktisch aufbereitete Aufgaben.<\/p>\n","protected":false},"featured_media":18161,"template":"","meta":{"_acf_changed":false},"product_brand":[],"product_cat":[183],"product_tag":[155,98,130],"class_list":{"0":"post-22665","1":"product","2":"type-product","3":"status-publish","4":"has-post-thumbnail","6":"product_cat-interactive-workbook","7":"product_tag-old_image-2","8":"product_tag-subject-primary-school","9":"product_tag-target-gru-2","11":"first","12":"instock","13":"taxable","14":"shipping-taxable","15":"purchasable","16":"product-type-variable"},"acf":{"subtitle":"","article_id":"55505305","languages":"DE","thumb_up":false,"cover_image":null,"linked_product":null,"linked_products":null,"banner":{"show":false,"text":"","color":""},"length":"","content_movie":"","learning_goals":"","preview_gif":null,"trailer":{"file":null,"url":"","image":null},"mediathek_id":"","amount":50,"demo_url":"","h5p_demo_id":"","content_interactive":"1. Depression - Sachtext - Lesetraining\n2. Depression - Lesetraining - L\u00fcckentext\n3. Depression - Ein Wort zu viel - Lesetraining\n4. Verbinde die Satzanf\u00e4nge - Depression\n5. Bewerte die folgenden Aussagen (Thema: Depression)\n6. Markiere alle Tunw\u00f6rter (Verben) (Text: Depression)\n7. Markiere alle Nomen (Hauptw\u00f6rter) (Text: Depression)\n8. Diabetes - Sachtext - Lesetraining\n9. Diabetes - Lesetraining - L\u00fcckentext\n10. Diabetes - Ein Wort zu viel - Lesetraining\n11. Verbinde die Satzanf\u00e4nge - Diabetes\n12. Bewerte die folgenden Aussagen (Thema: Diabetes)\n13. Markiere alle Tunw\u00f6rter (Verben) (Text: Diabetes)\n14. Markiere alle Nomen (Hauptw\u00f6rter) (Text: Diabetes)\n15. DNA - Sachtext - Lesetraining\n16. DNA - Lesetraining - L\u00fcckentext\n17. DNA - Ein Wort zu viel - Lesetraining\n18. Verbinde die Satzanf\u00e4nge - DNA\n19. Bewerte die folgenden Aussagen (Thema: DNA)\n20. Markiere alle Tunw\u00f6rter (Verben) (Text: DNA)\n21. Markiere alle Nomen (Hauptw\u00f6rter) (Text: DNA)\n22. Bestimmten Artikel einsetzen und Plural bilden (DNA)\n23. Down-Syndrom - Sachtext - Lesetraining\n24. Down-Syndrom - Lesetraining - L\u00fcckentext\n25. Down-Syndrom - Ein Wort zu viel - Lesetraining\n26. Verbinde die Satzanf\u00e4nge - Down-Syndrom\n27. Bewerte die folgenden Aussagen (Thema: Down-Syndrom)\n28. Markiere alle Tunw\u00f6rter (Verben) (Text: Down-Syndrom)\n29. Markiere alle Nomen (Hauptw\u00f6rter) (Text: Down-Syndrom)\n30. Droge - Sachtext - Lesetraining\n31. Droge - Lesetraining - L\u00fcckentext\n32. Droge - Ein Wort zu viel - Lesetraining\n33. Verbinde die Satzanf\u00e4nge - Droge\n34. Bewerte die folgenden Aussagen (Thema: Droge)\n35. Markiere alle Tunw\u00f6rter (Verben) (Text: Droge)\n36. Markiere alle Nomen (Hauptw\u00f6rter) (Text: Droge)\n37. Ebola - Sachtext - Lesetraining\n38. Ebola - Lesetraining - L\u00fcckentext\n39. Ebola - Ein Wort zu viel - Lesetraining\n40. Verbinde die Satzanf\u00e4nge - Ebola\n41. Bewerte die folgenden Aussagen (Thema: Ebola)\n42. Markiere alle Tunw\u00f6rter (Verben) (Text: Ebola)\n43. Markiere alle Nomen (Hauptw\u00f6rter) (Text: Ebola)\n44. Ei - Sachtext - Lesetraining\n45. Ei - Lesetraining - L\u00fcckentext\n46. Ei - Ein Wort zu viel - Lesetraining\n47. Verbinde die Satzanf\u00e4nge - Ei\n48. Bewerte die folgenden Aussagen (Thema: Ei)\n49. Markiere alle Tunw\u00f6rter (Verben) (Text: Ei)\n50. Markiere alle Nomen (Hauptw\u00f6rter) (Text: Ei)","hide_numbers":true,"flyer":null,"info_columns":null},"_links":{"self":[{"href":"https:\/\/www.medienlb.com\/en\/wp-json\/wp\/v2\/product\/22665","targetHints":{"allow":["GET"]}}],"collection":[{"href":"https:\/\/www.medienlb.com\/en\/wp-json\/wp\/v2\/product"}],"about":[{"href":"https:\/\/www.medienlb.com\/en\/wp-json\/wp\/v2\/types\/product"}],"wp:featuredmedia":[{"embeddable":true,"href":"https:\/\/www.medienlb.com\/en\/wp-json\/wp\/v2\/media\/18161"}],"wp:attachment":[{"href":"https:\/\/www.medienlb.com\/en\/wp-json\/wp\/v2\/media?parent=22665"}],"wp:term":[{"taxonomy":"product_brand","embeddable":true,"href":"https:\/\/www.medienlb.com\/en\/wp-json\/wp\/v2\/product_brand?post=22665"},{"taxonomy":"product_cat","embeddable":true,"href":"https:\/\/www.medienlb.com\/en\/wp-json\/wp\/v2\/product_cat?post=22665"},{"taxonomy":"product_tag","embeddable":true,"href":"https:\/\/www.medienlb.com\/en\/wp-json\/wp\/v2\/product_tag?post=22665"}],"curies":[{"name":"wp","href":"https:\/\/api.w.org\/{rel}","templated":true}]}}