{"id":22659,"date":"2023-12-12T14:43:18","date_gmt":"2023-12-12T14:43:18","guid":{"rendered":"https:\/\/www.medienlb.com\/produkt\/lesetraining-3-4-vol-4\/"},"modified":"2024-02-14T15:06:48","modified_gmt":"2024-02-14T15:06:48","slug":"lesetraining-3-4-vol-4","status":"publish","type":"product","link":"https:\/\/www.medienlb.com\/en\/produkt\/lesetraining-3-4-vol-4\/","title":{"rendered":"Lesetraining 3.\/4., Vol. 4"},"content":{"rendered":"<p>In unserem Arbeitsheft K\u00f6rper &amp; Gesundheit &#8211; Lesetraining 3.\/4., Vol. 4 finden Sie 50 interaktive und didaktisch aufbereitete Aufgaben.<\/p>\n<p>Das Medium bietet H5P-Aufgaben an, die ohne zus\u00e4tzliche Software verwendbar sind. Das Medium enth\u00e4lt interaktive Videos und 50 H5P-Aufgaben zum Thema K\u00f6rper &amp; Gesundheit.\u00a0<br \/>\nDurch interaktive Aufgabentypen wird das audiovisuelle und interaktive Lernen einfach.<br \/>\nLernen macht jetzt Spa\u00df!<\/p>\n","protected":false},"excerpt":{"rendered":"<p>In unserem Arbeitsheft K\u00f6rper &amp; Gesundheit &#8211; Lesetraining 3.\/4., Vol. 4 finden Sie 50 interaktive und didaktisch aufbereitete Aufgaben.<\/p>\n","protected":false},"featured_media":18175,"template":"","meta":{"_acf_changed":false},"product_brand":[],"product_cat":[183],"product_tag":[155,98,130],"class_list":{"0":"post-22659","1":"product","2":"type-product","3":"status-publish","4":"has-post-thumbnail","6":"product_cat-interactive-workbook","7":"product_tag-old_image-2","8":"product_tag-subject-primary-school","9":"product_tag-target-gru-2","11":"first","12":"instock","13":"taxable","14":"shipping-taxable","15":"purchasable","16":"product-type-variable"},"acf":{"subtitle":"","article_id":"55505303","languages":"DE","thumb_up":false,"cover_image":null,"linked_product":null,"linked_products":null,"banner":{"show":false,"text":"","color":""},"length":"","content_movie":"","learning_goals":"","preview_gif":null,"trailer":{"file":null,"url":"","image":null},"mediathek_id":"","amount":50,"demo_url":"","h5p_demo_id":"","content_interactive":"1. Bauchspeicheldr\u00fcse - Sachtext - Lesetraining\n2. Bauchspeicheldr\u00fcse - Lesetraining - L\u00fcckentext\n3. Bauchspeicheldr\u00fcse - Ein Wort zu viel - Lesetraining\n4. Verbinde die Satzanf\u00e4nge - Bauchspeicheldr\u00fcse\n5. Bewerte die folgenden Aussagen (Thema: Bauchspeicheldr\u00fcse)\n6. Markiere alle Tunw\u00f6rter (Verben) (Text: Bauchspeicheldr\u00fcse)\n7. Markiere alle Nomen (Hauptw\u00f6rter) (Text: Bauchspeicheldr\u00fcse)\n8. Behinderung - Sachtext - Lesetraining\n9. Behinderung - Lesetraining - L\u00fcckentext\n10. Behinderung - Ein Wort zu viel - Lesetraining\n11. Verbinde die Satzanf\u00e4nge - Behinderung\n12. Bewerte die folgenden Aussagen (Thema: Behinderung)\n13. Markiere alle Tunw\u00f6rter (Verben) (Text: Behinderung)\n14. Markiere alle Nomen (Hauptw\u00f6rter) (Text: Behinderung)\n15. Bein - Sachtext - Lesetraining\n16. Bein - Lesetraining - L\u00fcckentext\n17. Bein - Ein Wort zu viel - Lesetraining\n18. Verbinde die Satzanf\u00e4nge - Bein\n19. Bewerte die folgenden Aussagen (Thema: Bein)\n20. Markiere alle Tunw\u00f6rter (Verben) (Text: Bein)\n21. Markiere alle Nomen (Hauptw\u00f6rter) (Text: Bein)\n22. Bewusstsein - Sachtext - Lesetraining\n23. Bewusstsein - Lesetraining - L\u00fcckentext\n24. Bewusstsein - Ein Wort zu viel - Lesetraining\n25. Verbinde die Satzanf\u00e4nge - Bewusstsein\n26. Bewerte die folgenden Aussagen (Thema: Bewusstsein)\n27. Markiere alle Tunw\u00f6rter (Verben) (Text: Bewusstsein)\n28. Markiere alle Nomen (Hauptw\u00f6rter) (Text: Bewusstsein)\n29. Blinddarm - Sachtext - Lesetraining\n30. Blinddarm - Lesetraining - L\u00fcckentext\n31. Blinddarm - Ein Wort zu viel - Lesetraining\n32. Verbinde die Satzanf\u00e4nge - Blinddarm\n33. Bewerte die folgenden Aussagen (Thema: Blinddarm)\n34. Markiere alle Tunw\u00f6rter (Verben) (Text: Blinddarm)\n35. Markiere alle Nomen (Hauptw\u00f6rter) (Text: Blinddarm)\n36. Blindheit - Sachtext - Lesetraining\n37. Blindheit - Lesetraining - L\u00fcckentext\n38. Blindheit - Ein Wort zu viel - Lesetraining\n39. Verbinde die Satzanf\u00e4nge - Blindheit\n40. Bewerte die folgenden Aussagen (Thema: Blindheit)\n41. Markiere alle Tunw\u00f6rter (Verben) (Text: Blindheit)\n42. Markiere alle Nomen (Hauptw\u00f6rter) (Text: Blindheit)\n43. Blut - Sachtext - Lesetraining\n44. Blut - Lesetraining - L\u00fcckentext\n45. Blut - Ein Wort zu viel - Lesetraining\n46. Verbinde die Satzanf\u00e4nge - Blut\n47. Bewerte die folgenden Aussagen (Thema: Blut)\n48. Markiere alle Tunw\u00f6rter (Verben) (Text: Blut)\n49. Markiere alle Nomen (Hauptw\u00f6rter) (Text: Blut)\n50. Bestimmten Artikel einsetzen und Plural bilden (Blut)","hide_numbers":true,"flyer":null,"info_columns":null},"_links":{"self":[{"href":"https:\/\/www.medienlb.com\/en\/wp-json\/wp\/v2\/product\/22659","targetHints":{"allow":["GET"]}}],"collection":[{"href":"https:\/\/www.medienlb.com\/en\/wp-json\/wp\/v2\/product"}],"about":[{"href":"https:\/\/www.medienlb.com\/en\/wp-json\/wp\/v2\/types\/product"}],"wp:featuredmedia":[{"embeddable":true,"href":"https:\/\/www.medienlb.com\/en\/wp-json\/wp\/v2\/media\/18175"}],"wp:attachment":[{"href":"https:\/\/www.medienlb.com\/en\/wp-json\/wp\/v2\/media?parent=22659"}],"wp:term":[{"taxonomy":"product_brand","embeddable":true,"href":"https:\/\/www.medienlb.com\/en\/wp-json\/wp\/v2\/product_brand?post=22659"},{"taxonomy":"product_cat","embeddable":true,"href":"https:\/\/www.medienlb.com\/en\/wp-json\/wp\/v2\/product_cat?post=22659"},{"taxonomy":"product_tag","embeddable":true,"href":"https:\/\/www.medienlb.com\/en\/wp-json\/wp\/v2\/product_tag?post=22659"}],"curies":[{"name":"wp","href":"https:\/\/api.w.org\/{rel}","templated":true}]}}